{"id":9796,"date":"2022-12-31T14:53:03","date_gmt":"2022-12-31T13:53:03","guid":{"rendered":"https:\/\/nordicknittingsociety.com\/?post_type=product&#038;p=9796"},"modified":"2023-05-13T12:16:33","modified_gmt":"2023-05-13T10:16:33","slug":"snowfall-socks","status":"publish","type":"product","link":"https:\/\/nordicknittingsociety.com\/sv\/produkt\/snowfall-socks\/","title":{"rendered":"Snowfall Socks"},"content":{"rendered":"<p><strong>Snowfall socks Garnf\u00f6rslag<\/strong><br \/>\nSockgarn med en l\u00f6pl\u00e4ngd p\u00e5 ungef\u00e4r 260 m \/100 gram.<br \/>\nGarn som anv\u00e4nds h\u00e4r \u00e4r Novita Nalle och J\u00e4rbo Mellanraggi, 75% superwash ull, 25% polyamid, 260 m \/ 100 g.<br \/>\nGarn A: Mellanraggi f\u00e4rg 28211 light grey<br \/>\nGarn B: Nalle f\u00e4rg 011 vit<br \/>\nGarn C: Nalle f\u00e4rg 044 grafitgr\u00e5<\/p>\n<p><strong>Stickfasthet<br \/>\n<\/strong>27 m x 30 varv = 10 cm i flerf\u00e4rgsstickning runt p\u00e5 sticka 3,5 mm.<br \/>\nAnv\u00e4nd alltid den stickstorlek du beh\u00f6ver f\u00f6r att uppn\u00e5 den angivna stickfastheten.<br \/>\n<strong>Stickor\u00a0<\/strong><br \/>\nStrumpstickor: 3,0 mm och 3,5 mm<\/p>\n","protected":false},"excerpt":{"rendered":"<p>Annelie Verbrugge har designat de mest bed\u00e5rande julinspirerande sockorna f\u00f6r Nordic Knitting Society.<\/p>\n<p>\u00c4r du nyfiken p\u00e5 fler av Annelies m\u00f6nster hittar du det p\u00e5 hennes Instagram som @Powerofwool<\/p>\n<p>Decembers socka heter Snowfall Socks \u2013 h\u00e4r kan du dr\u00f6mma dig bort till frostiga morgnar framf\u00f6r vedspisen. G\u00f6r dig redo f\u00f6r vinters\u00e4songen med ett par snabb-stickade sockar med tv\u00e5f\u00e4rgad mudd, flerf\u00e4rgsstickning och n\u00e5gra lyfta maskor. Sockorna stickas uppifr\u00e5n och ner i ett mellantjockt sockgarn och de blir extra<br \/>\nvarma tack vare flerf\u00e4rgsstickningen i b\u00e5de skaft och fot. Jag \u00f6nskar dig en varm vinter! S\u00e5 beskriver Annelie de vackra sockorna.<\/p>\n<p>Beskrivningen ges i tre olika vidder och fem fotl\u00e4ngder f\u00f6r att passa m\u00e5nga olika storlekar.<\/p>\n","protected":false},"featured_media":9027,"template":"","meta":{"_et_pb_use_builder":"","_et_pb_old_content":"","_et_gb_content_width":"","_coblocks_attr":"","_coblocks_dimensions":"","_coblocks_responsive_height":"","_coblocks_accordion_ie_support":"","_crdt_document":"","om_disable_all_campaigns":false,"_monsterinsights_skip_tracking":false,"_monsterinsights_sitenote_active":false,"_monsterinsights_sitenote_note":"","_monsterinsights_sitenote_category":0,"jetpack_publicize_message":"","jetpack_publicize_feature_enabled":true,"jetpack_social_post_already_shared":true,"jetpack_social_options":{"image_generator_settings":{"template":"highway","default_image_id":0,"font":"","enabled":false},"version":2},"_wpas_customize_per_network":false},"product_brand":[],"product_cat":[1372486,1372345,1372619,1372459,1372346,1372436],"product_tag":[],"class_list":{"0":"post-9796","1":"product","2":"type-product","3":"status-publish","4":"has-post-thumbnail","6":"product_cat-annelie-verbrugge","7":"product_cat-monster","8":"product_cat-nks-shop","9":"product_cat-sockklubben","10":"product_cat-sockor","11":"product_cat-socks","12":"member-discount","13":"discount-restricted","15":"first","16":"instock","17":"downloadable","18":"taxable","19":"shipping-taxable","20":"purchasable","21":"product-type-simple"},"aioseo_notices":[],"jetpack_publicize_connections":[],"jetpack_sharing_enabled":true,"_links":{"self":[{"href":"https:\/\/nordicknittingsociety.com\/sv\/wp-json\/wp\/v2\/product\/9796","targetHints":{"allow":["GET"]}}],"collection":[{"href":"https:\/\/nordicknittingsociety.com\/sv\/wp-json\/wp\/v2\/product"}],"about":[{"href":"https:\/\/nordicknittingsociety.com\/sv\/wp-json\/wp\/v2\/types\/product"}],"wp:featuredmedia":[{"embeddable":true,"href":"https:\/\/nordicknittingsociety.com\/sv\/wp-json\/wp\/v2\/media\/9027"}],"wp:attachment":[{"href":"https:\/\/nordicknittingsociety.com\/sv\/wp-json\/wp\/v2\/media?parent=9796"}],"wp:term":[{"taxonomy":"product_brand","embeddable":true,"href":"https:\/\/nordicknittingsociety.com\/sv\/wp-json\/wp\/v2\/product_brand?post=9796"},{"taxonomy":"product_cat","embeddable":true,"href":"https:\/\/nordicknittingsociety.com\/sv\/wp-json\/wp\/v2\/product_cat?post=9796"},{"taxonomy":"product_tag","embeddable":true,"href":"https:\/\/nordicknittingsociety.com\/sv\/wp-json\/wp\/v2\/product_tag?post=9796"}],"curies":[{"name":"wp","href":"https:\/\/api.w.org\/{rel}","templated":true}]}}