{"id":9793,"date":"2022-12-31T14:53:39","date_gmt":"2022-12-31T13:53:39","guid":{"rendered":"https:\/\/nordicknittingsociety.com\/?post_type=product&#038;p=9793"},"modified":"2023-07-31T22:52:53","modified_gmt":"2023-07-31T20:52:53","slug":"bollfrans-sjal","status":"publish","type":"product","link":"https:\/\/nordicknittingsociety.com\/sv\/produkt\/bollfrans-sjal\/","title":{"rendered":"Bollfrans sjal"},"content":{"rendered":"<p><strong>Storlekar<br \/>\n<\/strong>En storlek, men kommer variera beroende p\u00e5 vilket garn du anv\u00e4nder, samt storlek p\u00e5 stickorna. Storleken p\u00e5 Marias blockade sjal \u00e4r 2 x 95 cm. Det \u00e4r lite sv\u00e5rt att m\u00e4ta rakt \u00f6ver d\u00e5 den blockas i en V-form.<\/p>\n<p><strong>Stickfasthet<br \/>\n<\/strong>Stickfasthet \u00e4r inte s\u00e5 viktigt f\u00f6r en sjal, men denna har\u00a0 22m p\u00e5 10cm r\u00e4tstickning f\u00f6re blockning.<\/p>\n<p><strong>Rekommenderat garn<br \/>\n<\/strong>Cheeky Merino Joy fr\u00e5n Organic Knitters<\/p>\n<p><strong>Garn\u00e5tg\u00e5ng:<\/strong><br \/>\nF\u00e4rg 1, 60gr<br \/>\nF\u00e4rg 2, 50gr<br \/>\nF\u00e4rg 3, 50gr<\/p>\n<p><strong>Stickor\u00a0<\/strong><br \/>\nStickor: 4mm<\/p>\n","protected":false},"excerpt":{"rendered":"<p>I detta m\u00f6nster tar vi fasta p\u00e5 det enkla, det rogivande stickandet, maska f\u00f6r maska, rilla f\u00f6r rilla v\u00e4xer denna vackra och v\u00e4rmande sjal fram.\u00a0V\u00e5r sjaldrottning Maria @garnomera Samuelsson har designat Bollfrans och m\u00f6nstret var m\u00e5nadens m\u00f6nster i december 2022.<\/p>\n<p>\u201cJag minns k\u00f6ksgardinen i sommarstugan fr\u00e5n n\u00e4r jag var barn, d\u00e4r h\u00e4ngde en gardin med Bollfrans<br \/>\noch alla pluppar l\u00e4ngs sjalens avslutning p\u00e5minner mig om den\u201d s\u00e4ger Maria n\u00e4r hon beskriver sjalen Bollfrans.<\/p>\n<p><strong>Vill du dela dina bilder p\u00e5 sociala medier?<\/strong><br \/>\nTagga g\u00e4rna dina bilder med #sjalenbollfrans och #Nordicknittingsociety s\u00e5 kan vi hitta varandras bilder och bli inspirerade!<\/p>\n<p>Mycket stickn\u00f6je \u00f6nskar Maria och Nordic Knitting Society \u2764<\/p>\n","protected":false},"featured_media":9019,"template":"","meta":{"_et_pb_use_builder":"","_et_pb_old_content":"","_et_gb_content_width":"","_coblocks_attr":"","_coblocks_dimensions":"","_coblocks_responsive_height":"","_coblocks_accordion_ie_support":"","_crdt_document":"","om_disable_all_campaigns":false,"_monsterinsights_skip_tracking":false,"_monsterinsights_sitenote_active":false,"_monsterinsights_sitenote_note":"","_monsterinsights_sitenote_category":0,"jetpack_publicize_message":"","jetpack_publicize_feature_enabled":true,"jetpack_social_post_already_shared":true,"jetpack_social_options":{"image_generator_settings":{"template":"highway","default_image_id":0,"font":"","enabled":false},"version":2},"_wpas_customize_per_network":false},"product_brand":[],"product_cat":[1372507,1372641,1372345,1372619,1372477,1372426],"product_tag":[],"class_list":{"0":"post-9793","1":"product","2":"type-product","3":"status-publish","4":"has-post-thumbnail","6":"product_cat-maria-samuelsson","7":"product_cat-manadens-monster","8":"product_cat-monster","9":"product_cat-nks-shop","10":"product_cat-shawl-monster","11":"product_cat-sjal","12":"member-discount","13":"discount-restricted","15":"first","16":"instock","17":"downloadable","18":"taxable","19":"shipping-taxable","20":"purchasable","21":"product-type-simple"},"aioseo_notices":[],"jetpack_publicize_connections":[],"jetpack_sharing_enabled":true,"_links":{"self":[{"href":"https:\/\/nordicknittingsociety.com\/sv\/wp-json\/wp\/v2\/product\/9793","targetHints":{"allow":["GET"]}}],"collection":[{"href":"https:\/\/nordicknittingsociety.com\/sv\/wp-json\/wp\/v2\/product"}],"about":[{"href":"https:\/\/nordicknittingsociety.com\/sv\/wp-json\/wp\/v2\/types\/product"}],"wp:featuredmedia":[{"embeddable":true,"href":"https:\/\/nordicknittingsociety.com\/sv\/wp-json\/wp\/v2\/media\/9019"}],"wp:attachment":[{"href":"https:\/\/nordicknittingsociety.com\/sv\/wp-json\/wp\/v2\/media?parent=9793"}],"wp:term":[{"taxonomy":"product_brand","embeddable":true,"href":"https:\/\/nordicknittingsociety.com\/sv\/wp-json\/wp\/v2\/product_brand?post=9793"},{"taxonomy":"product_cat","embeddable":true,"href":"https:\/\/nordicknittingsociety.com\/sv\/wp-json\/wp\/v2\/product_cat?post=9793"},{"taxonomy":"product_tag","embeddable":true,"href":"https:\/\/nordicknittingsociety.com\/sv\/wp-json\/wp\/v2\/product_tag?post=9793"}],"curies":[{"name":"wp","href":"https:\/\/api.w.org\/{rel}","templated":true}]}}