{"id":9161,"date":"2022-11-30T21:51:04","date_gmt":"2022-11-30T20:51:04","guid":{"rendered":"https:\/\/nordicknittingsociety.com\/?post_type=product&#038;p=9161"},"modified":"2023-05-06T10:44:46","modified_gmt":"2023-05-06T08:44:46","slug":"november-mist-socks","status":"publish","type":"product","link":"https:\/\/nordicknittingsociety.com\/sv\/produkt\/november-mist-socks\/","title":{"rendered":"November Mist Socks"},"content":{"rendered":"<p><strong>Garnf\u00f6rslag<\/strong><br \/>\nTunt sockgarn, ca 400 m \/ 100 g<br \/>\nTill sockarna p\u00e5 bilden har Annelie anv\u00e4nt Emelilyknits handf\u00e4rgat sockgarn, 75% superwash merinoull, 25% nylon, 200 m \/ 50 g, f\u00e4rgst\u00e4llning Shar<\/p>\n<p><strong>Stickfasthet<br \/>\n<\/strong>32 m x 48 varv = 10 cm i sl\u00e4tstickning<\/p>\n<p><strong>Stickor\u00a0<\/strong><br \/>\nstorlek 2,25 mm.<br \/>\nAnv\u00e4nd alltid den stickstorlek du beh\u00f6ver f\u00f6r att uppn\u00e5 den angivna stickfastheten.<\/p>\n<p><strong>Vill du dela dina bilder p\u00e5 sociala medier?<\/strong><br \/>\nTagga g\u00e4rna dina bilder med #novembermistsocks #powerofwoolknitweardesign och #Nordicknittingsociety s\u00e5 kan vi hitta varandras bilder och bli inspirerade!<\/p>\n","protected":false},"excerpt":{"rendered":"<p>Detta m\u00f6nster har varit Novembers socka i sockklubben, de heter November Mist Socks och stickas uppifr\u00e5n och ner med en traditionell h\u00e4llapp och kil. P\u00e5 framsidan l\u00f6per en panel av tv\u00e5 fl\u00e4tor och ett pilspetsliknande m\u00f6nster hela v\u00e4gen ner till t\u00e5n, s\u00e4ger Annelie om November Mist socks.<\/p>\n<p>Beskrivningen ges i tre olika vidder och fem fotl\u00e4ngder f\u00f6r att passa m\u00e5nga olika storlekar. De h\u00e4r sockorna g\u00e5r fort att sticka eftersom du snabbt l\u00e4r dig m\u00f6nsterrapporten och bara vill sticka ett varv till, och ett till\u2026!<\/p>\n<p>\u00c4r du nyfiken p\u00e5 fler av Annelies m\u00f6nster hittar du det p\u00e5 hennes Instagram som @Powerofwool<\/p>\n","protected":false},"featured_media":8150,"template":"","meta":{"_et_pb_use_builder":"","_et_pb_old_content":"","_et_gb_content_width":"","_coblocks_attr":"","_coblocks_dimensions":"","_coblocks_responsive_height":"","_coblocks_accordion_ie_support":"","_crdt_document":"","om_disable_all_campaigns":false,"_monsterinsights_skip_tracking":false,"_monsterinsights_sitenote_active":false,"_monsterinsights_sitenote_note":"","_monsterinsights_sitenote_category":0,"jetpack_publicize_message":"","jetpack_publicize_feature_enabled":true,"jetpack_social_post_already_shared":true,"jetpack_social_options":{"image_generator_settings":{"template":"highway","default_image_id":0,"font":"","enabled":false},"version":2},"_wpas_customize_per_network":false},"product_brand":[],"product_cat":[1372486,1372345,1372619,1372459,1372346,1372436],"product_tag":[],"class_list":{"0":"post-9161","1":"product","2":"type-product","3":"status-publish","4":"has-post-thumbnail","6":"product_cat-annelie-verbrugge","7":"product_cat-monster","8":"product_cat-nks-shop","9":"product_cat-sockklubben","10":"product_cat-sockor","11":"product_cat-socks","12":"member-discount","13":"discount-restricted","15":"first","16":"instock","17":"downloadable","18":"taxable","19":"shipping-taxable","20":"purchasable","21":"product-type-simple"},"aioseo_notices":[],"jetpack_publicize_connections":[],"jetpack_sharing_enabled":true,"_links":{"self":[{"href":"https:\/\/nordicknittingsociety.com\/sv\/wp-json\/wp\/v2\/product\/9161","targetHints":{"allow":["GET"]}}],"collection":[{"href":"https:\/\/nordicknittingsociety.com\/sv\/wp-json\/wp\/v2\/product"}],"about":[{"href":"https:\/\/nordicknittingsociety.com\/sv\/wp-json\/wp\/v2\/types\/product"}],"wp:featuredmedia":[{"embeddable":true,"href":"https:\/\/nordicknittingsociety.com\/sv\/wp-json\/wp\/v2\/media\/8150"}],"wp:attachment":[{"href":"https:\/\/nordicknittingsociety.com\/sv\/wp-json\/wp\/v2\/media?parent=9161"}],"wp:term":[{"taxonomy":"product_brand","embeddable":true,"href":"https:\/\/nordicknittingsociety.com\/sv\/wp-json\/wp\/v2\/product_brand?post=9161"},{"taxonomy":"product_cat","embeddable":true,"href":"https:\/\/nordicknittingsociety.com\/sv\/wp-json\/wp\/v2\/product_cat?post=9161"},{"taxonomy":"product_tag","embeddable":true,"href":"https:\/\/nordicknittingsociety.com\/sv\/wp-json\/wp\/v2\/product_tag?post=9161"}],"curies":[{"name":"wp","href":"https:\/\/api.w.org\/{rel}","templated":true}]}}