{"id":5980,"date":"2022-07-31T22:44:11","date_gmt":"2022-07-31T20:44:11","guid":{"rendered":"https:\/\/nordicknittingsociety.com\/?post_type=product&#038;p=5980"},"modified":"2023-05-06T13:58:26","modified_gmt":"2023-05-06T11:58:26","slug":"vesterbycrea-no30","status":"publish","type":"product","link":"https:\/\/nordicknittingsociety.com\/sv\/produkt\/vesterbycrea-no30\/","title":{"rendered":"VesterbyCrea No30"},"content":{"rendered":"<p>Tr\u00f6jan finns i sex storlekar XS \u2013 XXL dvs 6 storlekar, med ett bystm\u00e5tt upp till 126 cm.<br \/>\nTr\u00f6jan stickas med en relativt tajt passform.<br \/>\nDet g\u00e5r \u00e5t fr\u00e5n 400 gram till 550 gram beroende p\u00e5 storlek.<br \/>\nM\u00f6nstret finns p\u00e5 inte mindre \u00e4n fyra spr\u00e5k, svenska, engelska, danska och norska!<\/p>\n<p><strong>Rekommenderat garn:<br \/>\n<\/strong>I modellen p\u00e5 bilden har Thea anv\u00e4nt garnet SILLA, \u2013 40% merino wool, 40% alpaca, 20% silk.<br \/>\nSILLA kommer fr\u00e5n CleoGarn och \u00a0har en str\u00e4ckning p\u00e5 230 m \/ 100 gr.<br \/>\nStickfastheten i sl\u00e4tstickning med 1 tr\u00e5d Merino p\u00e5 st 4 mm 24 m \/ 30 v per 10 x 10 cm.<br \/>\nDu kan givetvis sticka tr\u00f6jan i ett annat garn med samma str\u00e4ckning\/100 m.<br \/>\nDyk in i ditt garnlager och se vad du kan hitta!<\/p>\n","protected":false},"excerpt":{"rendered":"<p>Thea Vesterbys underbara tr\u00f6ja, VesterbyCrea.No.30 var m\u00e5nadens m\u00f6nster under juli 2022.\u00a0 Nu finns m\u00f6nstret tillg\u00e4ngligt att k\u00f6pa i v\u00e5r butik.<br \/>\n\u2013 Den \u00e4r V-ringad och stickas med strukturm\u00f6nster och raglan\u00f6kningar, modellen stickas uppifr\u00e5n och ner, f\u00f6r att du ska kunna prova den under tiden du stickar, s\u00e4ger Thea.<br \/>\n\u2013 Tr\u00f6jan har har ett strukturm\u00f6nster som ser mer komplicerat ut \u00e4n vad det \u00e4r, ger ett vackert tyg p\u00e5 ditt plagg. Var inte r\u00e4dd f\u00f6r att prova, forts\u00e4tter Thea.<\/p>\n<p>F\u00f6r dig som vill testa fler kanske obepr\u00f6vade tekniker f\u00f6resl\u00e5s \u201citaliensk avmaskning\u201d.<br \/>\nKanske det b\u00e4sta av allt? Tr\u00f6ja och \u00e4rmar stickas i ett stycke. Maska av och f\u00e4st tr\u00e5darna, tr\u00f6jan \u00e4r helt monteringsfri.<\/p>\n","protected":false},"featured_media":5272,"template":"","meta":{"_et_pb_use_builder":"","_et_pb_old_content":"","_et_gb_content_width":"","_coblocks_attr":"","_coblocks_dimensions":"","_coblocks_responsive_height":"","_coblocks_accordion_ie_support":"","_crdt_document":"","om_disable_all_campaigns":false,"_monsterinsights_skip_tracking":false,"_monsterinsights_sitenote_active":false,"_monsterinsights_sitenote_note":"","_monsterinsights_sitenote_category":0,"jetpack_publicize_message":"","jetpack_publicize_feature_enabled":true,"jetpack_social_post_already_shared":true,"jetpack_social_options":{"image_generator_settings":{"template":"highway","default_image_id":0,"font":"","enabled":false},"version":2},"_wpas_customize_per_network":false},"product_brand":[],"product_cat":[1372641,1372345,1372619,1372432,1372473,1372431],"product_tag":[],"class_list":{"0":"post-5980","1":"product","2":"type-product","3":"status-publish","4":"has-post-thumbnail","6":"product_cat-manadens-monster","7":"product_cat-monster","8":"product_cat-nks-shop","9":"product_cat-sweater","10":"product_cat-thea-vesterby","11":"product_cat-troja","12":"member-discount","13":"discount-restricted","15":"first","16":"instock","17":"downloadable","18":"taxable","19":"shipping-taxable","20":"purchasable","21":"product-type-simple"},"aioseo_notices":[],"jetpack_publicize_connections":[],"jetpack_sharing_enabled":true,"_links":{"self":[{"href":"https:\/\/nordicknittingsociety.com\/sv\/wp-json\/wp\/v2\/product\/5980","targetHints":{"allow":["GET"]}}],"collection":[{"href":"https:\/\/nordicknittingsociety.com\/sv\/wp-json\/wp\/v2\/product"}],"about":[{"href":"https:\/\/nordicknittingsociety.com\/sv\/wp-json\/wp\/v2\/types\/product"}],"wp:featuredmedia":[{"embeddable":true,"href":"https:\/\/nordicknittingsociety.com\/sv\/wp-json\/wp\/v2\/media\/5272"}],"wp:attachment":[{"href":"https:\/\/nordicknittingsociety.com\/sv\/wp-json\/wp\/v2\/media?parent=5980"}],"wp:term":[{"taxonomy":"product_brand","embeddable":true,"href":"https:\/\/nordicknittingsociety.com\/sv\/wp-json\/wp\/v2\/product_brand?post=5980"},{"taxonomy":"product_cat","embeddable":true,"href":"https:\/\/nordicknittingsociety.com\/sv\/wp-json\/wp\/v2\/product_cat?post=5980"},{"taxonomy":"product_tag","embeddable":true,"href":"https:\/\/nordicknittingsociety.com\/sv\/wp-json\/wp\/v2\/product_tag?post=5980"}],"curies":[{"name":"wp","href":"https:\/\/api.w.org\/{rel}","templated":true}]}}