{"id":5027,"date":"2022-06-08T22:16:20","date_gmt":"2022-06-08T20:16:20","guid":{"rendered":"https:\/\/nordicknittingsociety.com\/?post_type=product&#038;p=5027"},"modified":"2023-05-06T14:18:56","modified_gmt":"2023-05-06T12:18:56","slug":"fleurir-kofta","status":"publish","type":"product","link":"https:\/\/nordicknittingsociety.com\/sv\/produkt\/fleurir-kofta\/","title":{"rendered":"Fleurir kofta"},"content":{"rendered":"<p><strong>Rekommenderat garn:<br \/>\n<\/strong>Essys version av Koftan Fleurir \u00e4r stickad i garnet Kos i en h\u00e4rlig gul ton.<\/p>\n<p>Koftan Fleurir finns i 5 storlekar, 1-5 med f\u00f6ljande bystm\u00e5tt 100 (112) 125 (138) 150 cm. Koftan stickas nerifr\u00e5n och upp.<\/p>\n<p>Kos (Sandnes),\u00a0 B\u00f8rstet alpakka (Sandnes) eller Puno (Rauma)<br \/>\nKOS &#8211; 62 % alpacka, 29 % nylon och 9 % ull, det g\u00e5r 150 m p\u00e5 50 g och garnet \u00e4r ett s\u00e5 kallat blow yarn (alpakka fiber som tillsammans med ull bl\u00e5ses in i en nylonstrumpa, vilket resulterar i ett mjukt , l\u00e4tt och luftigt garn)<br \/>\nDu kan givetvis sticka koftan i ett annat garn med samma str\u00e4ckning\/100 m.<\/p>\n","protected":false},"excerpt":{"rendered":"<p>\u2013 Jag har alltid varit f\u00f6rtjust i texturer och som m\u00f6nsterdesigner \u00e4r det vad jag alltid jobbar med \u201ctextureade\u201d och ber\u00e4ttande ytor. Det \u00e4r ocks\u00e5 s\u00e5 att jag \u00e4r lite lat och \u00e4lskar n\u00e4r saker k\u00e4nns effektiva, att sticka texturm\u00f6nster framf\u00f6r flerf\u00e4rgsstickning \u00e4r n\u00e5got jag jobbar med av ren bekv\u00e4mlighet, skrattar Essy n\u00e4r hon beskriver sitt m\u00f6nster koftan Fleurir<br \/>\nDu hittar v\u00e5r designer f\u00f6r m\u00e5naden, Essy Winnerholt som @essywinnerholt p\u00e5 Instagram.<br \/>\nFleurir f\u00f6ddes ur ett m\u00f6nster som Essy ritade f\u00f6r anteckningsb\u00f6cker n\u00e4r hon arbetade som designer p\u00e5 Sostrene Grene i \u00c5rhus.<br \/>\n\u2013 Det var ett n\u00e4tt, elegant och \u00e4nd\u00e5 tokigt blomm\u00f6nster som jag fortfarande \u00e4r riktigt f\u00f6rtjust i, s\u00e4ger Essy.<\/p>\n","protected":false},"featured_media":4163,"template":"","meta":{"_et_pb_use_builder":"","_et_pb_old_content":"","_et_gb_content_width":"","_coblocks_attr":"","_coblocks_dimensions":"","_coblocks_responsive_height":"","_coblocks_accordion_ie_support":"","_crdt_document":"","om_disable_all_campaigns":false,"_monsterinsights_skip_tracking":false,"_monsterinsights_sitenote_active":false,"_monsterinsights_sitenote_note":"","_monsterinsights_sitenote_category":0,"jetpack_publicize_message":"","jetpack_publicize_feature_enabled":true,"jetpack_social_post_already_shared":true,"jetpack_social_options":{"image_generator_settings":{"template":"highway","default_image_id":0,"font":"","enabled":false},"version":2},"_wpas_customize_per_network":false},"product_brand":[],"product_cat":[1372428,1372469,1372427,1372641,1372345,1372619],"product_tag":[],"class_list":{"0":"post-5027","1":"product","2":"type-product","3":"status-publish","4":"has-post-thumbnail","6":"product_cat-cardigan","7":"product_cat-essy-winnerholt","8":"product_cat-kofta","9":"product_cat-manadens-monster","10":"product_cat-monster","11":"product_cat-nks-shop","12":"member-discount","13":"discount-restricted","15":"first","16":"instock","17":"downloadable","18":"taxable","19":"shipping-taxable","20":"purchasable","21":"product-type-simple"},"aioseo_notices":[],"jetpack_publicize_connections":[],"jetpack_sharing_enabled":true,"_links":{"self":[{"href":"https:\/\/nordicknittingsociety.com\/sv\/wp-json\/wp\/v2\/product\/5027","targetHints":{"allow":["GET"]}}],"collection":[{"href":"https:\/\/nordicknittingsociety.com\/sv\/wp-json\/wp\/v2\/product"}],"about":[{"href":"https:\/\/nordicknittingsociety.com\/sv\/wp-json\/wp\/v2\/types\/product"}],"wp:featuredmedia":[{"embeddable":true,"href":"https:\/\/nordicknittingsociety.com\/sv\/wp-json\/wp\/v2\/media\/4163"}],"wp:attachment":[{"href":"https:\/\/nordicknittingsociety.com\/sv\/wp-json\/wp\/v2\/media?parent=5027"}],"wp:term":[{"taxonomy":"product_brand","embeddable":true,"href":"https:\/\/nordicknittingsociety.com\/sv\/wp-json\/wp\/v2\/product_brand?post=5027"},{"taxonomy":"product_cat","embeddable":true,"href":"https:\/\/nordicknittingsociety.com\/sv\/wp-json\/wp\/v2\/product_cat?post=5027"},{"taxonomy":"product_tag","embeddable":true,"href":"https:\/\/nordicknittingsociety.com\/sv\/wp-json\/wp\/v2\/product_tag?post=5027"}],"curies":[{"name":"wp","href":"https:\/\/api.w.org\/{rel}","templated":true}]}}