{"id":42088,"date":"2025-04-01T07:47:14","date_gmt":"2025-04-01T05:47:14","guid":{"rendered":"https:\/\/nordicknittingsociety.com\/?post_type=product&#038;p=42088"},"modified":"2025-05-11T10:44:10","modified_gmt":"2025-05-11T08:44:10","slug":"koftan-akka","status":"publish","type":"product","link":"https:\/\/nordicknittingsociety.com\/sv\/produkt\/koftan-akka\/","title":{"rendered":"Koftan Akka"},"content":{"rendered":"<p class=\"v1MsoNormal\"><span lang=\"EN-US\"><b>Storlek<\/b>:<\/span><\/p>\n<p class=\"v1MsoNormal\"><span lang=\"EN-US\">92 (100) 110 (117) 125 (137) 143 (150) cm bystvidd<br \/>\n<\/span><span lang=\"EN-US\">M\u00e5tten i tabellen \u00e4r det faktiska m\u00e5ttet p\u00e5 det f\u00e4rdiga plagget.<\/span><\/p>\n<p class=\"v1MsoNormal\"><span lang=\"EN-US\"><b>Stickfasthet<\/b>:<\/span><\/p>\n<p class=\"v1gmail-MsoNoSpacing\"><span lang=\"EN-US\">24 m och 32 v = 10\u00d710 cm<\/span><\/p>\n<p class=\"v1gmail-MsoNoSpacing\"><span lang=\"EN-US\"><b>Garnf\u00f6rslag<\/b>:<\/span><\/p>\n<p class=\"v1MsoNormal\"><span lang=\"EN-US\">Sportweight\u00a0<\/span><span lang=\"EN-US\">Ett garn med l\u00f6pl\u00e4ngd mellan 150-180m\/50 g, t.ex. Pernilla fr\u00e5n Filcolana, Rauma Finull eller Pure Organic Wool fr\u00e5n Karen Klarbaek<\/span><\/p>\n<p class=\"v1MsoNormal\"><b><span lang=\"EN-US\">Bf<\/span><\/b><span lang=\"EN-US\">: ca 300 (325) 350 (375) 400 (425) 450 (475) 500 g<\/span><\/p>\n<p class=\"v1MsoNormal\"><b><span lang=\"EN-US\">Mf:\u00a0<\/span><\/b><span lang=\"EN-US\">ca<b>\u00a0<\/b>50 (50) 75 (75) 75 (100) 100 (125) g<br \/>\n<\/span><i>OBS: garnm\u00e4ngden \u00e4r ber\u00e4knad till l\u00e4ngden till en kl\u00e4nningskofta.<\/i><\/p>\n<p class=\"v1MsoNormal\"><span lang=\"EN-US\"><b>Stickor<\/b><i>:<br \/>\n<\/i><\/span><span lang=\"EN-US\">Rundsticka 2,5 mm, 3,5 och 4 mm (<\/span><span lang=\"EN-US\">den sistn\u00e4mnda om du vet med dig att du sticker h\u00e5rdare vid flerf\u00e4rgsstickning och d\u00e4rf\u00f6r beh\u00f6ver g\u00e5 up pen storlek<\/span><span lang=\"EN-US\">) i en l\u00e4ngd som passar din storlek, samt matchande storlekar av strumpstickor. Eller de stickor du beh\u00f6ver anv\u00e4nda f\u00f6r att f\u00e5 r\u00e4tt stickfasthet.<\/span><\/p>\n<p class=\"v1MsoNormal\"><span lang=\"EN-US\"><b>\u00d6vrigt:<\/b><\/span><\/p>\n<p class=\"v1MsoNormal\"><span lang=\"EN-US\">Stickmark\u00f6rer<br \/>\n<\/span>Tr\u00e5d till vilande maskor<br \/>\nVirkn\u00e5l<br \/>\nKnappar<\/p>\n","protected":false},"excerpt":{"rendered":"<p class=\"v1MsoNormal\">Koftan Akka \ud83e\ude77<br \/>\nMaria Bj\u00f6rnst\u00e5hl har designat en h\u00e4rlig raglankofta med underbart grafiskt m\u00f6nster.<br \/>\nStickad i tv\u00e5 f\u00e4rger p\u00e5 bilderna, vill du utmana dig sj\u00e4lv, v\u00e4lj flera olika f\u00e4rger i din m\u00f6nsterf\u00e4rg!<\/p>\n<p>Koftan \u00e4r designad som en kortare modell, en kl\u00e4nningskofta.<br \/>\n<span lang=\"EN-US\">Vill du ha en l\u00f6st sittande kofta s\u00e5 v\u00e4lj en storlek som \u00e4r ca 3 -8 cm st\u00f6rre \u00e4n ditt bystm\u00e5tt. Vill du ha en kofta som sitter mer figurn\u00e4ra s\u00e5 v\u00e4lj den storlek som allra n\u00e4rmast st\u00e4mmer \u00f6verens med ditt bystm\u00e5tt, eller till och med ett m\u00e5tt som ligger n\u00e5gra cm under din faktiska storlek \u2013 detta eftersom de flesta garner och d\u00e4rmed\u00a0det stickade plagget ofta t\u00f6jer sig lite, s\u00e4rskilt efter blockning.\u00a0<\/span><\/p>\n","protected":false},"featured_media":41421,"template":"","meta":{"_et_pb_use_builder":"","_et_pb_old_content":"","_et_gb_content_width":"","_coblocks_attr":"","_coblocks_dimensions":"","_coblocks_responsive_height":"","_coblocks_accordion_ie_support":"","_crdt_document":"","om_disable_all_campaigns":false,"_monsterinsights_skip_tracking":false,"_monsterinsights_sitenote_active":false,"_monsterinsights_sitenote_note":"","_monsterinsights_sitenote_category":0,"jetpack_publicize_message":"","jetpack_publicize_feature_enabled":true,"jetpack_social_post_already_shared":true,"jetpack_social_options":{"image_generator_settings":{"template":"highway","default_image_id":0,"font":"","enabled":false},"version":2},"_wpas_customize_per_network":false},"product_brand":[],"product_cat":[1372428,1372427,1372720,1372641,1372345,1372363,1372619,1372435],"product_tag":[],"class_list":{"0":"post-42088","1":"product","2":"type-product","3":"status-publish","4":"has-post-thumbnail","6":"product_cat-cardigan","7":"product_cat-kofta","8":"product_cat-maria-bjornstahl","9":"product_cat-manadens-monster","10":"product_cat-monster","11":"product_cat-medlemsskap","12":"product_cat-nks-shop","13":"product_cat-prenumerationer","14":"member-discount","15":"discount-restricted","17":"first","18":"instock","19":"downloadable","20":"taxable","21":"shipping-taxable","22":"purchasable","23":"product-type-simple"},"aioseo_notices":[],"jetpack_publicize_connections":[],"jetpack_sharing_enabled":true,"_links":{"self":[{"href":"https:\/\/nordicknittingsociety.com\/sv\/wp-json\/wp\/v2\/product\/42088","targetHints":{"allow":["GET"]}}],"collection":[{"href":"https:\/\/nordicknittingsociety.com\/sv\/wp-json\/wp\/v2\/product"}],"about":[{"href":"https:\/\/nordicknittingsociety.com\/sv\/wp-json\/wp\/v2\/types\/product"}],"wp:featuredmedia":[{"embeddable":true,"href":"https:\/\/nordicknittingsociety.com\/sv\/wp-json\/wp\/v2\/media\/41421"}],"wp:attachment":[{"href":"https:\/\/nordicknittingsociety.com\/sv\/wp-json\/wp\/v2\/media?parent=42088"}],"wp:term":[{"taxonomy":"product_brand","embeddable":true,"href":"https:\/\/nordicknittingsociety.com\/sv\/wp-json\/wp\/v2\/product_brand?post=42088"},{"taxonomy":"product_cat","embeddable":true,"href":"https:\/\/nordicknittingsociety.com\/sv\/wp-json\/wp\/v2\/product_cat?post=42088"},{"taxonomy":"product_tag","embeddable":true,"href":"https:\/\/nordicknittingsociety.com\/sv\/wp-json\/wp\/v2\/product_tag?post=42088"}],"curies":[{"name":"wp","href":"https:\/\/api.w.org\/{rel}","templated":true}]}}