{"id":41707,"date":"2025-03-04T19:10:51","date_gmt":"2025-03-04T18:10:51","guid":{"rendered":"https:\/\/nordicknittingsociety.com\/?post_type=product&#038;p=41707"},"modified":"2025-03-04T19:10:51","modified_gmt":"2025-03-04T18:10:51","slug":"storsjoisen-mittens","status":"publish","type":"product","link":"https:\/\/nordicknittingsociety.com\/sv\/produkt\/storsjoisen-mittens\/","title":{"rendered":"Storsj\u00f6isen Mittens"},"content":{"rendered":"<p><strong><b>Storlek<br \/>\n<\/b><\/strong>Dam, one size<\/p>\n<div><\/div>\n<div>\n<p><strong>Stickor<\/strong><br \/>\n5,5 och 6 mm strumpstickor eller motsvarande f\u00f6r magic<br \/>\nloop.<\/p>\n<p><strong>Stickfasthet<\/strong><br \/>\n14 m*14 v=10 cm stickat runt i m\u00f6nsterstickning<\/p>\n<p>Anpassa stickstorlek f\u00f6r att f\u00e5 r\u00e4tt stickfasthet.<\/p>\n<p><strong>Garn<\/strong><br \/>\nAlafosslopi<br \/>\nDu beh\u00f6ver tv\u00e5 f\u00e4rger och cirka 70 gram av grundf\u00e4rgen och n\u00e5got mindre av m\u00f6nsterf\u00e4rgen.<\/p>\n<p class=\"v1MsoNormal\"><span lang=\"EN-US\"><b>\u00d6vrigt:<\/b><\/span><\/p>\n<p class=\"v1MsoNormal\"><span lang=\"EN-US\">stickmark\u00f6rer<br \/>\n<\/span><\/p>\n<\/div>\n<p>&nbsp;<\/p>\n","protected":false},"excerpt":{"rendered":"<p>Whohoo! Varma snabbstickade alldeles ljuvliga vantar, Storsj\u00f6isenmittens, som passar perfekt f\u00f6r sportlovsaktiviteter!<br \/>\nJa, du hinner sticka! Kanske flera par till och med!<br \/>\nDesigner till dessa mysiga vantar \u00e4r b\u00e4sta Emelie Brand\u00e9n!<\/p>\n<p>Storsj\u00f6isen \u00e4r en tjock och varm vante inspirerad av n\u00e4r isen l\u00e4gger sig \u00f6ver Storsj\u00f6n i J\u00e4mtland. Det \u00e4r en kall och vacker vinter som v\u00e4ntar n\u00e4r isen lagt sig, och vantarna<br \/>\nStorsj\u00f6isen \u00e4r perfekta f\u00f6r utomhus\u00e4ventyr n\u00e4r det \u00e4r som kallast. Du kan v\u00e4lja att rugga vantarna efter\u00e5t b\u00e5de inuti och utanp\u00e5 f\u00f6r att f\u00e5 en \u00e4nnu varmare och mjukare vante.<br \/>\nDessa vantar var m\u00e5nadens m\u00f6nster i s\u00e4songsklubben mars 2025.<\/p>\n<p>Vi hoppas ni ska gilla dem!<br \/>\nEmelie och Nordic Knitting Society<\/p>\n","protected":false},"featured_media":40791,"template":"","meta":{"_et_pb_use_builder":"","_et_pb_old_content":"","_et_gb_content_width":"","_coblocks_attr":"","_coblocks_dimensions":"","_coblocks_responsive_height":"","_coblocks_accordion_ie_support":"","_crdt_document":"","om_disable_all_campaigns":false,"_monsterinsights_skip_tracking":false,"_monsterinsights_sitenote_active":false,"_monsterinsights_sitenote_note":"","_monsterinsights_sitenote_category":0,"jetpack_publicize_message":"","jetpack_publicize_feature_enabled":true,"jetpack_social_post_already_shared":true,"jetpack_social_options":{"image_generator_settings":{"template":"highway","default_image_id":0,"font":"","enabled":false},"version":2},"_wpas_customize_per_network":false},"product_brand":[],"product_cat":[1372600,1372615,1372686,1372650,1372621,1372627,1372690,1372598],"product_tag":[],"class_list":{"0":"post-41707","1":"product","2":"type-product","3":"status-publish","4":"has-post-thumbnail","6":"product_cat-emelie-branden-en","7":"product_cat-pattern","8":"product_cat-membership","9":"product_cat-mittens-en","10":"product_cat-nks-shop-en","11":"product_cat-subscriptions","12":"product_cat-seasonal-club","13":"product_cat-mitts-en","14":"member-discount","15":"discount-restricted","17":"first","18":"instock","19":"downloadable","20":"taxable","21":"shipping-taxable","22":"purchasable","23":"product-type-simple"},"aioseo_notices":[],"jetpack_publicize_connections":[],"jetpack_sharing_enabled":true,"_links":{"self":[{"href":"https:\/\/nordicknittingsociety.com\/sv\/wp-json\/wp\/v2\/product\/41707","targetHints":{"allow":["GET"]}}],"collection":[{"href":"https:\/\/nordicknittingsociety.com\/sv\/wp-json\/wp\/v2\/product"}],"about":[{"href":"https:\/\/nordicknittingsociety.com\/sv\/wp-json\/wp\/v2\/types\/product"}],"wp:featuredmedia":[{"embeddable":true,"href":"https:\/\/nordicknittingsociety.com\/sv\/wp-json\/wp\/v2\/media\/40791"}],"wp:attachment":[{"href":"https:\/\/nordicknittingsociety.com\/sv\/wp-json\/wp\/v2\/media?parent=41707"}],"wp:term":[{"taxonomy":"product_brand","embeddable":true,"href":"https:\/\/nordicknittingsociety.com\/sv\/wp-json\/wp\/v2\/product_brand?post=41707"},{"taxonomy":"product_cat","embeddable":true,"href":"https:\/\/nordicknittingsociety.com\/sv\/wp-json\/wp\/v2\/product_cat?post=41707"},{"taxonomy":"product_tag","embeddable":true,"href":"https:\/\/nordicknittingsociety.com\/sv\/wp-json\/wp\/v2\/product_tag?post=41707"}],"curies":[{"name":"wp","href":"https:\/\/api.w.org\/{rel}","templated":true}]}}