{"id":37718,"date":"2024-09-30T22:07:19","date_gmt":"2024-09-30T20:07:19","guid":{"rendered":"https:\/\/nordicknittingsociety.com\/?post_type=product&#038;p=37718"},"modified":"2024-09-30T22:21:53","modified_gmt":"2024-09-30T20:21:53","slug":"areskutansockan","status":"publish","type":"product","link":"https:\/\/nordicknittingsociety.com\/sv\/produkt\/areskutansockan\/","title":{"rendered":"\u00c5reskutansockan"},"content":{"rendered":"<div class=\"et_pb_module et_pb_text et_pb_text_5 et_pb_text_align_left et_pb_bg_layout_light\">\n<div class=\"et_pb_text_inner\">\n<p><strong>Storlekar<\/strong><br \/>\n35-39, (40-45)<br \/>\nM\u00e5tten \u00e4r f\u00f6r bredden, l\u00e4ngden anpassar du f\u00f6r din egen fot.<\/p>\n<p><strong>Garn<\/strong><br \/>\nJ\u00e4rbo Raggi i tv\u00e5 f\u00e4rger eller annat sockgarn med l\u00f6pmeter 150 meter\/100 gram<br \/>\nGrundf\u00e4rg: 100-150 gram<br \/>\nM\u00f6nsterf\u00e4rg: 30-50 gram<\/p>\n<p>F\u00e4rg 1: Gr\u00f6n 45 (50) 55 g<br \/>\nF\u00e4rg 2: Rosa 40 (45) 50 g<br \/>\nF\u00e4rg 3: Gul 5 ( 5) 5 g<\/p>\n<p><strong>Stickor<br \/>\n<\/strong>Strumpstickor 4 och 4,5 mm eller motsvarande storlek f\u00f6r magic loop. Anpassa stickstorleken f\u00f6r att f\u00e5 r\u00e4tt<strong><br \/>\n<\/strong><\/p>\n<p><strong>Stickfasthet<\/strong><br \/>\n20*24 maskor per 10 cm<\/p>\n<\/div>\n<\/div>\n","protected":false},"excerpt":{"rendered":"<header id=\"site-header\" class=\"header-group scroll\" role=\"banner\">\n<div class=\"menu-items\">\n<div class=\"menu-header-menu-container\">\n<p>Sju minuters f\u00e4rd med liften och du befinner dig p\u00e5 1274 meter \u00f6ver havet,\u00a0 med utsikt flera mil ut \u00f6ver den j\u00e4mtl\u00e4ndska fj\u00e4llv\u00e4rlden. \u00c5reskutan \u2013 Sveriges mest l\u00e4ttillg\u00e4ngliga h\u00f6gfj\u00e4ll<strong> \u2764\ufe0f<\/strong><\/p>\n<\/div>\n<\/div>\n<\/header>\n<div id=\"page\" class=\"site\">\n<div id=\"content\" class=\"site-content\">\n<div class=\"mbp-page\">\n<section class=\"content col-xs-7 col-xs-offset-2\">\n<div class=\"row\">\n<div class=\"col-xs-12 mbp-fluid\">\n<p>Under september 2024 \u00e4r det Emelie Brand\u00e9n som har designat m\u00f6nstret f\u00f6r sockklubben, \u00c5reskutansockan.<\/p>\n<p>\u00c5reskutansockan har en vriden res\u00e5rmudd, ett enkelt stickat m\u00f6nster vid skaftet, f\u00f6rst\u00e4rkt<br \/>\nh\u00e4llapp. Du v\u00e4ljer storlek p\u00e5 strumpan baserat p\u00e5 din bredd \u00f6ver vristen, och anpassar l\u00e4ngden p\u00e5 foten baserat p\u00e5 din egen fotl\u00e4ngd, visst \u00e4r det bra?<\/p>\n<\/div>\n<\/div>\n<\/section>\n<\/div>\n<\/div>\n<\/div>\n<p>Vi ser fram emot att se era f\u00e4rgkombinationer av detta fina m\u00f6nster \ud83d\ude4c<\/p>\n","protected":false},"featured_media":36603,"template":"","meta":{"_et_pb_use_builder":"","_et_pb_old_content":"","_et_gb_content_width":"","_coblocks_attr":"","_coblocks_dimensions":"","_coblocks_responsive_height":"","_coblocks_accordion_ie_support":"","_crdt_document":"","om_disable_all_campaigns":false,"_monsterinsights_skip_tracking":false,"_monsterinsights_sitenote_active":false,"_monsterinsights_sitenote_note":"","_monsterinsights_sitenote_category":0,"jetpack_publicize_message":"","jetpack_publicize_feature_enabled":true,"jetpack_social_post_already_shared":true,"jetpack_social_options":{"image_generator_settings":{"template":"highway","default_image_id":0,"font":"","enabled":false},"version":2},"_wpas_customize_per_network":false},"product_brand":[],"product_cat":[1372487,1372345,1372363,1372619,1372435,1372459,1372346,1372436],"product_tag":[],"class_list":{"0":"post-37718","1":"product","2":"type-product","3":"status-publish","4":"has-post-thumbnail","6":"product_cat-emelie-branden","7":"product_cat-monster","8":"product_cat-medlemsskap","9":"product_cat-nks-shop","10":"product_cat-prenumerationer","11":"product_cat-sockklubben","12":"product_cat-sockor","13":"product_cat-socks","14":"member-discount","15":"discount-restricted","17":"first","18":"instock","19":"downloadable","20":"taxable","21":"shipping-taxable","22":"purchasable","23":"product-type-simple"},"aioseo_notices":[],"jetpack_publicize_connections":[],"jetpack_sharing_enabled":true,"_links":{"self":[{"href":"https:\/\/nordicknittingsociety.com\/sv\/wp-json\/wp\/v2\/product\/37718","targetHints":{"allow":["GET"]}}],"collection":[{"href":"https:\/\/nordicknittingsociety.com\/sv\/wp-json\/wp\/v2\/product"}],"about":[{"href":"https:\/\/nordicknittingsociety.com\/sv\/wp-json\/wp\/v2\/types\/product"}],"wp:featuredmedia":[{"embeddable":true,"href":"https:\/\/nordicknittingsociety.com\/sv\/wp-json\/wp\/v2\/media\/36603"}],"wp:attachment":[{"href":"https:\/\/nordicknittingsociety.com\/sv\/wp-json\/wp\/v2\/media?parent=37718"}],"wp:term":[{"taxonomy":"product_brand","embeddable":true,"href":"https:\/\/nordicknittingsociety.com\/sv\/wp-json\/wp\/v2\/product_brand?post=37718"},{"taxonomy":"product_cat","embeddable":true,"href":"https:\/\/nordicknittingsociety.com\/sv\/wp-json\/wp\/v2\/product_cat?post=37718"},{"taxonomy":"product_tag","embeddable":true,"href":"https:\/\/nordicknittingsociety.com\/sv\/wp-json\/wp\/v2\/product_tag?post=37718"}],"curies":[{"name":"wp","href":"https:\/\/api.w.org\/{rel}","templated":true}]}}