{"id":34743,"date":"2024-06-30T22:36:02","date_gmt":"2024-06-30T20:36:02","guid":{"rendered":"https:\/\/nordicknittingsociety.com\/?post_type=product&#038;p=34743"},"modified":"2024-06-30T22:37:03","modified_gmt":"2024-06-30T20:37:03","slug":"strawberry-top","status":"publish","type":"product","link":"https:\/\/nordicknittingsociety.com\/sv\/produkt\/strawberry-top\/","title":{"rendered":"Strawberry top"},"content":{"rendered":"<p><strong>STORLEKAR<br \/>\n<\/strong>S (M) L (XL) 2XL (3XL) 4XL<br \/>\n<strong><br \/>\n\u00d6VERVIDD<br \/>\n<\/strong>88 (98) 108 (118) 128 (138) 148 cm (plaggets m\u00e5tt).<br \/>\n<strong><br \/>\nGARN<br \/>\n<\/strong>200 (250) 300 (350) 400 (450) 500 g LINE fr\u00e5n Sandnes Garn (53% bomull, 33% viskos, 14% lin; 110 m\/ 50 g)<br \/>\nCecilia fr\u00e5n Svarta F\u00e5ret eller liknande garn i samma tjocklek.<br \/>\n<strong><br \/>\nSTICKFASTHET<br \/>\n<\/strong>20 m x 26 varv = 10 x 10 cm (tv\u00e4ttad och blockad).<br \/>\nSe till att m\u00e5tten st\u00e4mmer b\u00e5de vad g\u00e4ller maskantal och varv. Justera stickstorleken om det beh\u00f6vs f\u00f6r att f\u00e5 r\u00e4tt stickfasthet.<br \/>\n<strong><br \/>\nSTICKOR<br \/>\n<\/strong>Rundsticka 80 cm, st 4,0 mm<br \/>\n80 och 40 cm rundsticka 3,5 mm<br \/>\nEller de stickor som ger r\u00e4tt stickfasthet.<\/p>\n<p class=\"v1MsoNormal\"><i>Anv\u00e4nd alltid den stickstorlek du beh\u00f6ver f\u00f6r att uppn\u00e5 den angivna stickfastheten.<\/i><\/p>\n<p><strong>Tillbeh\u00f6r<\/strong><br \/>\nStickmark\u00f6rer, restgarn eller maskh\u00e5llare, stoppn\u00e5l.<\/p>\n","protected":false},"excerpt":{"rendered":"<p>M\u00f6nstret p\u00e5 Strawberry top \u00e4r designat av b\u00e4sta Gudrun Loennecken, @knit.colorful p\u00e5 Instagram. M\u00f6nstret \u00e4r ett klassiskt sommarlinne\/topp med en s\u00f6t spetsb\u00e5rd l\u00e4ngst ner, runt halsen och \u00e4rmh\u00e5len. Toppen har en djup urringning som g\u00f6r den extra luftig och somrig.<\/p>\n<p>Toppen p\u00e5 bilden \u00e4r stickat i Line fr\u00e5n Sandnes garn, men du kan givetvis sticka din version i annat garn.<br \/>\nVarf\u00f6r inte sticka det i bomull eller silke?<\/p>\n","protected":false},"featured_media":33560,"template":"","meta":{"_et_pb_use_builder":"","_et_pb_old_content":"","_et_gb_content_width":"","_coblocks_attr":"","_coblocks_dimensions":"","_coblocks_responsive_height":"","_coblocks_accordion_ie_support":"","_crdt_document":"","om_disable_all_campaigns":false,"_monsterinsights_skip_tracking":false,"_monsterinsights_sitenote_active":false,"_monsterinsights_sitenote_note":"","_monsterinsights_sitenote_category":0,"jetpack_publicize_message":"","jetpack_publicize_feature_enabled":true,"jetpack_social_post_already_shared":true,"jetpack_social_options":{"image_generator_settings":{"template":"highway","default_image_id":0,"font":"","enabled":false},"version":2},"_wpas_customize_per_network":false},"product_brand":[],"product_cat":[1372699,1372641,1372345,1372363,1372619,1372435,1372706,1372705],"product_tag":[],"class_list":{"0":"post-34743","1":"product","2":"type-product","3":"status-publish","4":"has-post-thumbnail","6":"product_cat-gudrun-loennecken","7":"product_cat-manadens-monster","8":"product_cat-monster","9":"product_cat-medlemsskap","10":"product_cat-nks-shop","11":"product_cat-prenumerationer","12":"product_cat-top","13":"product_cat-topp","14":"member-discount","15":"discount-restricted","17":"first","18":"instock","19":"downloadable","20":"taxable","21":"shipping-taxable","22":"purchasable","23":"product-type-simple"},"aioseo_notices":[],"jetpack_publicize_connections":[],"jetpack_sharing_enabled":true,"_links":{"self":[{"href":"https:\/\/nordicknittingsociety.com\/sv\/wp-json\/wp\/v2\/product\/34743","targetHints":{"allow":["GET"]}}],"collection":[{"href":"https:\/\/nordicknittingsociety.com\/sv\/wp-json\/wp\/v2\/product"}],"about":[{"href":"https:\/\/nordicknittingsociety.com\/sv\/wp-json\/wp\/v2\/types\/product"}],"wp:featuredmedia":[{"embeddable":true,"href":"https:\/\/nordicknittingsociety.com\/sv\/wp-json\/wp\/v2\/media\/33560"}],"wp:attachment":[{"href":"https:\/\/nordicknittingsociety.com\/sv\/wp-json\/wp\/v2\/media?parent=34743"}],"wp:term":[{"taxonomy":"product_brand","embeddable":true,"href":"https:\/\/nordicknittingsociety.com\/sv\/wp-json\/wp\/v2\/product_brand?post=34743"},{"taxonomy":"product_cat","embeddable":true,"href":"https:\/\/nordicknittingsociety.com\/sv\/wp-json\/wp\/v2\/product_cat?post=34743"},{"taxonomy":"product_tag","embeddable":true,"href":"https:\/\/nordicknittingsociety.com\/sv\/wp-json\/wp\/v2\/product_tag?post=34743"}],"curies":[{"name":"wp","href":"https:\/\/api.w.org\/{rel}","templated":true}]}}