{"id":33668,"date":"2024-05-31T23:33:36","date_gmt":"2024-05-31T21:33:36","guid":{"rendered":"https:\/\/nordicknittingsociety.com\/?post_type=product&#038;p=33668"},"modified":"2024-05-31T23:33:37","modified_gmt":"2024-05-31T21:33:37","slug":"nasviken-purse","status":"publish","type":"product","link":"https:\/\/nordicknittingsociety.com\/sv\/produkt\/nasviken-purse\/","title":{"rendered":"N\u00e4sviken Purse"},"content":{"rendered":"<p><strong>Storlekar<br \/>\n<\/strong>S= 18*16 cm (M=22*19 cm)<br \/>\nM\u00e5tt angivna efter blockning.<\/p>\n<p><strong>Garn<\/strong><br \/>\nKampes 2-tr\u00e5diga obs! Stickas i dubbel tr\u00e5d<br \/>\nAlternativa garner:<\/p>\n<p>Rauma Finull<br \/>\nDubbel tr\u00e5d Nutiden fr\u00e5n H\u00f6ner och Eir<br \/>\nJ\u00e4rbo Svensk 4-tr\u00e5dig ull<br \/>\nOm du v\u00e4ljer ett av garnalternativen kan du beh\u00f6va mer eller mindre garn \u00e4n vad som anges.<\/p>\n<p><strong>Garn\u00e5tg\u00e5ng<br \/>\n<\/strong>Grundf\u00e4rg: 50 gram<br \/>\nM\u00f6nsterf\u00e4rg: 50 gram<\/p>\n<p><strong>Stickor<br \/>\n<\/strong>60- 100 cm rundsticka 5.5 mm f\u00f6r magic loop, eller 40 cm om du inte vill sticka i magic loop.<br \/>\nJustera stickstorleken f\u00f6r att f\u00e5 r\u00e4tt stickfasthet.<\/p>\n<p><strong>Stickfasthet<br \/>\n<\/strong>18 m*18 v per 10 cm i m\u00f6nsterstickning stickat runt.<\/p>\n","protected":false},"excerpt":{"rendered":"<p>Emelie Brand\u00e9n @bybranden har skapat den allra s\u00f6taste v\u00e4skan du kan t\u00e4nka dig #n\u00e4svikenpurse<\/p>\n<p>N\u00e4sviken Purse \u00e4r en cool handv\u00e4ska med ett m\u00f6nsterstickad m\u00f6nster i tv\u00e5 storlekar. Den<br \/>\nmindre storleken \u00e4r lagom till pl\u00e5nboken och telefonen, medans den st\u00f6rre \u00e4r b\u00e4ttre om du vill p\u00e5 plats med en mindre sockstickning i. V\u00e4skan stickas nedifr\u00e5n och upp, och banden stickas i i-cord.<\/p>\n<p>Vi kan rekommendera dig som stickar v\u00e4skan i ren ull att gnugga den i s\u00e5pvatten f\u00f6r att f\u00e5 en lite tovad effekt p\u00e5 v\u00e4skan, det st\u00e4rker upp och skapar ett fastare tyg och strukturen och m\u00f6nstret framtr\u00e4der vackert!<\/p>\n","protected":false},"featured_media":32742,"template":"","meta":{"_et_pb_use_builder":"","_et_pb_old_content":"","_et_gb_content_width":"","_coblocks_attr":"","_coblocks_dimensions":"","_coblocks_responsive_height":"","_coblocks_accordion_ie_support":"","_crdt_document":"","om_disable_all_campaigns":false,"_monsterinsights_skip_tracking":false,"_monsterinsights_sitenote_active":false,"_monsterinsights_sitenote_note":"","_monsterinsights_sitenote_category":0,"jetpack_publicize_message":"","jetpack_publicize_feature_enabled":true,"jetpack_social_post_already_shared":true,"jetpack_social_options":{"image_generator_settings":{"template":"highway","default_image_id":0,"font":"","enabled":false},"version":2},"_wpas_customize_per_network":false},"product_brand":[],"product_cat":[1372487,1372345,1372619,1372435,1372704,1372682,1372703],"product_tag":[],"class_list":{"0":"post-33668","1":"product","2":"type-product","3":"status-publish","4":"has-post-thumbnail","6":"product_cat-emelie-branden","7":"product_cat-monster","8":"product_cat-nks-shop","9":"product_cat-prenumerationer","10":"product_cat-purse","11":"product_cat-sasongsklubben","12":"product_cat-vaska","13":"member-discount","14":"discount-restricted","16":"first","17":"instock","18":"downloadable","19":"taxable","20":"shipping-taxable","21":"purchasable","22":"product-type-simple"},"aioseo_notices":[],"jetpack_publicize_connections":[],"jetpack_sharing_enabled":true,"_links":{"self":[{"href":"https:\/\/nordicknittingsociety.com\/sv\/wp-json\/wp\/v2\/product\/33668","targetHints":{"allow":["GET"]}}],"collection":[{"href":"https:\/\/nordicknittingsociety.com\/sv\/wp-json\/wp\/v2\/product"}],"about":[{"href":"https:\/\/nordicknittingsociety.com\/sv\/wp-json\/wp\/v2\/types\/product"}],"wp:featuredmedia":[{"embeddable":true,"href":"https:\/\/nordicknittingsociety.com\/sv\/wp-json\/wp\/v2\/media\/32742"}],"wp:attachment":[{"href":"https:\/\/nordicknittingsociety.com\/sv\/wp-json\/wp\/v2\/media?parent=33668"}],"wp:term":[{"taxonomy":"product_brand","embeddable":true,"href":"https:\/\/nordicknittingsociety.com\/sv\/wp-json\/wp\/v2\/product_brand?post=33668"},{"taxonomy":"product_cat","embeddable":true,"href":"https:\/\/nordicknittingsociety.com\/sv\/wp-json\/wp\/v2\/product_cat?post=33668"},{"taxonomy":"product_tag","embeddable":true,"href":"https:\/\/nordicknittingsociety.com\/sv\/wp-json\/wp\/v2\/product_tag?post=33668"}],"curies":[{"name":"wp","href":"https:\/\/api.w.org\/{rel}","templated":true}]}}