{"id":30696,"date":"2024-02-29T21:59:28","date_gmt":"2024-02-29T20:59:28","guid":{"rendered":"https:\/\/nordicknittingsociety.com\/?post_type=product&#038;p=30696"},"modified":"2024-02-29T22:08:05","modified_gmt":"2024-02-29T21:08:05","slug":"crofters-sock","status":"publish","type":"product","link":"https:\/\/nordicknittingsociety.com\/sv\/produkt\/crofters-sock\/","title":{"rendered":"Crofter\u00b4s sock"},"content":{"rendered":"<p><strong>Garn<\/strong><br \/>\nSockgarn med en l\u00f6pl\u00e4ngd p\u00e5 ungef\u00e4r 260 m \/ 100 g.<br \/>\nGarn som anv\u00e4nds h\u00e4r \u00e4r Novita Nalle, 75% superwash ull, 25% polyamid, 260 m \/ 100 g.<br \/>\nFg 1: Novita Nalle 061 Linne<br \/>\nFg 2: Novita Nalle 099 Svart<\/p>\n<p><strong>Stickor<\/strong><br \/>\nStrumpstickor: 3,0 mm och 3,5 mm<\/p>\n<p><strong>Stickfasthet<\/strong><br \/>\n28 m x 26 varv = 10 cm i flerf\u00e4rgsstickningrunt p\u00e5 sticka 3,5 mm.<br \/>\nAnv\u00e4nd alltid den stickstorlek du beh\u00f6ver f\u00f6r attuppn\u00e5 den angivna stickfastheten.<\/p>\n<p><strong>Tillbeh\u00f6r<\/strong><br \/>\nStickmark\u00f6r, stoppn\u00e5l.<\/p>\n<p><strong>Storlekar och garn\u00e5tg\u00e5ng<\/strong><br \/>\n1 2 3 4 5<br \/>\n<strong>Skostorlek dam<\/strong><br \/>\n36 37\u201338 39\u201340 41 42\u201343<\/p>\n<p><strong>Omkrets, f\u00e4rdig socka (cm)<\/strong><br \/>\n18,5 20 21,5 21,5 23<br \/>\n<strong>Fotl\u00e4ngd, f\u00e4rdig socka (cm)<\/strong><br \/>\n21 22 23 24 25<br \/>\n<strong>Skaftl\u00e4ngd, f\u00e4rdig socka (cm)<\/strong><br \/>\n18 18 18 18 18<br \/>\n<strong>Fg 1 garn\u00e5tg\u00e5ng (gram)<\/strong><br \/>\n60 65 70 70 80<br \/>\n<strong>Fg 2 garn\u00e5tg\u00e5ng (gram)<\/strong><br \/>\n35 40 45 45 50<\/p>\n","protected":false},"excerpt":{"rendered":"<p><strong>Om m\u00f6nstret<br \/>\n<\/strong>B\u00e4sta Annelie Verbrugge @powerofwool har designat dessa klassiska sockor som beh\u00f6vs i varje byr\u00e5! G\u00f6r din variant och visa oss!!<\/p>\n<p>Crofter\u00b4s Socks stickas uppifr\u00e5n och ner i ett enkelt flerf\u00e4rgsm\u00f6nster med h\u00e4llapp och h\u00e4lkil.<br \/>\nH\u00e4llappen \u00e4r extra f\u00f6rst\u00e4rkt genom att varannan maska lyfts och bildar ett dekorativt m\u00f6nster.<br \/>\nSockorna blir mjuka och varma och passar perfekt att tassa omkring i hemma p\u00e5 torpet, oavsett \u00e5rstid<\/p>\n","protected":false},"featured_media":29713,"template":"","meta":{"_et_pb_use_builder":"","_et_pb_old_content":"","_et_gb_content_width":"","_coblocks_attr":"","_coblocks_dimensions":"","_coblocks_responsive_height":"","_coblocks_accordion_ie_support":"","_crdt_document":"","om_disable_all_campaigns":false,"_monsterinsights_skip_tracking":false,"_monsterinsights_sitenote_active":false,"_monsterinsights_sitenote_note":"","_monsterinsights_sitenote_category":0,"jetpack_publicize_message":"","jetpack_publicize_feature_enabled":true,"jetpack_social_post_already_shared":true,"jetpack_social_options":{"image_generator_settings":{"template":"highway","default_image_id":0,"font":"","enabled":false},"version":2},"_wpas_customize_per_network":false},"product_brand":[],"product_cat":[1372486,1372345,1372363,1372619,1372459,1372346,1372436],"product_tag":[],"class_list":{"0":"post-30696","1":"product","2":"type-product","3":"status-publish","4":"has-post-thumbnail","6":"product_cat-annelie-verbrugge","7":"product_cat-monster","8":"product_cat-medlemsskap","9":"product_cat-nks-shop","10":"product_cat-sockklubben","11":"product_cat-sockor","12":"product_cat-socks","13":"member-discount","14":"discount-restricted","16":"first","17":"instock","18":"downloadable","19":"taxable","20":"shipping-taxable","21":"purchasable","22":"product-type-simple"},"aioseo_notices":[],"jetpack_publicize_connections":[],"jetpack_sharing_enabled":true,"_links":{"self":[{"href":"https:\/\/nordicknittingsociety.com\/sv\/wp-json\/wp\/v2\/product\/30696","targetHints":{"allow":["GET"]}}],"collection":[{"href":"https:\/\/nordicknittingsociety.com\/sv\/wp-json\/wp\/v2\/product"}],"about":[{"href":"https:\/\/nordicknittingsociety.com\/sv\/wp-json\/wp\/v2\/types\/product"}],"wp:featuredmedia":[{"embeddable":true,"href":"https:\/\/nordicknittingsociety.com\/sv\/wp-json\/wp\/v2\/media\/29713"}],"wp:attachment":[{"href":"https:\/\/nordicknittingsociety.com\/sv\/wp-json\/wp\/v2\/media?parent=30696"}],"wp:term":[{"taxonomy":"product_brand","embeddable":true,"href":"https:\/\/nordicknittingsociety.com\/sv\/wp-json\/wp\/v2\/product_brand?post=30696"},{"taxonomy":"product_cat","embeddable":true,"href":"https:\/\/nordicknittingsociety.com\/sv\/wp-json\/wp\/v2\/product_cat?post=30696"},{"taxonomy":"product_tag","embeddable":true,"href":"https:\/\/nordicknittingsociety.com\/sv\/wp-json\/wp\/v2\/product_tag?post=30696"}],"curies":[{"name":"wp","href":"https:\/\/api.w.org\/{rel}","templated":true}]}}