{"id":30691,"date":"2024-02-29T22:09:27","date_gmt":"2024-02-29T21:09:27","guid":{"rendered":"https:\/\/nordicknittingsociety.com\/?post_type=product&#038;p=30691"},"modified":"2024-02-29T22:09:28","modified_gmt":"2024-02-29T21:09:28","slug":"varvinter-skirt","status":"publish","type":"product","link":"https:\/\/nordicknittingsociety.com\/sv\/produkt\/varvinter-skirt\/","title":{"rendered":"V\u00e5rvinter Skirt"},"content":{"rendered":"<p><strong>Storlekar<\/strong><br \/>\n1, (2), 3, (4), 5, (6), 7, (8)<br \/>\n<strong>F\u00e4rdigt m\u00e5tt midja:<\/strong><br \/>\n63, (73), 83, (93), 103, (110), 120, (130) cm.<br \/>\n<strong>F\u00e4rdigt m\u00e5tt h\u00f6ft:<\/strong><br \/>\n83, (93), 103, (114), 123, (130), 142, (152) cm.<br \/>\n<strong>Stickfasthet<\/strong><br \/>\n12 m*18 v =10 cm i sl\u00e4tstickning stickat runt efter blockning.<br \/>\n<strong>Garn<\/strong><br \/>\nIstex Alafosslopi<br \/>\n250, (300), 350, (400), 500, (550), 600, (650) gram.<br \/>\n<strong>Material<\/strong><br \/>\n2 cm brett res\u00e5rband, cirka 2 cm kortare \u00e4n din midjevidd.<br \/>\n<strong>Stickor<\/strong><br \/>\n6 mm rundstickor 100 cm. Anpassa din stickstorlek om du beh\u00f6ver f\u00f6r att f\u00e5 till r\u00e4tt stickfasthet.<br \/>\nDu beh\u00f6ver ocks\u00e5 fem mark\u00f6rer.<\/p>\n","protected":false},"excerpt":{"rendered":"<p><strong>Om m\u00f6nstret<\/strong><br \/>\nV\u00e5rvinter Skirt, designad av Emelie Branden @bybranden,\u00a0 \u00e4r en varm kjol perfekt till de kalla dagarna n\u00e4r du beh\u00f6ver lite extra v\u00e4rme p\u00e5 l\u00e5ren. Jag b\u00e4r min fr\u00e4mst som t\u00e4ckkjol ovanp\u00e5 ett par vanliga<br \/>\nbyxor utomhus, men du kan sj\u00e4lvklart ocks\u00e5 b\u00e4ra kjolen tillsammans med ett par strumpbyxor.<br \/>\nV\u00e5rvinter \u00e4r en kollektion inspirerad av s\u00e4songen v\u00e5rvinter i J\u00e4mtland. Det \u00e4r en vacker s\u00e4song att spendera mycket tid utomhus, n\u00e4r solen v\u00e4rmer sk\u00f6nt fast sn\u00f6n \u00e4r kvar p\u00e5 marken.<br \/>\nKollektionen \u00e4r perfekt just till denna s\u00e4song, men ocks\u00e5 alla andra s\u00e4songer n\u00e4r du beh\u00f6ver lite extra v\u00e4rmande plagg.<br \/>\nKjolen har en invikt res\u00e5rkanal d\u00e4r du syr in ett res\u00e5rband f\u00f6r att h\u00e5lla kjolen uppe. Kjolen har kortvarv mitt bak f\u00f6r att passa fint \u00f6ver rumpan, ett<br \/>\nbrutet res\u00e5rm\u00f6nster i sidorna, samt slits l\u00e4ngst ned med bruten res\u00e5r.<\/p>\n","protected":false},"featured_media":29862,"template":"","meta":{"_et_pb_use_builder":"","_et_pb_old_content":"","_et_gb_content_width":"","_coblocks_attr":"","_coblocks_dimensions":"","_coblocks_responsive_height":"","_coblocks_accordion_ie_support":"","_crdt_document":"","om_disable_all_campaigns":false,"_monsterinsights_skip_tracking":false,"_monsterinsights_sitenote_active":false,"_monsterinsights_sitenote_note":"","_monsterinsights_sitenote_category":0,"jetpack_publicize_message":"","jetpack_publicize_feature_enabled":true,"jetpack_social_post_already_shared":true,"jetpack_social_options":{"image_generator_settings":{"template":"highway","default_image_id":0,"font":"","enabled":false},"version":2},"_wpas_customize_per_network":false},"product_brand":[],"product_cat":[1372487,1372702,1372345,1372363,1372619,1372435,1372701],"product_tag":[],"class_list":{"0":"post-30691","1":"product","2":"type-product","3":"status-publish","4":"has-post-thumbnail","6":"product_cat-emelie-branden","7":"product_cat-kjol","8":"product_cat-monster","9":"product_cat-medlemsskap","10":"product_cat-nks-shop","11":"product_cat-prenumerationer","12":"product_cat-skirt-monster","13":"member-discount","14":"discount-restricted","16":"first","17":"instock","18":"downloadable","19":"taxable","20":"shipping-taxable","21":"purchasable","22":"product-type-simple"},"aioseo_notices":[],"jetpack_publicize_connections":[],"jetpack_sharing_enabled":true,"_links":{"self":[{"href":"https:\/\/nordicknittingsociety.com\/sv\/wp-json\/wp\/v2\/product\/30691","targetHints":{"allow":["GET"]}}],"collection":[{"href":"https:\/\/nordicknittingsociety.com\/sv\/wp-json\/wp\/v2\/product"}],"about":[{"href":"https:\/\/nordicknittingsociety.com\/sv\/wp-json\/wp\/v2\/types\/product"}],"wp:featuredmedia":[{"embeddable":true,"href":"https:\/\/nordicknittingsociety.com\/sv\/wp-json\/wp\/v2\/media\/29862"}],"wp:attachment":[{"href":"https:\/\/nordicknittingsociety.com\/sv\/wp-json\/wp\/v2\/media?parent=30691"}],"wp:term":[{"taxonomy":"product_brand","embeddable":true,"href":"https:\/\/nordicknittingsociety.com\/sv\/wp-json\/wp\/v2\/product_brand?post=30691"},{"taxonomy":"product_cat","embeddable":true,"href":"https:\/\/nordicknittingsociety.com\/sv\/wp-json\/wp\/v2\/product_cat?post=30691"},{"taxonomy":"product_tag","embeddable":true,"href":"https:\/\/nordicknittingsociety.com\/sv\/wp-json\/wp\/v2\/product_tag?post=30691"}],"curies":[{"name":"wp","href":"https:\/\/api.w.org\/{rel}","templated":true}]}}