{"id":28797,"date":"2024-01-01T11:38:56","date_gmt":"2024-01-01T10:38:56","guid":{"rendered":"https:\/\/nordicknittingsociety.com\/?post_type=product&#038;p=28797"},"modified":"2024-01-01T11:38:57","modified_gmt":"2024-01-01T10:38:57","slug":"winter-night-sweater","status":"publish","type":"product","link":"https:\/\/nordicknittingsociety.com\/sv\/produkt\/winter-night-sweater\/","title":{"rendered":"Winter Night Sweater"},"content":{"rendered":"<p><strong>Storlekar:<br \/>\n<\/strong>1, 2, 3 (4, 5, 6) 7, 8, 9<strong><br \/>\nPassar bystvidd:<br \/>\n<\/strong>ca 74, 84, 94 (104, 114, 124) 134, 144, 154 cm<strong><br \/>\nPlaggets m\u00e5tt bystvidd:<br \/>\n<\/strong>ca 80, 90, 100 (110,120, 130) 140, 150, 160 cm<strong><br \/>\nPlaggets l\u00e4ngd mitt bak:<br \/>\n<\/strong>ca 66,5, 66,5, 67 (68, 69, 70) 71, 72, 73 cm<strong><br \/>\nR\u00f6relsevidd:<br \/>\n<\/strong>6 cm eller den r\u00f6relsevidd du f\u00f6redrar.C<br \/>\n<strong><br \/>\nGarn<br \/>\nBottenf\u00e4rg:<br \/>\n<\/strong>J\u00e4rbo Svensk Ull 3-tr, 100% svensk ull, 180 m \/ 100 g i f\u00e4rgen Helsinge Dark (59020)<strong><br \/>\n<\/strong><\/p>\n<p><strong>M\u00f6nsterf\u00e4rg:<br \/>\n<\/strong>J\u00e4rbo Svensk Ull 3-tr, 100% svensk ull, 180 m \/ 100 g i f\u00e4rgen Arctic Fox (59001).<br \/>\n<strong><br \/>\nGarn\u00e5tg\u00e5ng<br \/>\nBottenf\u00e4rg:<br \/>\n<\/strong>430, 475, 515 (570, 630, 705) 775, 860, 915 g eller 775, 855, 930 (1030, 1135, 1270) 1395, 1550,<br \/>\n1650 m 3-tr\u00e5digt ullgarn (ca 180 m \/ 100 g).<br \/>\n<strong>M\u00f6nsterf\u00e4rg:<\/strong><br \/>\n50, 55, 60 (65, 70, 80) 85, 90, 95 g eller 90, 100, 110 (120, 130, 145) 155, 165, 175 m<br \/>\n3-tr\u00e5digt ullgarn (ca 180 m \/ 100 g).<\/p>\n<p><strong>Stickor<\/strong><br \/>\nRundsticka 40 och 80 \u2013 120 cm: 3,5 mm (res\u00e5r)<br \/>\nRundstickor 40, 60 och 80 \u2013 120 cm: 4,0 mm<br \/>\n(sl\u00e4t- och flerf\u00e4rgsstickning)<br \/>\nStrumpstickor 3,5 och 4,0 mm (res\u00e5r resp.<br \/>\nsl\u00e4tstickning)<\/p>\n<p><strong>Stickfasthet<br \/>\n<\/strong>18 m x 26 varv = 10 cm i sl\u00e4tstickning, runt, p\u00e5<br \/>\nsticka 4,0 mm.<br \/>\nAnv\u00e4nd alltid den stickstorlek du beh\u00f6ver f\u00f6r att<br \/>\nuppn\u00e5 den angivna stickfastheten<strong>.<br \/>\n<\/strong><br \/>\n<strong>Tillbeh\u00f6r<\/strong><br \/>\nStickmark\u00f6r, restgarn eller maskh\u00e5llare,<br \/>\nstoppn\u00e5l.<\/p>\n","protected":false},"excerpt":{"rendered":"<p>Om du aldrig tidigare stickat en jultr\u00f6ja \u2013 This is it!<br \/>\nWinter Night Sweater \u00e4r den perfekta jultr\u00f6jan!<\/p>\n<p>\u201cOm du g\u00e5r p\u00e5 promenad i skogen en vinterkv\u00e4ll beh\u00f6ver du en varm tr\u00f6ja. Winter Night Sweater<br \/>\nstickas i ull fr\u00e5n svenska f\u00e5r, 3-tr\u00e5dig Svensk Ull fr\u00e5n J\u00e4rbo Garn, och v\u00e4rmer gott n\u00e4r stj\u00e4rnorna lyser klara fr\u00e5n himlen.<br \/>\nTr\u00f6jan stickas nedifr\u00e5n och upp med vriden res\u00e5r i muddarna och till sist stickas det vintriga m\u00f6nsterstickade oket med en kontrasterande f\u00e4rg.<br \/>\nHalskanten stickas ocks\u00e5 den med vriden res\u00e5r och viks dubbel f\u00f6r lite extra v\u00e4rme vid halsen. Nu kan du k\u00e4nna dig rustad f\u00f6r l\u00e5nga vandringar om vintern\u201d s\u00e4ger Annelie Verbrugge i beskrivningen av sin senaste design.<\/p>\n","protected":false},"featured_media":27890,"template":"","meta":{"_et_pb_use_builder":"","_et_pb_old_content":"","_et_gb_content_width":"","_coblocks_attr":"","_coblocks_dimensions":"","_coblocks_responsive_height":"","_coblocks_accordion_ie_support":"","_crdt_document":"","om_disable_all_campaigns":false,"_monsterinsights_skip_tracking":false,"_monsterinsights_sitenote_active":false,"_monsterinsights_sitenote_note":"","_monsterinsights_sitenote_category":0,"jetpack_publicize_message":"","jetpack_publicize_feature_enabled":true,"jetpack_social_post_already_shared":true,"jetpack_social_options":{"image_generator_settings":{"template":"highway","default_image_id":0,"font":"","enabled":false},"version":2},"_wpas_customize_per_network":false},"product_brand":[],"product_cat":[1372486,1372641,1372345,1372619,1372435,1372432,1372431],"product_tag":[],"class_list":{"0":"post-28797","1":"product","2":"type-product","3":"status-publish","4":"has-post-thumbnail","6":"product_cat-annelie-verbrugge","7":"product_cat-manadens-monster","8":"product_cat-monster","9":"product_cat-nks-shop","10":"product_cat-prenumerationer","11":"product_cat-sweater","12":"product_cat-troja","13":"member-discount","14":"discount-restricted","16":"first","17":"instock","18":"downloadable","19":"taxable","20":"shipping-taxable","21":"purchasable","22":"product-type-simple"},"aioseo_notices":[],"jetpack_publicize_connections":[],"jetpack_sharing_enabled":true,"_links":{"self":[{"href":"https:\/\/nordicknittingsociety.com\/sv\/wp-json\/wp\/v2\/product\/28797","targetHints":{"allow":["GET"]}}],"collection":[{"href":"https:\/\/nordicknittingsociety.com\/sv\/wp-json\/wp\/v2\/product"}],"about":[{"href":"https:\/\/nordicknittingsociety.com\/sv\/wp-json\/wp\/v2\/types\/product"}],"wp:featuredmedia":[{"embeddable":true,"href":"https:\/\/nordicknittingsociety.com\/sv\/wp-json\/wp\/v2\/media\/27890"}],"wp:attachment":[{"href":"https:\/\/nordicknittingsociety.com\/sv\/wp-json\/wp\/v2\/media?parent=28797"}],"wp:term":[{"taxonomy":"product_brand","embeddable":true,"href":"https:\/\/nordicknittingsociety.com\/sv\/wp-json\/wp\/v2\/product_brand?post=28797"},{"taxonomy":"product_cat","embeddable":true,"href":"https:\/\/nordicknittingsociety.com\/sv\/wp-json\/wp\/v2\/product_cat?post=28797"},{"taxonomy":"product_tag","embeddable":true,"href":"https:\/\/nordicknittingsociety.com\/sv\/wp-json\/wp\/v2\/product_tag?post=28797"}],"curies":[{"name":"wp","href":"https:\/\/api.w.org\/{rel}","templated":true}]}}