{"id":26563,"date":"2023-10-31T20:17:45","date_gmt":"2023-10-31T19:17:45","guid":{"rendered":"https:\/\/nordicknittingsociety.com\/?post_type=product&#038;p=26563"},"modified":"2023-10-31T20:17:47","modified_gmt":"2023-10-31T19:17:47","slug":"october-mittens-2023","status":"publish","type":"product","link":"https:\/\/nordicknittingsociety.com\/sv\/produkt\/october-mittens-2023\/","title":{"rendered":"October Mittens 2023"},"content":{"rendered":"<p><em><strong>Garn<\/strong><br \/>\n<\/em>Rauma Finull<br \/>\nF\u00e4rg A: cerise (4886)<br \/>\nF\u00e4rg B: ljusrosa (4094)<br \/>\nF\u00e4rg C: svart (4387)<\/p>\n<p>Du kan givetvis sticka dina vantar i annat garn. T\u00e4nk p\u00e5 att v\u00e4lja ett garn med samma str\u00e4ckning, 175 m\/50 g (350 m\/100g)<\/p>\n<p><strong>Garn\u00e5tg\u00e5ng<\/strong><br \/>\nF\u00e4rg A: 15g (ca 55 m)<br \/>\nF\u00e4rg B: 27g (ca 95 m)<br \/>\nF\u00e4rg C: 27g (ca 95 m)<\/p>\n<p><strong>Stickor<\/strong><em><br \/>\n<\/em>2,5 mm och 3,0 mm (eller den storlek du beh\u00f6ver f\u00f6r att uppn\u00e5 r\u00e4tt stickfasthet)<\/p>\n<p><strong>Stickfasthet<\/strong><br \/>\n30 m x 30 v = 10\u00d710 cm i flerf\u00e4rgsstickning efter blockning. (f\u00f6r en st\u00f6rre vante kan du testa att g\u00e5 upp 0,25-0,5 mm i stickstorlek)<\/p>\n<p><strong>F\u00e4rdiga m\u00e5tt<\/strong><br \/>\nBredd: 10 cm<br \/>\nL\u00e4ngd: 24,5 cm inkl. mudd \u2013 f\u00f6r st\u00f6rre storlek, g\u00e5 upp 0.25 \u2013 0,5 i stickstorlek.<\/p>\n<p><strong>TIPS!\u00a0<\/strong><br \/>\nOm du stickar h\u00e5rt och tenderar att dra \u00e5t f\u00f6r mycket kommer dina flotteringar bli f\u00f6r tajta. Det inneb\u00e4r att vanten blir mindre, och \u00e4ven att m\u00f6nstret inte kommer att framtr\u00e4da p\u00e5 det tydliga s\u00e4tt du \u00f6nskar.<\/p>\n<p>Prova att v\u00e4nda vanten ut-och- in, sticka fortsatt p\u00e5 r\u00e4tsidan, men ha flotteringarna p\u00e5 utsidan, d\u00e5 h\u00e5ller du l\u00e4ttare koll p\u00e5 att de inte blir f\u00f6r tajta.<\/p>\n<p>Gl\u00f6m inte att alla tv\u00e5f\u00e4rgstickade plagg beh\u00f6ver blockas f\u00f6r att maskorna ska hitta sin r\u00e4tta plats och att m\u00f6nstret ska framtr\u00e4da!<\/p>\n","protected":false},"excerpt":{"rendered":"<p>S\u00e4songsklubben introduceras i oktober 2023<br \/>\nVi \u00e4r s\u00e5 stolta och glada \u00f6ver v\u00e5rt nya samarbete med Josefine @Pillerstickarn som kommer designa f\u00f6r oss i b\u00e5de S\u00e4songsklubben och i M\u00e5nadens m\u00f6nster.<\/p>\n<p><strong>Om m\u00f6nstret\u00a0<\/strong><br \/>\nOktober \u00e4r ju som de allra flesta redan vet den m\u00e5nad d\u00e5 vi uppm\u00e4rksammar br\u00f6stcancer och p\u00e5 alla s\u00e4tt vi kan f\u00f6rs\u00f6ker samla in pengar till forskning \u2013 fr\u00e4mst via Cancerfonden.<br \/>\nDet \u00e4r f\u00f6rsta g\u00e5ngen Josefine designar en\u00a0<strong>tuttvante<\/strong>, och eftersom detta \u00e4mne ligger mig varmt om hj\u00e4rtat (v\u00e4lg\u00f6renhet och forskning det vill s\u00e4ga \u2013 hur h\u00e4rliga tuttar \u00e4n \u00e4r!) s\u00e5 kommer jag, Josefine, att sk\u00e4nka 10 kr f\u00f6r varje tecknad s\u00e4songsklubbsprenumeration hos Nordic Knitting Society under oktober m\u00e5nad 2023 samt f\u00f6r varje s\u00e5lt m\u00f6nster under november och december 2023 till f\u00f6rm\u00e5n f\u00f6r br\u00f6stcancerforskningen via Cancerfonden (upp till max 4000 kr totalt).<br \/>\nJag tror att vi alla har n\u00e5gon i v\u00e5r n\u00e4rhet (om inte vi sj\u00e4lva) som tyv\u00e4rr redan har drabbats av denna sjukdom, men tillsammans kan vi g\u00f6ra skillnad! \/Josefine, @Pillerstickarn<br \/>\n<strong><em>Givetvis m\u00f6ter Nordic Knitting Society upp med att ocks\u00e5 sk\u00e4nka 10 kr f\u00f6r varje tecknad s\u00e4songsklubbsprenumeration hos Nordic Knitting Society under oktober 2023.\u00a0<\/em><\/strong><\/p>\n","protected":false},"featured_media":25366,"template":"","meta":{"_et_pb_use_builder":"","_et_pb_old_content":"","_et_gb_content_width":"","_coblocks_attr":"","_coblocks_dimensions":"","_coblocks_responsive_height":"","_coblocks_accordion_ie_support":"","_crdt_document":"","om_disable_all_campaigns":false,"_monsterinsights_skip_tracking":false,"_monsterinsights_sitenote_active":false,"_monsterinsights_sitenote_note":"","_monsterinsights_sitenote_category":0,"jetpack_publicize_message":"","jetpack_publicize_feature_enabled":true,"jetpack_social_post_already_shared":true,"jetpack_social_options":{"image_generator_settings":{"template":"highway","default_image_id":0,"font":"","enabled":false},"version":2},"_wpas_customize_per_network":false},"product_brand":[],"product_cat":[1372684,1372345,1372363,1372640,1372619,1372435,1372682,1372422],"product_tag":[],"class_list":{"0":"post-26563","1":"product","2":"type-product","3":"status-publish","4":"has-post-thumbnail","6":"product_cat-josefine-akerstrom","7":"product_cat-monster","8":"product_cat-medlemsskap","9":"product_cat-mittens","10":"product_cat-nks-shop","11":"product_cat-prenumerationer","12":"product_cat-sasongsklubben","13":"product_cat-vantar","14":"member-discount","15":"discount-restricted","17":"first","18":"instock","19":"downloadable","20":"taxable","21":"shipping-taxable","22":"purchasable","23":"product-type-simple"},"aioseo_notices":[],"jetpack_publicize_connections":[],"jetpack_sharing_enabled":true,"_links":{"self":[{"href":"https:\/\/nordicknittingsociety.com\/sv\/wp-json\/wp\/v2\/product\/26563","targetHints":{"allow":["GET"]}}],"collection":[{"href":"https:\/\/nordicknittingsociety.com\/sv\/wp-json\/wp\/v2\/product"}],"about":[{"href":"https:\/\/nordicknittingsociety.com\/sv\/wp-json\/wp\/v2\/types\/product"}],"wp:featuredmedia":[{"embeddable":true,"href":"https:\/\/nordicknittingsociety.com\/sv\/wp-json\/wp\/v2\/media\/25366"}],"wp:attachment":[{"href":"https:\/\/nordicknittingsociety.com\/sv\/wp-json\/wp\/v2\/media?parent=26563"}],"wp:term":[{"taxonomy":"product_brand","embeddable":true,"href":"https:\/\/nordicknittingsociety.com\/sv\/wp-json\/wp\/v2\/product_brand?post=26563"},{"taxonomy":"product_cat","embeddable":true,"href":"https:\/\/nordicknittingsociety.com\/sv\/wp-json\/wp\/v2\/product_cat?post=26563"},{"taxonomy":"product_tag","embeddable":true,"href":"https:\/\/nordicknittingsociety.com\/sv\/wp-json\/wp\/v2\/product_tag?post=26563"}],"curies":[{"name":"wp","href":"https:\/\/api.w.org\/{rel}","templated":true}]}}