{"id":25547,"date":"2023-10-01T13:17:03","date_gmt":"2023-10-01T11:17:03","guid":{"rendered":"https:\/\/nordicknittingsociety.com\/?post_type=product&#038;p=25547"},"modified":"2023-10-31T20:38:27","modified_gmt":"2023-10-31T19:38:27","slug":"mintchokladsockor","status":"publish","type":"product","link":"https:\/\/nordicknittingsociety.com\/sv\/produkt\/mintchokladsockor\/","title":{"rendered":"Mintchokladsockor"},"content":{"rendered":"<p><strong>Storlekar<br \/>\n<\/strong>A, B, C, D<br \/>\nSockorna \u00e4r designade f\u00f6r att vara \u00e5tsittande med en negativ r\u00f6relsevidd p\u00e5 c:a 1-4 cm f\u00f6r att passa fot med omkrets 16.5-19.5 (19.5-22.5, 22.5-25.5, 25.5-29.5) cm<\/p>\n<p><strong>Garn<br \/>\n<\/strong>Observera att tv\u00e5 tr\u00e5dar stickas tillsammans, en tr\u00e5d Sandnes Sisu 80% ull \/ 20% polyamid, str\u00e4ckning 175m\/50g en tr\u00e5d Isager Silk Mohair, 70% kid mohair 30% silke, str\u00e4ckning 212m\/25g<\/p>\n<p><strong>Garn\u00e5tg\u00e5ng:<\/strong><br \/>\nGrundf\u00e4rg, gfg: 150 (170, 180, 200) meter per garn<br \/>\nM\u00f6nsterf\u00e4rg, mfg: 130 (150, 170, 190) meter per garn<\/p>\n<p>T\u00e4nk p\u00e5 att garn\u00e5tg\u00e5ngen kan f\u00f6r\u00e4ndras beroende p\u00e5 hur l\u00e5ng sockans fot stickas.<\/p>\n<p><strong>Stickfasthet<br \/>\n<\/strong>26 m och 35 varv = 10\u00d710 cm i sl\u00e4tstickning efter blocking. Sockorna stickas med en t\u00e4t stickfasthet f\u00f6r att f\u00e5 dem mer h\u00e5llbara.<br \/>\nS\u00e4kerst\u00e4ll att b\u00e5de mask- och varvt\u00e4thet st\u00e4mmer f\u00f6r att sockorna ska passa bra p\u00e5 foten. Jag stickar h\u00e5rt s\u00e5 du kan beh\u00f6va g\u00e5 ner i stickstorlek, f\u00f6r att uppn\u00e5 stickfasthet.<\/p>\n<p><strong>Stickor<br \/>\n<\/strong>Rundstickor 80 cm, eller eller v\u00e4lj de stickor du sj\u00e4lv f\u00f6redrar att sticka strumpor med, t.ex korta 23 cm rundstickor, klassiska strumpstickor eller s\u00e5 kallade Flexi-flops.<br \/>\nProvexemplaret stickades p\u00e5 stickor 3.5 mm. V\u00e4lj den stickstorlek som ger r\u00e4tt stickfasthet, l\u00e4s mer under Stickfasthet nedan<\/p>\n<p><strong>Tillbeh\u00f6r<br \/>\n<\/strong>5 stickmark\u00f6rer varav en unik att anv\u00e4nda som varvmark\u00f6r<br \/>\nStoppn\u00e5l<\/p>\n","protected":false},"excerpt":{"rendered":"<p>Dessa ljuvliga sockor var m\u00e5nadens sockor i sockklubben september 2023, och \u00e4r det Anna @yarnesty Friberg som \u00e4r designer \u2764<\/p>\n<p>S\u00e5h\u00e4r beskriver Anna sitt nya m\u00f6nster #Mintchokladsockor<\/p>\n<p><em>\u201cIbland n\u00e4r jag h\u00e5ller i ett garn, s\u00e5 talar garnet sj\u00e4lv om f\u00f6r mig vad det vill bli. Som om det \u00e4r garnet, och inte jag sj\u00e4lv, som hittar p\u00e5 m\u00f6nstret. Just s\u00e5 var det med detta vackra garn.<br \/>\n<\/em><em>Den mintgr\u00f6na f\u00e4rgen, tillsammans med de kontrasterande chokladigt m\u00f6rka tonerna, p\u00e5minner mig om en alldeles speciell sorts chokladgodis med luftbubblor i som jag alltid passar p\u00e5 att k\u00f6pa n\u00e4r jag \u00e4r i Storbritannien. De alldeles sm\u00e4lter p\u00e5 tungan och d\u00e5 framtr\u00e4der tydliga toner av mint. Fantastiskt gott och n\u00e5got jag varmt kan rekommendera.<br \/>\n<\/em><em>S\u00e5ledes f\u00f6rdes tanken in p\u00e5 att f\u00e5nga k\u00e4nslan av att \u00e4ta detta godis, i en socka. Minten som blandas med chokladen, stickat i ett mjukt fluffigt garn. F\u00f6r att framh\u00e4va denna tanke s\u00e5 kan \u00e4ven n\u00e5gra chokladrutor urskiljas i sockans strukturm\u00f6nster. Jag vill \u00f6nska dig en smakfull stickning!<\/em><\/p>\n","protected":false},"featured_media":24410,"template":"","meta":{"_et_pb_use_builder":"","_et_pb_old_content":"","_et_gb_content_width":"","_coblocks_attr":"","_coblocks_dimensions":"","_coblocks_responsive_height":"","_coblocks_accordion_ie_support":"","_crdt_document":"","om_disable_all_campaigns":false,"_monsterinsights_skip_tracking":false,"_monsterinsights_sitenote_active":false,"_monsterinsights_sitenote_note":"","_monsterinsights_sitenote_category":0,"jetpack_publicize_message":"","jetpack_publicize_feature_enabled":true,"jetpack_social_post_already_shared":true,"jetpack_social_options":{"image_generator_settings":{"template":"highway","default_image_id":0,"font":"","enabled":false},"version":2},"_wpas_customize_per_network":false},"product_brand":[],"product_cat":[1372437,1372345,1372363,1372619,1372459,1372346,1372436],"product_tag":[],"class_list":{"0":"post-25547","1":"product","2":"type-product","3":"status-publish","4":"has-post-thumbnail","6":"product_cat-anna-friberg","7":"product_cat-monster","8":"product_cat-medlemsskap","9":"product_cat-nks-shop","10":"product_cat-sockklubben","11":"product_cat-sockor","12":"product_cat-socks","13":"member-discount","14":"discount-restricted","16":"first","17":"instock","18":"downloadable","19":"taxable","20":"shipping-taxable","21":"purchasable","22":"product-type-simple"},"aioseo_notices":[],"jetpack_publicize_connections":[],"jetpack_sharing_enabled":true,"_links":{"self":[{"href":"https:\/\/nordicknittingsociety.com\/sv\/wp-json\/wp\/v2\/product\/25547","targetHints":{"allow":["GET"]}}],"collection":[{"href":"https:\/\/nordicknittingsociety.com\/sv\/wp-json\/wp\/v2\/product"}],"about":[{"href":"https:\/\/nordicknittingsociety.com\/sv\/wp-json\/wp\/v2\/types\/product"}],"wp:featuredmedia":[{"embeddable":true,"href":"https:\/\/nordicknittingsociety.com\/sv\/wp-json\/wp\/v2\/media\/24410"}],"wp:attachment":[{"href":"https:\/\/nordicknittingsociety.com\/sv\/wp-json\/wp\/v2\/media?parent=25547"}],"wp:term":[{"taxonomy":"product_brand","embeddable":true,"href":"https:\/\/nordicknittingsociety.com\/sv\/wp-json\/wp\/v2\/product_brand?post=25547"},{"taxonomy":"product_cat","embeddable":true,"href":"https:\/\/nordicknittingsociety.com\/sv\/wp-json\/wp\/v2\/product_cat?post=25547"},{"taxonomy":"product_tag","embeddable":true,"href":"https:\/\/nordicknittingsociety.com\/sv\/wp-json\/wp\/v2\/product_tag?post=25547"}],"curies":[{"name":"wp","href":"https:\/\/api.w.org\/{rel}","templated":true}]}}