{"id":12082,"date":"2023-04-01T01:39:45","date_gmt":"2023-03-31T23:39:45","guid":{"rendered":"https:\/\/nordicknittingsociety.com\/?post_type=product&#038;p=12082"},"modified":"2023-05-03T19:10:09","modified_gmt":"2023-05-03T17:10:09","slug":"tussilago-socks","status":"publish","type":"product","link":"https:\/\/nordicknittingsociety.com\/sv\/produkt\/tussilago-socks\/","title":{"rendered":"Tussilago Socks"},"content":{"rendered":"<p><strong>Garnf\u00f6rslag\/garn\u00e5tg\u00e5ng<\/strong><br \/>\nSockgarn med en l\u00f6pl\u00e4ngd p\u00e5 ungef\u00e4r 260 m \/100 g.<br \/>\nGarn som anv\u00e4nds h\u00e4r \u00e4r J\u00e4rbo Mellanraggi och Novita Nalle, 75% superwash ull, 25% polyamid, 260 m \/ 100 g.<br \/>\nFg A: Mellanraggi 28393 Soft Lemon<br \/>\nFg B: Mellanraggi 28211 Light Grey<br \/>\nFg C: Mellanraggi 28392 Yellow Ochre<br \/>\nFg D: Nalle 246011 Vit<\/p>\n<p><strong>Stickor<br \/>\n<\/strong>Rundsticka 3 mm (magic loop)<br \/>\nStrumpstickor 3 mm<br \/>\n<strong><br \/>\nStickfasthet<br \/>\n<\/strong>25 m x 32 varv = 10 cm i sl\u00e4tstickning runt p\u00e5<br \/>\nsticka 3,0 mm.<br \/>\nAnv\u00e4nd alltid den stickstorlek du beh\u00f6ver f\u00f6r<br \/>\natt uppn\u00e5 den angivna stickfastheten.<br \/>\n<strong><br \/>\n\u00d6vrigt<br \/>\n<\/strong>Stickmark\u00f6r, fl\u00e4tsticka, stoppn\u00e5l.<\/p>\n","protected":false},"excerpt":{"rendered":"<p>\u2013 Iiiiiiiii, h\u00f6r ni v\u00e5rskriket?<br \/>\nSe vilka fantastiska v\u00e5rsockor Annelie Verbrugge har designat, s\u00e5 mysiga!\u00a0 \u00c4ven namnet ropar v\u00e5r #Tussilagosocks!<br \/>\nIn och rota runt i bland dina restgarner, vi lovar att du kommer hitta passande f\u00e4rger till dessa sockor! ochj du kan givetvis sticka dessa underbara sockor alla \u00e5rstider!<\/p>\n<p>Tussilago Socks stickas uppifr\u00e5n och ner och inneh\u00e5ller b\u00e5de flerf\u00e4rgs- och fl\u00e4tstickning. Den m\u00f6nsterstickade delen av skaftet stickas till viss del med tre f\u00e4rger p\u00e5 samma varv, vilket g\u00f6r de h\u00e4r sockorna till ett utm\u00e4rkt projekt f\u00f6r den som vill prova p\u00e5 att sticka med fler \u00e4n tv\u00e5 f\u00e4rger i taget. Resultatet \u00e4r v\u00e4l v\u00e4rt det! Nerf\u00f6r resten av sockan l\u00f6per en enkel fl\u00e4tvridning p\u00e5 yttersidan av foten, likt en v\u00e5rb\u00e4ck som glatt porlar \u00f6ver stock och sten.<\/p>\n","protected":false},"featured_media":11401,"template":"","meta":{"_et_pb_use_builder":"","_et_pb_old_content":"","_et_gb_content_width":"","_coblocks_attr":"","_coblocks_dimensions":"","_coblocks_responsive_height":"","_coblocks_accordion_ie_support":"","_crdt_document":"","om_disable_all_campaigns":false,"_monsterinsights_skip_tracking":false,"_monsterinsights_sitenote_active":false,"_monsterinsights_sitenote_note":"","_monsterinsights_sitenote_category":0,"jetpack_publicize_message":"","jetpack_publicize_feature_enabled":true,"jetpack_social_post_already_shared":true,"jetpack_social_options":{"image_generator_settings":{"template":"highway","default_image_id":0,"font":"","enabled":false},"version":2},"_wpas_customize_per_network":false},"product_brand":[],"product_cat":[1372486,1372345,1372619,1372459,1372346,1372436],"product_tag":[],"class_list":{"0":"post-12082","1":"product","2":"type-product","3":"status-publish","4":"has-post-thumbnail","6":"product_cat-annelie-verbrugge","7":"product_cat-monster","8":"product_cat-nks-shop","9":"product_cat-sockklubben","10":"product_cat-sockor","11":"product_cat-socks","12":"member-discount","13":"discount-restricted","15":"first","16":"instock","17":"downloadable","18":"taxable","19":"shipping-taxable","20":"purchasable","21":"product-type-simple"},"aioseo_notices":[],"jetpack_publicize_connections":[],"jetpack_sharing_enabled":true,"_links":{"self":[{"href":"https:\/\/nordicknittingsociety.com\/sv\/wp-json\/wp\/v2\/product\/12082","targetHints":{"allow":["GET"]}}],"collection":[{"href":"https:\/\/nordicknittingsociety.com\/sv\/wp-json\/wp\/v2\/product"}],"about":[{"href":"https:\/\/nordicknittingsociety.com\/sv\/wp-json\/wp\/v2\/types\/product"}],"wp:featuredmedia":[{"embeddable":true,"href":"https:\/\/nordicknittingsociety.com\/sv\/wp-json\/wp\/v2\/media\/11401"}],"wp:attachment":[{"href":"https:\/\/nordicknittingsociety.com\/sv\/wp-json\/wp\/v2\/media?parent=12082"}],"wp:term":[{"taxonomy":"product_brand","embeddable":true,"href":"https:\/\/nordicknittingsociety.com\/sv\/wp-json\/wp\/v2\/product_brand?post=12082"},{"taxonomy":"product_cat","embeddable":true,"href":"https:\/\/nordicknittingsociety.com\/sv\/wp-json\/wp\/v2\/product_cat?post=12082"},{"taxonomy":"product_tag","embeddable":true,"href":"https:\/\/nordicknittingsociety.com\/sv\/wp-json\/wp\/v2\/product_tag?post=12082"}],"curies":[{"name":"wp","href":"https:\/\/api.w.org\/{rel}","templated":true}]}}