{"id":796,"date":"2022-03-14T18:54:39","date_gmt":"2022-03-14T17:54:39","guid":{"rendered":"https:\/\/nordicknittingsociety.com\/?page_id=796"},"modified":"2025-02-02T18:30:01","modified_gmt":"2025-02-02T17:30:01","slug":"anneli-verbrugge","status":"publish","type":"page","link":"https:\/\/nordicknittingsociety.com\/sv\/anneli-verbrugge\/","title":{"rendered":"Annelie Verbrugge"},"content":{"rendered":"<p>[et_pb_section fb_built=&#8221;1&#8243; admin_label=&#8221;Hero Section&#8221; _builder_version=&#8221;4.11.1&#8243; background_color=&#8221;#f7ede3&#8243; use_background_color_gradient=&#8221;on&#8221; background_color_gradient_start=&#8221;#f4f0e9&#8243; background_color_gradient_end=&#8221;rgba(244,240,233,0)&#8221; background_color_gradient_direction=&#8221;90deg&#8221; background_color_gradient_start_position=&#8221;30%&#8221; background_color_gradient_overlays_image=&#8221;on&#8221; background_enable_image=&#8221;off&#8221; custom_margin=&#8221;|||&#8221; custom_padding=&#8221;0%|0px|14%|0px||&#8221; global_colors_info=&#8221;{}&#8221;][et_pb_row custom_padding_last_edited=&#8221;off|desktop&#8221; admin_label=&#8221;Hero Area&#8221; _builder_version=&#8221;4.11.1&#8243; custom_padding=&#8221;27px|0px|0px|0px&#8221; hover_transition_duration=&#8221;0ms&#8221; global_colors_info=&#8221;{}&#8221;][et_pb_column type=&#8221;4_4&#8243; _builder_version=&#8221;3.25&#8243; custom_padding=&#8221;|||&#8221; global_colors_info=&#8221;{}&#8221; custom_padding__hover=&#8221;|||&#8221;][et_pb_text admin_label=&#8221;Hero Title&#8221; _builder_version=&#8221;4.11.1&#8243; text_font=&#8221;Playfair Display||||||||&#8221; header_font=&#8221;Alice||||||||&#8221; header_font_size=&#8221;120px&#8221; header_letter_spacing=&#8221;-3px&#8221; header_line_height=&#8221;1.1em&#8221; animation_direction=&#8221;left&#8221; hover_transition_duration=&#8221;0ms&#8221; text_font_size_last_edited=&#8221;off|desktop&#8221; header_font_size_tablet=&#8221;&#8221; header_font_size_phone=&#8221;60px&#8221; header_font_size_last_edited=&#8221;on|phone&#8221; global_colors_info=&#8221;{}&#8221;]<\/p>\n<h1>Annelie Verbrugge<\/h1>\n<p>[\/et_pb_text][\/et_pb_column][\/et_pb_row][et_pb_row column_structure=&#8221;1_2,1_2&#8243; _builder_version=&#8221;4.11.1&#8243; _module_preset=&#8221;default&#8221; global_colors_info=&#8221;{}&#8221;][et_pb_column type=&#8221;1_2&#8243; _builder_version=&#8221;4.11.1&#8243; _module_preset=&#8221;default&#8221; global_colors_info=&#8221;{}&#8221;][et_pb_text _builder_version=&#8221;4.11.1&#8243; text_font=&#8221;||||||||&#8221; text_font_size=&#8221;18px&#8221; text_line_height=&#8221;1.8em&#8221; header_font=&#8221;||||||||&#8221; max_width=&#8221;500px&#8221; custom_margin=&#8221;|||&#8221; custom_padding=&#8221;||10px|&#8221; animation_direction=&#8221;left&#8221; hover_transition_duration=&#8221;0ms&#8221; global_colors_info=&#8221;{}&#8221;]<\/p>\n<p><i><span style=\"font-weight: 400;\">M\u00f6t stickpoddaren och designern @powerofwool som egentligen heter Annelie Verbrugge och \u00e4r hemmah\u00f6rande i Glanshammar utanf\u00f6r \u00d6rebro. Tillsammans med @Fiberdrama (Marie \u00d6stling) pratar hon stickning i podden Hemstickat Podcast.<\/span><\/i><i><\/i><\/p>\n<p><span style=\"font-weight: 400;\">K\u00e4rleken till hantverket, material och framf\u00f6rallt ull \u00e4r sl\u00e5ende n\u00e4r Annelie beskriver sin relation till stickning.\u00a0<\/span><\/p>\n<p><span style=\"font-weight: 400;\">&#8211; Jag m\u00e5ste ha l\u00e4rt mig sticka som mycket liten, men jag har inget s\u00e4rskilt minne av n\u00e4r jag l\u00e4rde mig. D\u00e4remot har jag m\u00e5nga fina minnen av att sticka ihop med mamma och mormor som barn och ton\u00e5ring, s\u00e4ger Annelie.\u00a0<\/span><\/p>\n<p><span style=\"font-weight: 400;\">Annelie har en f\u00f6rk\u00e4rlek till textur och hon tror att en del av hennes mormors p\u00e4rmar med instruktioner f\u00f6r olika sticktekniker och strukturer ligger bakom detta.\u00a0<\/span><\/p>\n<p><span style=\"font-weight: 400;\">&#8211; Det var nog en gemensam insats av min mamma och min mormor som gjorde att jag l\u00e4rde mig sticka, det var de som var i min n\u00e4rhet som stickade och handarbetade.\u00a0<\/span><\/p>\n<p><span style=\"font-weight: 400;\">Det \u00e4r alltid intressant att prata stickor och garn med en stickare. <\/span><span style=\"font-weight: 400;\"><br \/><\/span><span style=\"font-weight: 400;\">Annelie ber\u00e4ttar att hon har en har st\u00e4ndig brist p\u00e5 stickor 3,5 och 4,0 mm. <\/span><span style=\"font-size: 18px;\">Det verkar med andra ord vara de storlekarna jag anv\u00e4nder mest. Till sockor i tunt garn anv\u00e4nder jag alltid sticka 2,25 mm, man hittar sina favoriter.\u00a0<\/span><\/p>\n<p><span style=\"font-weight: 400;\">Annelie, likt m\u00e5nga stickare har obehandlat ullgarn som sin absoluta favorit.<\/span><\/p>\n<p><span style=\"font-weight: 400;\">&#8211; Jag stickar g\u00e4rna i sport- och fingering-tjocklek (reds anm 300 m\/100g samt 400 m\/100g). <\/span><span style=\"font-weight: 400;\"><br \/><\/span><span style=\"font-weight: 400;\">De garntjocklekarna passar allra b\u00e4st till tr\u00f6jor och sockor, jag anv\u00e4nder aldrig n\u00e5gra andra \u00e4n mina hemstickade s\u00e5 det g\u00e5r \u00e5t en del, s\u00e4ger Annelie.\u00a0<\/span><\/p>\n<p><span style=\"font-weight: 400;\">Vi bad Annelie ge oss en glimt av hennes f\u00f6rsta design till Nordic Knitting Society\u00a0<\/span><\/p>\n<p><span style=\"font-weight: 400;\">&#8211; Mitt bidrag best\u00e5r av ett set med matchande m\u00f6ssa, halskrage och halvvantar som jag har stickat i gotlandsull och falklandsmerino. En frist\u00e5ende b\u00e5rd av blad i spetsstickning l\u00f6per p\u00e5 sidan av m\u00f6ssan och p\u00e5 halskragen och halvvanten utvecklas bladen till en spira. Kanten p\u00e5 m\u00f6ssan, mudden p\u00e5 halvvanten och nederkanten p\u00e5 kragen \u00e4r dubbelvikt med ett h\u00e5lvarv som skapar en rad av picoter.\u00a0<\/span><span style=\"font-weight: 400;\">\u00a0<\/span><\/p>\n<p><span style=\"font-weight: 400;\">&#8211; Jag \u00e4r svag f\u00f6r att blanda in textur i min stickning, jag tycker det g\u00f6r plagget mycket mer intressant om det h\u00e4nder n\u00e5got under resans g\u00e5ng. Muscher och spetsstickning \u00e4r klara favoriter men jag tycker mycket <\/span><\/p>\n<p>[\/et_pb_text][\/et_pb_column][et_pb_column type=&#8221;1_2&#8243; _builder_version=&#8221;4.11.1&#8243; _module_preset=&#8221;default&#8221; global_colors_info=&#8221;{}&#8221;][et_pb_image src=&#8221;<a href=\"https:\/\/nordicknittingsociety.com\/wp-content\/uploads\/2022\/03\/AnnelieVerbrugge2.jpg&#038;#8221\">https:\/\/nordicknittingsociety.com\/wp-content\/uploads\/2022\/03\/AnnelieVerbrugge2.jpg&#038;#8221<\/a>; title_text=&#8221;AnnelieVerbrugge2&#8243; _builder_version=&#8221;4.11.1&#8243; _module_preset=&#8221;default&#8221; hover_transition_duration=&#8221;0ms&#8221; global_colors_info=&#8221;{}&#8221;][\/et_pb_image][et_pb_text _builder_version=&#8221;4.11.1&#8243; text_font=&#8221;||||||||&#8221; text_font_size=&#8221;18px&#8221; text_line_height=&#8221;1.8em&#8221; header_font=&#8221;||||||||&#8221; max_width=&#8221;500px&#8221; custom_margin=&#8221;|||&#8221; custom_padding=&#8221;||10px|&#8221; animation_direction=&#8221;left&#8221; hover_transition_duration=&#8221;0ms&#8221; global_colors_info=&#8221;{}&#8221;]<\/p>\n<p><span style=\"font-weight: 400;\">om flerf\u00e4rgsstickning ocks\u00e5. Ofta \u00e4r det garnet som inspirerar mig, det \u00e4r sp\u00e4nnande att prova olika tekniker och f\u00e4rgsammans\u00e4ttningar f\u00f6r att komma fram till vad som passar b\u00e4st.<\/span><\/p>\n<p><span style=\"font-weight: 400;\">Annelie en av f\u00e5 designers vi fr\u00e5gat som anv\u00e4nder b\u00e5de kabel med \u00e4ndstickor och strumpstickor.<\/span><\/p>\n<p><span style=\"font-weight: 400;\">&#8211; Oftast blir det magic loop men jag anv\u00e4nder lika g\u00e4rna strumpstickor, s\u00e4ger hon.\u00a0<\/span><\/p>\n<p><span style=\"font-weight: 400;\">Sm\u00e5 tips kan vara v\u00e4ldigt v\u00e4rdefullt, vi bad Annelie om hennes allra b\u00e4sta stickningstips som hon \u00f6nskat att hon hade vetat om l\u00e5ngt tidigare?\u00a0<\/span><\/p>\n<p><span style=\"font-weight: 400;\">&#8211; Du klarar mer \u00e4n du tror! Om du verkligen vill sticka n\u00e5got s\u00e5 finns det alltid hj\u00e4lp att f\u00e5. <\/span><span style=\"font-weight: 400;\"><br \/><\/span><span style=\"font-weight: 400;\">I grunden \u00e4r det bara r\u00e4ta och aviga maskor och det finns s\u00e5 m\u00e5nga k\u00e4llor till kunskap; stickcaf\u00e9er, instruktionsfilmer p\u00e5 Youtube och kurser. <\/span><span style=\"font-weight: 400;\"><br \/><\/span><span style=\"font-weight: 400;\">Ett riktigt bra tips som vi p\u00e5 Nordic Knitting Society verkligen vill understryka vikten av.\u00a0<\/span><\/p>\n<p><span style=\"font-weight: 400;\">Och visst har det h\u00e4nt att Annelie har f\u00f6rlorat stickmojon<\/span><\/p>\n<p><span style=\"font-weight: 400;\">&#8211; Om stickmojon f\u00f6rsvinner beror det oftast p\u00e5 att jag \u00e4r mer sugen p\u00e5 att g\u00f6ra n\u00e5got annat. <\/span><span style=\"font-weight: 400;\"><br \/><\/span><span style=\"font-weight: 400;\">Det kan handla om broderi, spinning eller s\u00f6mnad. <\/span><span style=\"font-weight: 400;\"><br \/><\/span><span style=\"font-weight: 400;\">Ett tips \u00e4r att f\u00e4rga eget garn, det brukar f\u00e5 fart p\u00e5 sticklusten igen!<\/span><\/p>\n<p>[\/et_pb_text][\/et_pb_column][\/et_pb_row][et_pb_row _builder_version=&#8221;4.11.1&#8243; _module_preset=&#8221;default&#8221; global_colors_info=&#8221;{}&#8221;][et_pb_column type=&#8221;4_4&#8243; _builder_version=&#8221;4.11.1&#8243; _module_preset=&#8221;default&#8221; global_colors_info=&#8221;{}&#8221;][et_pb_button button_url=&#8221;#&#8221; button_text=&#8221;L\u00e4s mer&#8221; _builder_version=&#8221;4.11.1&#8243; custom_button=&#8221;on&#8221; button_text_size=&#8221;15px&#8221; button_text_color=&#8221;#f7f3ee&#8221; button_bg_color=&#8221;#959d93&#8243; button_border_width=&#8221;0px&#8221; button_border_radius=&#8221;100px&#8221; button_letter_spacing=&#8221;2px&#8221; button_font=&#8221;|700||on|||||&#8221; button_use_icon=&#8221;off&#8221; custom_margin=&#8221;-54px|||||&#8221; custom_padding=&#8221;16px|30px|16px|30px&#8221; animation_direction=&#8221;left&#8221; hover_transition_duration=&#8221;0ms&#8221; button_letter_spacing_hover=&#8221;2px&#8221; button_bg_color_hover=&#8221;#e0c588&#8243; global_colors_info=&#8221;{}&#8221; button_text_size__hover_enabled=&#8221;off&#8221; button_one_text_size__hover_enabled=&#8221;off&#8221; button_two_text_size__hover_enabled=&#8221;off&#8221; button_text_color__hover_enabled=&#8221;off&#8221; button_one_text_color__hover_enabled=&#8221;off&#8221; button_two_text_color__hover_enabled=&#8221;off&#8221; button_border_width__hover_enabled=&#8221;off&#8221; button_one_border_width__hover_enabled=&#8221;off&#8221; button_two_border_width__hover_enabled=&#8221;off&#8221; button_border_color__hover_enabled=&#8221;off&#8221; button_one_border_color__hover_enabled=&#8221;off&#8221; button_two_border_color__hover_enabled=&#8221;off&#8221; button_border_radius__hover_enabled=&#8221;off&#8221; button_one_border_radius__hover_enabled=&#8221;off&#8221; button_two_border_radius__hover_enabled=&#8221;off&#8221; button_letter_spacing__hover_enabled=&#8221;on&#8221; button_letter_spacing__hover=&#8221;2px&#8221; button_one_letter_spacing__hover_enabled=&#8221;off&#8221; button_two_letter_spacing__hover_enabled=&#8221;off&#8221; button_bg_color__hover_enabled=&#8221;on&#8221; button_bg_color__hover=&#8221;#e0c588&#8243; button_one_bg_color__hover_enabled=&#8221;off&#8221; button_two_bg_color__hover_enabled=&#8221;off&#8221;][\/et_pb_button][\/et_pb_column][\/et_pb_row][\/et_pb_section]<\/p>\n","protected":false},"excerpt":{"rendered":"<p>Annelie VerbruggeM\u00f6t stickpoddaren och designern @powerofwool som egentligen heter Annelie Verbrugge och \u00e4r hemmah\u00f6rande i Glanshammar utanf\u00f6r \u00d6rebro. Tillsammans med @Fiberdrama (Marie \u00d6stling) pratar hon stickning i podden Hemstickat Podcast. K\u00e4rleken till hantverket, material och framf\u00f6rallt ull \u00e4r sl\u00e5ende n\u00e4r Annelie beskriver sin relation till stickning.\u00a0 &#8211; Jag m\u00e5ste ha l\u00e4rt mig sticka som mycket [&hellip;]<\/p>\n","protected":false},"author":210795964,"featured_media":0,"parent":0,"menu_order":0,"comment_status":"closed","ping_status":"closed","template":"","meta":{"_et_pb_use_builder":"on","_et_pb_old_content":"","_et_gb_content_width":"","_coblocks_attr":"","_coblocks_dimensions":"","_coblocks_responsive_height":"","_coblocks_accordion_ie_support":"","_crdt_document":"","om_disable_all_campaigns":false,"_monsterinsights_skip_tracking":false,"_monsterinsights_sitenote_active":false,"_monsterinsights_sitenote_note":"","_monsterinsights_sitenote_category":0,"footnotes":""},"class_list":["post-796","page","type-page","status-publish","hentry"],"aioseo_notices":[],"jetpack_sharing_enabled":true,"jetpack_shortlink":"https:\/\/wp.me\/Pdis0y-cQ","amp_enabled":true,"_links":{"self":[{"href":"https:\/\/nordicknittingsociety.com\/sv\/wp-json\/wp\/v2\/pages\/796","targetHints":{"allow":["GET"]}}],"collection":[{"href":"https:\/\/nordicknittingsociety.com\/sv\/wp-json\/wp\/v2\/pages"}],"about":[{"href":"https:\/\/nordicknittingsociety.com\/sv\/wp-json\/wp\/v2\/types\/page"}],"author":[{"embeddable":true,"href":"https:\/\/nordicknittingsociety.com\/sv\/wp-json\/wp\/v2\/users\/210795964"}],"replies":[{"embeddable":true,"href":"https:\/\/nordicknittingsociety.com\/sv\/wp-json\/wp\/v2\/comments?post=796"}],"version-history":[{"count":6,"href":"https:\/\/nordicknittingsociety.com\/sv\/wp-json\/wp\/v2\/pages\/796\/revisions"}],"predecessor-version":[{"id":41015,"href":"https:\/\/nordicknittingsociety.com\/sv\/wp-json\/wp\/v2\/pages\/796\/revisions\/41015"}],"wp:attachment":[{"href":"https:\/\/nordicknittingsociety.com\/sv\/wp-json\/wp\/v2\/media?parent=796"}],"curies":[{"name":"wp","href":"https:\/\/api.w.org\/{rel}","templated":true}]}}