{"id":40666,"date":"2025-01-23T15:55:45","date_gmt":"2025-01-23T14:55:45","guid":{"rendered":"https:\/\/nordicknittingsociety.com\/?page_id=40666"},"modified":"2026-01-16T13:08:11","modified_gmt":"2026-01-16T12:08:11","slug":"startsida","status":"publish","type":"page","link":"https:\/\/nordicknittingsociety.com\/sv\/startsida\/","title":{"rendered":"Start"},"content":{"rendered":"<p>[et_pb_section fb_built=&#8221;1&#8243; admin_label=&#8221;Hero Section&#8221; _builder_version=&#8221;4.11.1&#8243; use_background_color_gradient=&#8221;on&#8221; background_color_gradient_start=&#8221;#f4f0e9&#8243; background_color_gradient_end=&#8221;rgba(244,240,233,0)&#8221; background_color_gradient_direction=&#8221;90deg&#8221; background_color_gradient_start_position=&#8221;30%&#8221; background_color_gradient_overlays_image=&#8221;on&#8221; background_image=&#8221;<a href=\"https:\/\/nordicknittingsociety.com\/wp-content\/uploads\/2022\/03\/iStock-471025339.jpg&#038;#8221\">https:\/\/nordicknittingsociety.com\/wp-content\/uploads\/2022\/03\/iStock-471025339.jpg&#038;#8221<\/a>; background_position=&#8221;top_right&#8221; custom_margin=&#8221;|||&#8221; custom_padding=&#8221;0%|0px|14%|0px||&#8221; global_colors_info=&#8221;{}&#8221;][et_pb_row custom_padding_last_edited=&#8221;off|desktop&#8221; admin_label=&#8221;Hero Area&#8221; _builder_version=&#8221;3.25&#8243; custom_padding=&#8221;27px|0px|0px|0px&#8221; global_colors_info=&#8221;{}&#8221;][et_pb_column type=&#8221;4_4&#8243; _builder_version=&#8221;3.25&#8243; custom_padding=&#8221;|||&#8221; global_colors_info=&#8221;{}&#8221; custom_padding__hover=&#8221;|||&#8221;][et_pb_text admin_label=&#8221;Hero Title&#8221; _builder_version=&#8221;4.11.1&#8243; text_font=&#8221;Playfair Display||||||||&#8221; header_font=&#8221;Alice||||||||&#8221; header_font_size=&#8221;80px&#8221; header_letter_spacing=&#8221;-3px&#8221; header_line_height=&#8221;1.1em&#8221; animation_direction=&#8221;left&#8221; text_font_size_last_edited=&#8221;off|desktop&#8221; header_font_size_tablet=&#8221;&#8221; header_font_size_phone=&#8221;60px&#8221; header_font_size_last_edited=&#8221;on|phone&#8221; global_colors_info=&#8221;{}&#8221;]<\/p>\n<h1>Nordic Knitting Society<\/h1>\n<p>[\/et_pb_text][et_pb_text _builder_version=&#8221;4.11.1&#8243; text_font=&#8221;||||||||&#8221; text_font_size=&#8221;18px&#8221; text_line_height=&#8221;1.8em&#8221; header_font=&#8221;||||||||&#8221; max_width=&#8221;500px&#8221; custom_margin=&#8221;|||&#8221; custom_padding=&#8221;||10px|&#8221; animation_direction=&#8221;left&#8221; global_colors_info=&#8221;{}&#8221;]<\/p>\n<p><span>Hej!<\/span><span><br \/><\/span><span>Det \u00e4r med sorg i hj\u00e4rtat som vi har beslutat att st\u00e4nga ner Nordic Knitting Society. V\u00e5r sista m\u00e5nad med m\u00f6nsterprenumeration var december 2025. Du som beh\u00f6ver f\u00e5 tag p\u00e5 dina gamla k\u00f6pta m\u00f6nster kan g\u00e5 in och h\u00e4mta dem gratis i butiken (dubbelkolla att priset blir noll!). Om d\u00e4r \u00e4r n\u00e5got problem \u00e4r du varmt v\u00e4lkommen att h\u00f6ra av dig till v\u00e5r kundservice (kundservice@nordicknittingsociety.se) eller via Insta @nordicknittingsociety s\u00e5 hj\u00e4lper vi dig.<\/span><\/p>\n<p>&nbsp;<\/p>\n<p>Stort tack f\u00f6r den h\u00e4r tiden! Det har varit otroligt kul att driva NKS, f\u00e5 f\u00f6rm\u00e5nen att arbeta med duktiga stickdesigners och alla er h\u00e4rliga prenumeranter!<\/p>\n<p>[\/et_pb_text][\/et_pb_column][\/et_pb_row][\/et_pb_section]<\/p>\n","protected":false},"excerpt":{"rendered":"<p>Nordic Knitting SocietyHej!Det \u00e4r med sorg i hj\u00e4rtat som vi har beslutat att st\u00e4nga ner Nordic Knitting Society. V\u00e5r sista m\u00e5nad med m\u00f6nsterprenumeration var december 2025. Du som beh\u00f6ver f\u00e5 tag p\u00e5 dina gamla k\u00f6pta m\u00f6nster kan g\u00e5 in och h\u00e4mta dem gratis i butiken (dubbelkolla att priset blir noll!). Om d\u00e4r \u00e4r n\u00e5got problem [&hellip;]<\/p>\n","protected":false},"author":210795964,"featured_media":0,"parent":0,"menu_order":0,"comment_status":"closed","ping_status":"closed","template":"","meta":{"_et_pb_use_builder":"on","_et_pb_old_content":"","_et_gb_content_width":"","_coblocks_attr":"","_coblocks_dimensions":"","_coblocks_responsive_height":"","_coblocks_accordion_ie_support":"","_crdt_document":"","om_disable_all_campaigns":false,"_monsterinsights_skip_tracking":false,"_monsterinsights_sitenote_active":false,"_monsterinsights_sitenote_note":"","_monsterinsights_sitenote_category":0,"footnotes":""},"class_list":["post-40666","page","type-page","status-publish","hentry"],"aioseo_notices":[],"jetpack_sharing_enabled":true,"jetpack_shortlink":"https:\/\/wp.me\/Pdis0y-azU","amp_enabled":true,"_links":{"self":[{"href":"https:\/\/nordicknittingsociety.com\/sv\/wp-json\/wp\/v2\/pages\/40666","targetHints":{"allow":["GET"]}}],"collection":[{"href":"https:\/\/nordicknittingsociety.com\/sv\/wp-json\/wp\/v2\/pages"}],"about":[{"href":"https:\/\/nordicknittingsociety.com\/sv\/wp-json\/wp\/v2\/types\/page"}],"author":[{"embeddable":true,"href":"https:\/\/nordicknittingsociety.com\/sv\/wp-json\/wp\/v2\/users\/210795964"}],"replies":[{"embeddable":true,"href":"https:\/\/nordicknittingsociety.com\/sv\/wp-json\/wp\/v2\/comments?post=40666"}],"version-history":[{"count":3,"href":"https:\/\/nordicknittingsociety.com\/sv\/wp-json\/wp\/v2\/pages\/40666\/revisions"}],"predecessor-version":[{"id":49300,"href":"https:\/\/nordicknittingsociety.com\/sv\/wp-json\/wp\/v2\/pages\/40666\/revisions\/49300"}],"wp:attachment":[{"href":"https:\/\/nordicknittingsociety.com\/sv\/wp-json\/wp\/v2\/media?parent=40666"}],"curies":[{"name":"wp","href":"https:\/\/api.w.org\/{rel}","templated":true}]}}