{"id":1540,"date":"2022-03-28T19:05:19","date_gmt":"2022-03-28T17:05:19","guid":{"rendered":"https:\/\/nordicknittingsociety.com\/?page_id=1540"},"modified":"2023-12-31T15:23:46","modified_gmt":"2023-12-31T14:23:46","slug":"integritetspolicy","status":"publish","type":"page","link":"https:\/\/nordicknittingsociety.com\/sv\/integritetspolicy\/","title":{"rendered":"Integritetspolicy"},"content":{"rendered":"<p>[et_pb_section fb_built=&#8221;1&#8243; _builder_version=&#8221;4.11.1&#8243; _module_preset=&#8221;default&#8221; background_color=&#8221;#f4f0e9&#8243; global_colors_info=&#8221;{}&#8221;][et_pb_row _builder_version=&#8221;4.11.1&#8243; _module_preset=&#8221;default&#8221; global_colors_info=&#8221;{}&#8221;][et_pb_column type=&#8221;4_4&#8243; _builder_version=&#8221;4.11.1&#8243; _module_preset=&#8221;default&#8221; global_colors_info=&#8221;{}&#8221;][et_pb_text admin_label=&#8221;Hero Title&#8221; _builder_version=&#8221;4.11.1&#8243; text_font=&#8221;Playfair Display||||||||&#8221; header_font=&#8221;Alice||||||||&#8221; header_font_size=&#8221;80px&#8221; header_letter_spacing=&#8221;-3px&#8221; header_line_height=&#8221;1.1em&#8221; animation_direction=&#8221;left&#8221; text_font_size_last_edited=&#8221;off|desktop&#8221; header_font_size_tablet=&#8221;&#8221; header_font_size_phone=&#8221;60px&#8221; header_font_size_last_edited=&#8221;on|phone&#8221; global_colors_info=&#8221;{}&#8221;]<\/p>\n<h1>Integritetspolicy<\/h1>\n<p>[\/et_pb_text][et_pb_text _builder_version=&#8221;4.11.1&#8243; text_font=&#8221;||||||||&#8221; text_font_size=&#8221;18px&#8221; text_line_height=&#8221;1.8em&#8221; header_font=&#8221;||||||||&#8221; max_width=&#8221;1000px&#8221; custom_margin=&#8221;|||&#8221; custom_padding=&#8221;||10px|&#8221; animation_direction=&#8221;left&#8221; global_colors_info=&#8221;{}&#8221;]<\/p>\n<p><b>Information om behandling av personuppgifter och personuppgiftsansvar f\u00f6r Nordic Knitting Society AB.\u00a0<\/b><\/p>\n<p><span style=\"font-weight: 400;\">Nordic Knitting Society AB samlar in och anv\u00e4nder uppgifter som kan kopplas till v\u00e5ra anv\u00e4ndare\/prenumeranter, s\u00e5 kallade personuppgifter. Det \u00e4r v\u00e5rt yttersta ansvar att behandla uppgifterna p\u00e5 ett s\u00e4kert och anv\u00e4ndarv\u00e4nligt s\u00e4tt i enlighet med b\u00e5de r\u00e4ttsliga krav och de f\u00f6rv\u00e4ntningar v\u00e5ra anv\u00e4ndare\/prenumeranter har.<\/span><span style=\"font-weight: 400;\"><br \/><\/span><span style=\"font-weight: 400;\">Nordic knitting Society \u00e4r en digital prenumerationstj\u00e4nst genom vilken du som\u00a0 prenumerant f\u00e5r tillg\u00e5ng till i din mobiltelefon, surfplatta eller via annan utrustning, exempelvis dator (&#8221;Tj\u00e4nsten&#8221;) i enlighet med anv\u00e4ndarvillkoren, denna integritetspolicy och alla andra kompletterande villkor som reglerar din anv\u00e4ndning av ett specifikt abonnemang fr\u00e5n<\/span><span style=\"font-weight: 400;\"> Nordic Knitting Society AB med organisationsnummer <span>559427-8953<\/span>.<\/span><span style=\"font-weight: 400;\"><br \/><\/span> <span style=\"font-weight: 400;\"><br \/><\/span><span style=\"font-weight: 400;\">Nedan finner du information om Nordic Knitting Society AB behandling av dina personuppgifter och dina r\u00e4ttigheter i samband <\/span><span style=\"font-weight: 400;\">med att vi tillhandah\u00e5ller Tj\u00e4nsten till dig. Denna integritetspolicy \u00e4r ocks\u00e5 till\u00e4mplig p\u00e5 samtliga personer som bes\u00f6ker v\u00e5r webbsida och anv\u00e4nder v\u00e5ra tj\u00e4nster. Ansvarar f\u00f6r att s\u00e4kerst\u00e4lla att dina personuppgifter \u00e4r skyddade fr\u00e5n obeh\u00f6rig \u00e5tkomst eller r\u00f6jande, anv\u00e4ndning, modifiering, f\u00f6rst\u00f6ring och f\u00f6rlust<\/span><\/p>\n<p><span style=\"font-weight: 400;\">Nordic Knitting Society AB \u00e4r s\u00e5 kallad personuppgiftsansvarig f\u00f6r den behandling av personuppgifter som beskrivs h\u00e4r.<\/span><span style=\"font-weight: 400;\"> Om du har fr\u00e5gor \u00e4r du v\u00e4lkommen att kontakta oss f\u00f6r mer information. I det fall du inte \u00e4r bekv\u00e4m med inneh\u00e5llet i denna integritetspolicy, kan du alltid v\u00e4lja att avst\u00e5 fr\u00e5n att anv\u00e4nda Tj\u00e4nsten.\u00a0<\/span><\/p>\n<p>&nbsp;<\/p>\n<p><b>Till vad och n\u00e4r anv\u00e4nder Nordic Knitting Society AB mina uppgifter?<\/b><b><br \/><\/b><span style=\"font-weight: 400;\">P\u00e5 Nordic Knitting Society AB samlar vi in och anv\u00e4nder data\/uppgifter f\u00f6r att alltid kunna erbjuda v\u00e5ra prenumeranter de b\u00e4sta digitala tj\u00e4nsterna. I allm\u00e4nhet anv\u00e4nder vi uppgifter f\u00f6r att:<\/span><\/p>\n<ul>\n<li style=\"font-weight: 400;\" aria-level=\"1\"><span style=\"font-weight: 400;\">N\u00e4r du skapar ett anv\u00e4ndarkonto och \/eller tecknar en eller flera prenumerationer hos oss.\u00a0<\/span><\/li>\n<li style=\"font-weight: 400;\" aria-level=\"1\"><span style=\"font-weight: 400;\">N\u00e4r du bes\u00f6ker v\u00e5r webbsida<\/span><\/li>\n<li style=\"font-weight: 400;\" aria-level=\"1\"><span style=\"font-weight: 400;\">Leverera m\u00f6nster, och f\u00f6r prenumeranter annan intressant information.\u00a0<\/span><\/li>\n<li style=\"font-weight: 400;\" aria-level=\"1\"><span style=\"font-weight: 400;\">St\u00e4ndigt f\u00f6rb\u00e4ttra v\u00e5ra tj\u00e4nster\/produkter. Vi kommer anv\u00e4nda data p\u00e5 webbplatsen f\u00f6r att analysera beteenden hos grupper av prenumeranter\/anv\u00e4ndare, till exempel vilket slags inneh\u00e5ll som l\u00e4ses mest eller vilka funktioner, exempelvis forum, Prenumeranter\/anv\u00e4ndarna aktivt anv\u00e4nder. Detta f\u00f6r att rikta fokus p\u00e5 de omr\u00e5den som \u00e4r viktigast f\u00f6r v\u00e5ra anv\u00e4ndare.\u00a0<\/span><\/li>\n<li style=\"font-weight: 400;\" aria-level=\"1\"><span style=\"font-weight: 400;\">Om\/n\u00e4r du kopplar Tj\u00e4nsten till exempelvis Instagramkonto\/Facebookkonto eller n\u00e5gon annan liknande tredjepartstj\u00e4nst.<\/span><\/li>\n<li style=\"font-weight: 400;\" aria-level=\"1\"><span style=\"font-weight: 400;\">Leverera och administrera prenumerationer och andra tj\u00e4nster som anv\u00e4ndarna best\u00e4ller.<\/span><\/li>\n<li style=\"font-weight: 400;\" aria-level=\"1\"><span style=\"font-weight: 400;\">Du deltar i av Nordic Knitting Society AB arrangerad KAL (Knit-Along), eller t\u00e4vling\/utlottning.\u00a0<\/span><\/li>\n<li style=\"font-weight: 400;\" aria-level=\"1\"><span style=\"font-weight: 400;\">N\u00e4r vi ser anledning till att\u00a0 administrera handlingar i relationen mellan dig och Nordic Knitting Society AB.<\/span><\/li>\n<\/ul>\n<p><span style=\"font-weight: 400;\">N\u00e4r vi behandlar personuppgifter \u00e4r det v\u00e5r fr\u00e4msta uppgift att g\u00f6ra det p\u00e5 ett s\u00e4kert och tillb\u00f6rligt s\u00e4tt i enlighet med de f\u00f6rv\u00e4ntningar v\u00e5ra anv\u00e4ndare har. Du \u00e4ger dina personuppgifter. Vi, som bolag, uppfyller de krav som uppst\u00e4lls i svensk och europeisk lagstiftning. All behandling av personuppgifter ha n\u00e5got som kallas laglig grund f\u00f6r behandling och syfte. Innan vi kan samla in och behandla uppgifter om dig m\u00e5ste vi f\u00f6rs\u00e4kra oss om att behandlingen har en laglig grund. Personuppgifterna raderas n\u00e4r syftet med behandlingen \u00e4r uppn\u00e5dd, exempelvis om du v\u00e4ljer att avsluta din prenumeration och avs\u00e4ger dig som anv\u00e4ndare av v\u00e5r tj\u00e4nst.\u00a0\u00a0<\/span><\/p>\n<p><span style=\"font-weight: 400;\">Vi vill \u00e4ven informera dig om att vi samlar in information genom v\u00e5ra egna eller tredje parts cookies och liknande uppf\u00f6ljningstekniker.\u00a0<\/span><\/p>\n<p><b>Vilka uppgifter samlas in?<\/b><\/p>\n<p><span style=\"font-weight: 400;\">Grundl\u00e4ggande anv\u00e4ndardata som Nordic Knitting Society AB anser sig beh\u00f6va samla in \u00e4r <\/span><span style=\"font-weight: 400;\"><br \/><\/span><span style=\"font-weight: 400;\">Dina kontaktuppgifter s\u00e5som ditt namn och\/eller anv\u00e4ndarnamn, <\/span><span style=\"font-weight: 400;\"><br \/><\/span><span style=\"font-weight: 400;\">e-post och\/eller telefonnummer samt betalningsinformation, t ex kontokortstyp och utg\u00e5ngsdatum f\u00f6r kortet i de fall du tecknar en prenumeration eller k\u00f6per m\u00f6nster i v\u00e5r butik. Vi kan komma att samla in \u00e4ven andra personuppgifter s\u00e5som om f\u00f6delsedatum, adress\/bostadsort.\u00a0<\/span><\/p>\n<p><span style=\"font-weight: 400;\">I vissa fall kan vi komma att inh\u00e4mta och behandla personuppgifter relaterade till anv\u00e4ndarbeh\u00f6righet f\u00f6r Tj\u00e4nsten och din valda betalningsmetod. Eftersom Nordic Knitting Society AB samarbetar med tredjepartsbetaltj\u00e4nstleverant\u00f6rer som verkar sj\u00e4lvst\u00e4ndigt i system frist\u00e5ende fr\u00e5n oss, kommer ingen fullst\u00e4ndig betalningsinformation, s\u00e5som ett komplett kreditkortsnummer, lagras av Nordic Knitting Society AB. Vi rekommenderar dig att ta del av information om hur s\u00e5dana tredjepartsbetaltj\u00e4nstleverant\u00f6rer behandlar personuppgifter.<\/span><\/p>\n<p>&nbsp;<\/p>\n<p><b>Hur l\u00e4ngre lagras mina personuppgifter?<\/b><span style=\"font-weight: 400;\"><br \/><\/span><span style=\"font-weight: 400;\">Nordic Knitting Society AB raderar dina personuppgifter n\u00e4r det inte l\u00e4ngre \u00e4r n\u00f6dv\u00e4ndigt att behandla dem. Hur l\u00e5ng tid det tar varierar beroende p\u00e5 syftet med behandlingen av uppgifterna. Vi har tydliga regler och rutiner f\u00f6r radering av personuppgifter. Vissa uppgifter raderas inom kort tid och andra uppgifter lagras under l\u00e4ngre perioder.\u00a0<\/span><\/p>\n<p><span style=\"font-weight: 400;\">F\u00f6r att kunna uppfylla v\u00e5ra avtalsf\u00f6rpliktelser, bevaka och dokumentera anv\u00e4ndningen av eventuella presentkort\/rabattkoder och andra till\u00e4ggstj\u00e4nster, lagrar vi de personuppgifter du uppgivit vid tidpunkten f\u00f6r registrering (s\u00e5som namn, anv\u00e4ndarnamn, e-postadress, telefonnummer, betalningsinformation) s\u00e5 l\u00e4nge du har en aktiv prenumeration eller har tillg\u00e5ng till ett aktivt konto hos Nordic knitting Society AB.\u00a0<\/span><\/p>\n<p><span style=\"font-weight: 400;\">Du kan sj\u00e4lv v\u00e4lja att aktivt radera informationen som Nordic Knitting Society AB sparat om dig under \u201dMitt konto\u201d.<\/span><\/p>\n<p><span style=\"font-weight: 400;\">Vi kommer att spara information om ditt personliga m\u00f6nsterbibliotek s\u00e5 l\u00e4nge du har en p\u00e5g\u00e5ende prenumeration eller aktivt konto. Vid avslutande av prenumeration eller avslutande av konto sparas dina personuppgifter tjugofyra (24) m\u00e5nader, f\u00f6r att f\u00f6rb\u00e4ttra din anv\u00e4ndarupplevelse och f\u00f6r att underl\u00e4tta f\u00f6r dig, ifall du \u00f6nskar \u00e5teruppta din prenumeration under n\u00e4mnda tidsperiod. Du kan givetvis meddela oss om du inte \u00f6nskar att vi sparar dina personuppgifter.<\/span><\/p>\n<p>&nbsp;<\/p>\n<p><b>Anv\u00e4ndning av personuppgiftsbitr\u00e4den<\/b><b><br \/><\/b><span style=\"font-weight: 400;\">Vi anv\u00e4nder tj\u00e4nsteleverant\u00f6rer som utf\u00f6r vissa uppgifter \u00e5t oss. N\u00e5gra av dessa tj\u00e4nsteleverant\u00f6rer kommer att ha tillg\u00e5ng till personuppgifter.Ett exempel p\u00e5 en tj\u00e4nst som vi erh\u00e5ller \u00e4r kapacitet f\u00f6r lagring av data. Tj\u00e4nsteleverant\u00f6rerna \u00e4r v\u00e5ra s\u00e5 kallade personuppgiftsbitr\u00e4den. Det betyder att vi fortfarande har ansvaret f\u00f6r personuppgiftsbehandlingen. F\u00f6retaget som \u00e4r personuppgiftsbitr\u00e4de f\u00e5r bara behandla personuppgifter f\u00f6r att leverera den aktuella tj\u00e4nsten till oss. De f\u00e5r inte behandla uppgifterna p\u00e5 n\u00e5got annat s\u00e4tt \u00e4n vad vi best\u00e4mmer. Detta betyder att de inte heller f\u00e5r anv\u00e4nda uppgifterna f\u00f6r egna syften. V\u00e5r anv\u00e4ndning av personuppgiftsbitr\u00e4den utv\u00e4rderas noga, bland annat avseende informationss\u00e4kerhet f\u00f6r att s\u00e4kerst\u00e4lla att uppgifterna behandlas korrekt. Vi ing\u00e5r skriftliga personuppgiftsbitr\u00e4desavtal med v\u00e5ra leverant\u00f6rer i enlighet med kraven i lagstiftningen.<\/span><\/p>\n<p><b>Vilka r\u00e4ttigheter har jag?<\/b><span style=\"font-weight: 400;\"><br \/><\/span><span style=\"font-weight: 400;\">Du har r\u00e4tt att f\u00e5 tillg\u00e5ng till dina personuppgifter. Du har ocks\u00e5 r\u00e4tt att f\u00e5 r\u00e4ttelse eller i enlighet med lagen kr\u00e4va radering av uppgifterna vi har om dig. Du kan \u00e4ven beg\u00e4ra att behandlingen begr\u00e4nsas om du till exempel anser att behandlingen \u00e4r olaglig. Du har \u00e4ven r\u00e4tt att erh\u00e5lla vissa uppgifter i ett digitalt format eller f\u00e5 uppgifterna \u00f6verf\u00f6rda till ett annat f\u00f6retag om du \u00f6nskar det, s\u00e5 kallad r\u00e4tt till dataportabilitet. Dessa r\u00e4ttigheter kommer att f\u00f6rklaras mer detaljerat nedan, och vi kommer \u00e4ven att beskriva hur du ska g\u00e5 tillv\u00e4ga f\u00f6r att nyttja n\u00e5gon av dina r\u00e4ttigheter.\u00a0<\/span><\/p>\n<p><span style=\"font-weight: 400;\">Nedan finner du information om hur du kan nyttja dina r\u00e4ttigheter.<\/span><\/p>\n<ul>\n<li style=\"font-weight: 400;\" aria-level=\"1\"><span style=\"font-weight: 400;\">Din r\u00e4tt att f\u00e5 tillg\u00e5ng till de uppgifter vi behandlar om dig (r\u00e4tt till insyn). Du har r\u00e4tt att f\u00e5 tillg\u00e5ng till de uppgifter vi behandlar om dig. F\u00f6r att f\u00e5 tillg\u00e5ng till dessa loggar du in p\u00e5 ditt konto p\u00e5 Nordic Knitting Society AB \/ nordicknittingsociety.se<\/span><\/li>\n<li style=\"font-weight: 400;\" aria-level=\"1\"><span style=\"font-weight: 400;\">Du l\u00e4gger sj\u00e4lv in uppgifter vid tecknande av medlemskap alternativt prenumeration. Om n\u00e5got blir fel eller \u00e4ndras har du r\u00e4tt att f\u00e5 felaktiga uppgifter r\u00e4ttade. Du kan uppdatera en del uppgifter p\u00e5 ditt konto hos oss. F\u00f6r vissa uppgifter m\u00e5ste du kontakta oss f\u00f6r att f\u00e5 uppgifterna r\u00e4ttade.<\/span><\/li>\n<li style=\"font-weight: 400;\" aria-level=\"1\"><span style=\"font-weight: 400;\">Din r\u00e4tt att f\u00e5 uppgifter raderade (\u201dr\u00e4tten att bli bortgl\u00f6md\u201d). Du har som huvudregel r\u00e4tt att f\u00e5 dina personuppgifter raderade. F\u00f6r att be om att bli raderad kontaktar du oss via mejl <\/span><a href=\"mailto:info@nordicknittingsociety.se\"><span style=\"font-weight: 400;\">kundservice@nordicknittingsociety.se<\/span><\/a><span style=\"font-weight: 400;\">\u00a0<\/span><\/li>\n<li style=\"font-weight: 400;\" aria-level=\"1\"><span style=\"font-weight: 400;\">Din r\u00e4tt till att inv\u00e4nda mot och begr\u00e4nsa behandling. Under vissa omst\u00e4ndigheter kan vi behandla personuppgifter d\u00e4r behandlingen \u00e4r n\u00f6dv\u00e4ndig f\u00f6r att uppfylla v\u00e5ra ber\u00e4ttigade intressen, f\u00f6rutsatt att de registrerades r\u00e4ttigheter och friheter inte v\u00e4ger tyngre. I s\u00e5dana fall har du, den registrerade, r\u00e4tten att inv\u00e4nda mot att vi behandlar personuppgifter om dig. Som huvudregel kommer vi att stoppa behandlingen av personuppgifterna, och detta g\u00e4ller undantagsl\u00f6st om syftet \u00e4r direkt marknadsf\u00f6ring. Under vissa omst\u00e4ndigheter har du ocks\u00e5 m\u00f6jlighet att beg\u00e4ra att behandlingen av dina personuppgifter stoppas eller begr\u00e4nsas. Om du nyttjar denna r\u00e4tt f\u00e5r dina personuppgifter endast behandlas baserat p\u00e5 ditt samtycke eller f\u00f6r vissa andra \u00e4ndam\u00e5l som framg\u00e5r direkt av personuppgiftslagstiftningen.<\/span><\/li>\n<\/ul>\n<p><span style=\"font-weight: 400;\">Du kan anv\u00e4nda dig av de inst\u00e4llningar och funktioner som finns p\u00e5 ditt konto hos Nordic Knitting Society under Mitt konto.<\/span><\/p>\n<p><b>Din r\u00e4tt att kopiera dina uppgifter i ett digitalt format (r\u00e4tt till dataportabilitet).<\/b><\/p>\n<p><span style=\"font-weight: 400;\">Du har under vissa omst\u00e4ndigheter r\u00e4tt att f\u00e5 uppgifter som du har gett oss i ett digitalt format och \u00e4ven f\u00e5 uppgifter \u00f6verf\u00f6rda till annan verksamhet om du s\u00e5 \u00f6nskar och det \u00e4r tekniskt m\u00f6jligt och f\u00f6rsvarbart. Denna r\u00e4tt g\u00e4ller endast information som behandlas med hj\u00e4lp av automatiserade metoder samt baserat p\u00e5 ditt samtycke eller behandlas som en del av uppfyllandet av ett avtal med dig. R\u00e4tten till dataportabilitet omfattar endast uppgifter du har l\u00e4mnat till oss, antingen direkt genom till exempel kontaktformul\u00e4r eller genererade genom din anv\u00e4ndning av v\u00e5ra tj\u00e4nster. Du kan beg\u00e4ra dataportabilitet genom att kontakta oss.<\/span><\/p>\n<p><span style=\"font-weight: 400;\">Vi vill g\u00f6ra dig uppm\u00e4rksam p\u00e5 att det finns n\u00e5gra undantag fr\u00e5n de r\u00e4ttigheter vi har beskrivit h\u00e4r. Dessa undantag f\u00f6ljer av lagstiftningen, och kan till exempel inneb\u00e4ra att tillg\u00e5ng inte ges till vissa uppgifter p\u00e5 grund av h\u00e4nsyn till andras r\u00e4ttigheter och friheter, eller att vissa personuppgifter inte kan raderas eftersom lagstiftning eller andra \u00f6verv\u00e4ganden uppst\u00e4ller krav p\u00e5 lagringstid.<\/span><\/p>\n<p><b>Om jag tidigare har l\u00e4mnat samtycke till att mina personuppgifter behandlas av Nordic Knitting Society AB, kan jag \u00e5terkalla detta samtycke?<\/b><b><br \/><\/b><span style=\"font-weight: 400;\">Om du har l\u00e4mnat samtycke till behandlingen av dina personuppgifter f\u00f6r specifika \u00e4ndam\u00e5l kan du n\u00e4r som helst \u00e5terkalla ditt samtycke. Vi kommer d\u00e5 sluta behandla din information baserat p\u00e5 ditt samtycke.<\/span><\/p>\n<p><b>Klagom\u00e5l, f\u00f6rb\u00e4ttringsf\u00f6rslag och andra fr\u00e5gor<\/b><b><br \/><\/b><span style=\"font-weight: 400;\">En av v\u00e5ra viktigaste uppgifter \u00e4r att hantera data p\u00e5 ett s\u00e4kert, anv\u00e4ndarv\u00e4nligt och ansvarsfullt s\u00e4tt.<\/span><\/p>\n<p><span style=\"font-weight: 400;\">Du har ocks\u00e5 r\u00e4tt att l\u00e4mna klagom\u00e5l som r\u00f6r v\u00e5r behandling av dina personuppgifter till Datainspektionen:<\/span><span style=\"font-weight: 400;\"><br \/><\/span><a href=\"https:\/\/www.datainspektionen.se\/vagledningar\/for-dig-som-privatperson\/klagomal-och-tips\/\"><span style=\"font-weight: 400;\">https:\/\/www.datainspektionen.se\/vagledningar\/for-dig-som-privatperson\/klagomal-och-tips\/<\/span><\/a><\/p>\n<p><span style=\"font-weight: 400;\">Vid fr\u00e5gor, kontakta oss p\u00e5\u00a0 <\/span><a href=\"mailto:info@nordicknittingsociety.se\"><span style=\"font-weight: 400;\">kundservice@nordicknittingsociety.se<\/span><\/a><span style=\"font-weight: 400;\">\u00a0<\/span><\/p>\n<p>Nordic Knitting <span style=\"font-weight: 400;\">Society AB<\/span><span style=\"font-weight: 400;\"><\/span><\/p>\n<p>Org.nr: <span>559427-8953<\/span><\/p>\n<p><span style=\"font-weight: 400;\"><\/span><\/p>\n<p>[\/et_pb_text][\/et_pb_column][\/et_pb_row][\/et_pb_section]<\/p>\n","protected":false},"excerpt":{"rendered":"<p>IntegritetspolicyInformation om behandling av personuppgifter och personuppgiftsansvar f\u00f6r Nordic Knitting Society AB.\u00a0 Nordic Knitting Society AB samlar in och anv\u00e4nder uppgifter som kan kopplas till v\u00e5ra anv\u00e4ndare\/prenumeranter, s\u00e5 kallade personuppgifter. Det \u00e4r v\u00e5rt yttersta ansvar att behandla uppgifterna p\u00e5 ett s\u00e4kert och anv\u00e4ndarv\u00e4nligt s\u00e4tt i enlighet med b\u00e5de r\u00e4ttsliga krav och de f\u00f6rv\u00e4ntningar v\u00e5ra anv\u00e4ndare\/prenumeranter [&hellip;]<\/p>\n","protected":false},"author":210795964,"featured_media":0,"parent":0,"menu_order":0,"comment_status":"closed","ping_status":"closed","template":"","meta":{"_et_pb_use_builder":"on","_et_pb_old_content":"","_et_gb_content_width":"","_coblocks_attr":"","_coblocks_dimensions":"","_coblocks_responsive_height":"","_coblocks_accordion_ie_support":"","_crdt_document":"","om_disable_all_campaigns":false,"_monsterinsights_skip_tracking":false,"_monsterinsights_sitenote_active":false,"_monsterinsights_sitenote_note":"","_monsterinsights_sitenote_category":0,"footnotes":""},"class_list":["post-1540","page","type-page","status-publish","hentry"],"aioseo_notices":[],"jetpack_sharing_enabled":true,"jetpack_shortlink":"https:\/\/wp.me\/Pdis0y-oQ","amp_enabled":true,"_links":{"self":[{"href":"https:\/\/nordicknittingsociety.com\/sv\/wp-json\/wp\/v2\/pages\/1540","targetHints":{"allow":["GET"]}}],"collection":[{"href":"https:\/\/nordicknittingsociety.com\/sv\/wp-json\/wp\/v2\/pages"}],"about":[{"href":"https:\/\/nordicknittingsociety.com\/sv\/wp-json\/wp\/v2\/types\/page"}],"author":[{"embeddable":true,"href":"https:\/\/nordicknittingsociety.com\/sv\/wp-json\/wp\/v2\/users\/210795964"}],"replies":[{"embeddable":true,"href":"https:\/\/nordicknittingsociety.com\/sv\/wp-json\/wp\/v2\/comments?post=1540"}],"version-history":[{"count":7,"href":"https:\/\/nordicknittingsociety.com\/sv\/wp-json\/wp\/v2\/pages\/1540\/revisions"}],"predecessor-version":[{"id":28749,"href":"https:\/\/nordicknittingsociety.com\/sv\/wp-json\/wp\/v2\/pages\/1540\/revisions\/28749"}],"wp:attachment":[{"href":"https:\/\/nordicknittingsociety.com\/sv\/wp-json\/wp\/v2\/media?parent=1540"}],"curies":[{"name":"wp","href":"https:\/\/api.w.org\/{rel}","templated":true}]}}