{"id":9157,"date":"2022-11-30T21:54:24","date_gmt":"2022-11-30T20:54:24","guid":{"rendered":"https:\/\/nordicknittingsociety.com\/?post_type=product&#038;p=9157"},"modified":"2023-05-13T12:05:25","modified_gmt":"2023-05-13T10:05:25","slug":"varvinter-sweaterdress","status":"publish","type":"product","link":"https:\/\/nordicknittingsociety.com\/en\/produkt\/varvinter-sweaterdress\/","title":{"rendered":"V\u00e5rvinter sweaterdress"},"content":{"rendered":"<p><strong>Storlekar<br \/>\n<\/strong>1, (2), 3, (4), 5<br \/>\n100, (110), 120, (130), 140 cm i bystvidd.<br \/>\nV\u00e4lj en storlek som har 10-25 cm st\u00f6rre m\u00e5tt \u00e4n din byst om du vill ha en oversized kl\u00e4nning.<strong><br \/>\n<\/strong><\/p>\n<p><strong>Stickfasthet<br \/>\n<\/strong>12*18 maskor per 10 cm i sl\u00e4tstickning runt<\/p>\n<p><strong>Rekommenderat garn<br \/>\n<\/strong>Dubbel tr\u00e5d Nutiden fr\u00e5n H\u00f6ner och Eir, eller annan grankombination som ger samma stickfasthet.<\/p>\n<p><strong>Garn\u00e5tg\u00e5ng:<br \/>\n<\/strong>Ca 650 gram till storlek 4. Garn\u00e5tg\u00e5ngen kan variera n\u00e4r du stickar i Nutiden d\u00e5 de olika f\u00e4rgerna kan skilja sig \u00e5t i tjocklek.<\/p>\n<p><strong>Stickor\u00a0<\/strong><br \/>\n7 mm och 4 mm rundsticka f\u00f6r magic loop eller rundsticka 40 cm och 80 cm och strumpstickor om du inte vill sticka enligt magic loop.<br \/>\nAnpassa stickstorleken f\u00f6r att f\u00e5 r\u00e4tt stickfasthet.<\/p>\n<p><strong>Vill du dela dina bilder p\u00e5 sociala medier?<\/strong><br \/>\nTagga g\u00e4rna dina bilder med #v\u00e5rvinterswaterdress och #Nordicknittingsociety s\u00e5 kan vi hitta varandras bilder och bli inspirerade!<\/p>\n","protected":false},"excerpt":{"rendered":"<p>Vad passar b\u00e4ttre att v\u00e4rma sig med \u00e4n en l\u00e5ng stickad tr\u00f6jkl\u00e4nning?<br \/>\nEmelie kallar den #v\u00e5rvintersweaterdress och vi tycker den \u00e4r alldeles underbar!<\/p>\n<p>V\u00e5r fantastiska designer Emelie Brand\u00e9n som ni tidigare st\u00f6tt p\u00e5 som designer i #Sockklubben \u00e4r nu designer f\u00f6r #m\u00e5nadensm\u00f6nster \u00c4r du nyfiken p\u00e5 Emelie hittar du henne p\u00e5 instagram som @bybranden<\/p>\n<p>Tr\u00f6jkl\u00e4nningen \u00e4r designad i en oversize-modell med gener\u00f6s vidd, vilket g\u00f6r att du kan anpassa \u00f6nskad r\u00f6relsevidd genom att g\u00e5 upp eller ner i storlek.<br \/>\nDen finns i fem storlekar 1-5 Vill du g\u00f6ra en kortare variant \u00e4r det inga problem \u2013 den stickas uppifr\u00e5n och ner, avsluta d\u00e4r du \u00f6nskar!<\/p>\n","protected":false},"featured_media":8166,"template":"","meta":{"_et_pb_use_builder":"","_et_pb_old_content":"","_et_gb_content_width":"","_coblocks_attr":"","_coblocks_dimensions":"","_coblocks_responsive_height":"","_coblocks_accordion_ie_support":"","_crdt_document":"","om_disable_all_campaigns":false,"_monsterinsights_skip_tracking":false,"_monsterinsights_sitenote_active":false,"_monsterinsights_sitenote_note":"","_monsterinsights_sitenote_category":0,"jetpack_publicize_message":"","jetpack_publicize_feature_enabled":true,"jetpack_social_post_already_shared":true,"jetpack_social_options":{"image_generator_settings":{"template":"highway","default_image_id":0,"font":"","enabled":false},"version":2},"_wpas_customize_per_network":false},"product_brand":[],"product_cat":[1372506,1372487,1372505,1372641,1372345,1372619],"product_tag":[],"class_list":{"0":"post-9157","1":"product","2":"type-product","3":"status-publish","4":"has-post-thumbnail","6":"product_cat-dress","7":"product_cat-emelie-branden","8":"product_cat-klanning","9":"product_cat-manadens-monster","10":"product_cat-monster","11":"product_cat-nks-shop","12":"member-discount","13":"discount-restricted","15":"first","16":"instock","17":"downloadable","18":"taxable","19":"shipping-taxable","20":"purchasable","21":"product-type-simple"},"aioseo_notices":[],"jetpack_publicize_connections":[],"jetpack_sharing_enabled":true,"_links":{"self":[{"href":"https:\/\/nordicknittingsociety.com\/en\/wp-json\/wp\/v2\/product\/9157","targetHints":{"allow":["GET"]}}],"collection":[{"href":"https:\/\/nordicknittingsociety.com\/en\/wp-json\/wp\/v2\/product"}],"about":[{"href":"https:\/\/nordicknittingsociety.com\/en\/wp-json\/wp\/v2\/types\/product"}],"wp:featuredmedia":[{"embeddable":true,"href":"https:\/\/nordicknittingsociety.com\/en\/wp-json\/wp\/v2\/media\/8166"}],"wp:attachment":[{"href":"https:\/\/nordicknittingsociety.com\/en\/wp-json\/wp\/v2\/media?parent=9157"}],"wp:term":[{"taxonomy":"product_brand","embeddable":true,"href":"https:\/\/nordicknittingsociety.com\/en\/wp-json\/wp\/v2\/product_brand?post=9157"},{"taxonomy":"product_cat","embeddable":true,"href":"https:\/\/nordicknittingsociety.com\/en\/wp-json\/wp\/v2\/product_cat?post=9157"},{"taxonomy":"product_tag","embeddable":true,"href":"https:\/\/nordicknittingsociety.com\/en\/wp-json\/wp\/v2\/product_tag?post=9157"}],"curies":[{"name":"wp","href":"https:\/\/api.w.org\/{rel}","templated":true}]}}