{"id":48462,"date":"2025-11-01T08:37:42","date_gmt":"2025-11-01T07:37:42","guid":{"rendered":"https:\/\/nordicknittingsociety.com\/?post_type=product&#038;p=48462"},"modified":"2025-11-01T08:37:43","modified_gmt":"2025-11-01T07:37:43","slug":"deep-forest-fingerless-mittens","status":"publish","type":"product","link":"https:\/\/nordicknittingsociety.com\/en\/produkt\/deep-forest-fingerless-mittens\/","title":{"rendered":"Deep Forest Fingerless Mittens"},"content":{"rendered":"<p><strong>Storlekar<\/strong><br \/>\nDam S (M) L<br \/>\nOmkrets hand: ca 18 (20,5) 23 cm<br \/>\n<strong>Vantens m\u00e5tt<\/strong><br \/>\n<em><strong>Omkrets:<\/strong><\/em>\u00a016,5 (18) 21,5 cm<br \/>\n<em><strong>L\u00e4ngd inkl mudd:<\/strong><\/em>\u00a017,5 (18) 18,5 cm<\/p>\n<p><strong>Garn:<\/strong><br \/>\nSockgarn med en l\u00f6pl\u00e4ngd p\u00e5 ungef\u00e4r<br \/>\n260 m \/ 100 g.<br \/>\nGarn som anv\u00e4nds h\u00e4r \u00e4r J\u00e4rbo Mellanraggi,<br \/>\n75% superwash ull, 25% polyamid, 260 m \/<br \/>\n100 g, f\u00e4rg 28397.<\/p>\n<p><strong>Garn\u00e5tg\u00e5ng (gram):<\/strong><br \/>\n45 (50) 60 g<br \/>\n<strong>Garn\u00e5tg\u00e5ng (meter):<\/strong><br \/>\n120 (130) 160 m<\/p>\n<p><strong>Stickor<\/strong><br \/>\nStrumpstickor: 2,5 mm och 3,0 mm<\/p>\n<p><strong>Stickfasthet<\/strong><br \/>\n25 m x 32 varv = 10 cm i sl\u00e4tstickning runt p\u00e5<br \/>\nsticka 3,0 mm.<\/p>\n<p>Anv\u00e4nd alltid den stickstorlek du beh\u00f6ver f\u00f6r att<br \/>\nuppn\u00e5 den angivna stickfastheten.<\/p>\n<p><strong>Tillbeh\u00f6r<\/strong><br \/>\nStickmark\u00f6rer, fl\u00e4tsticka, restgarn eller<br \/>\nmaskh\u00e5llare, stoppn\u00e5l.<\/p>\n","protected":false},"excerpt":{"rendered":"<p>Deep Forest Fingerless Mittens, designade av Annelie Verbrugge @powerofwool, \u00e4r ett par halvvantar som kombinerar funktion och elegans. De stickas<br \/>\ni ett mellantjockt sockgarn och pryds av en vacker fl\u00e4ta som l\u00f6per \u00f6ver handryggen. Konstruktionen<br \/>\nmed indisk kiltumme ger en f\u00f6ljsam passform som sitter bekv\u00e4mt och stadigt p\u00e5 handen. Vantarna<br \/>\npassar perfekt f\u00f6r kyliga h\u00f6st- och v\u00e5rdagar n\u00e4r du vill h\u00e5lla h\u00e4nderna varma men \u00e4nd\u00e5 ha fingrarna<br \/>\nfria.<br \/>\nFl\u00e4tm\u00f6nstret \u00e4r snabbstickat och n\u00e4r du \u00e4r klar har du ett par riktigt v\u00e4lsittande vantar \u2013 och det<br \/>\nfinns beskrivet i tre storlekar, s\u00e5 att du kan hitta den perfekta passformen.<br \/>\nDe kan dessutom matchas<br \/>\nmed Deep Forest Socks f\u00f6r en komplett look.<br \/>\nLycka till! \u00f6nskar Annelie och Nordic Knitting Society<\/p>\n","protected":false},"featured_media":47699,"template":"","meta":{"_et_pb_use_builder":"","_et_pb_old_content":"","_et_gb_content_width":"","_coblocks_attr":"","_coblocks_dimensions":"","_coblocks_responsive_height":"","_coblocks_accordion_ie_support":"","_crdt_document":"","om_disable_all_campaigns":false,"_monsterinsights_skip_tracking":false,"_monsterinsights_sitenote_active":false,"_monsterinsights_sitenote_note":"","_monsterinsights_sitenote_category":0,"jetpack_publicize_message":"","jetpack_publicize_feature_enabled":true,"jetpack_social_post_already_shared":true,"jetpack_social_options":{"image_generator_settings":{"template":"highway","default_image_id":0,"font":"","enabled":false},"version":2},"_wpas_customize_per_network":false},"product_brand":[],"product_cat":[1372486,1372642,1372448,1372345,1372363,1372619,1372435,1372620,1372459],"product_tag":[],"class_list":{"0":"post-48462","1":"product","2":"type-product","3":"status-publish","4":"has-post-thumbnail","6":"product_cat-annelie-verbrugge","7":"product_cat-half-mitts","8":"product_cat-halvvantar","9":"product_cat-monster","10":"product_cat-medlemsskap","11":"product_cat-nks-shop","12":"product_cat-prenumerationer","13":"product_cat-shop","14":"product_cat-sockklubben","16":"first","17":"instock","18":"downloadable","19":"taxable","20":"shipping-taxable","21":"purchasable","22":"product-type-simple"},"aioseo_notices":[],"jetpack_publicize_connections":[],"jetpack_sharing_enabled":true,"_links":{"self":[{"href":"https:\/\/nordicknittingsociety.com\/en\/wp-json\/wp\/v2\/product\/48462","targetHints":{"allow":["GET"]}}],"collection":[{"href":"https:\/\/nordicknittingsociety.com\/en\/wp-json\/wp\/v2\/product"}],"about":[{"href":"https:\/\/nordicknittingsociety.com\/en\/wp-json\/wp\/v2\/types\/product"}],"wp:featuredmedia":[{"embeddable":true,"href":"https:\/\/nordicknittingsociety.com\/en\/wp-json\/wp\/v2\/media\/47699"}],"wp:attachment":[{"href":"https:\/\/nordicknittingsociety.com\/en\/wp-json\/wp\/v2\/media?parent=48462"}],"wp:term":[{"taxonomy":"product_brand","embeddable":true,"href":"https:\/\/nordicknittingsociety.com\/en\/wp-json\/wp\/v2\/product_brand?post=48462"},{"taxonomy":"product_cat","embeddable":true,"href":"https:\/\/nordicknittingsociety.com\/en\/wp-json\/wp\/v2\/product_cat?post=48462"},{"taxonomy":"product_tag","embeddable":true,"href":"https:\/\/nordicknittingsociety.com\/en\/wp-json\/wp\/v2\/product_tag?post=48462"}],"curies":[{"name":"wp","href":"https:\/\/api.w.org\/{rel}","templated":true}]}}