{"id":48453,"date":"2025-11-01T08:22:19","date_gmt":"2025-11-01T07:22:19","guid":{"rendered":"https:\/\/nordicknittingsociety.com\/?post_type=product&#038;p=48453"},"modified":"2025-11-01T08:22:19","modified_gmt":"2025-11-01T07:22:19","slug":"agnes-cardigan","status":"publish","type":"product","link":"https:\/\/nordicknittingsociety.com\/en\/produkt\/agnes-cardigan\/","title":{"rendered":"Agnes Cardigan"},"content":{"rendered":"<p><strong>Storlekar<\/strong><br \/>\n1, 2, 3, 4, 5, 6<\/p>\n<p><strong>F\u00e4rdigt m\u00e5tt p\u00e5 koftan<\/strong><br \/>\n98 cm, 115 cm, 124 cm,130 cm, 140 cm, 150 cm R\u00f6relsevidd: Ca 20 cm<\/p>\n<p><strong>Stickor:<br \/>\n<\/strong>Rundstickor 4 mm, 40 cm i 100 \u2013 120 cm och<br \/>\n40 \u2013 60 cm eller de stickor du beh\u00f6ver f\u00f6r r\u00e4tt maskt\u00e4thet<\/p>\n<p><strong>Maskt\u00e4het:<br \/>\n<\/strong>19 m, 26 v \/ 10 cm<\/p>\n<p><strong>Garn &amp; Garn\u00e5tg\u00e5ng<\/strong><br \/>\nNutiden, H\u00f6ner&amp;Eir, 1 tr\u00e5d tillsammans med 1 tr\u00e5d Tynn Line, Sandnes garn.<br \/>\nOBS! Dessa garner h\u00e5lls tillsammans<\/p>\n<p>Garn\u00e5tg\u00e5ng f\u00f6r Nutiden \u00e4r fr\u00e5n ca 200 gram i de mindre storlekarna upp till ca 400 gram i de st\u00f6rsta. Eftersom Nutiden \u00e4r ett ospunnet garn som kan variera lite i grovlek s\u00e5 \u00e4r det sv\u00e5rt att uppge exakt vilken m\u00e4ngd du beh\u00f6ver.<\/p>\n<p>Garn\u00e5tg\u00e5ng Tynn Line, Sandnes garn.<\/p>\n<p>Storlek: 1, 2, 3, 4, 5, 6<br \/>\nKortare modell 5, 6, 6,7, 8, 9<br \/>\nL\u00e4ngre modell 6,7,7, 8, 9, 10<\/p>\n<p><strong>Garnalternativ:<\/strong><br \/>\nDrops Air, Sandnes Kos, du kan ocks\u00e5 v\u00e4lja andra ullgarn men g\u00e4rna ett garn som \u00e4r lite stumt s\u00e5 det inte drar ihop m\u00f6nstret f\u00f6r mycket. T ex Haya fr\u00e5n Holst, tillsammans med en tr\u00e5d mohair. Om du v\u00e4ljer annat alternativ \u00e4n Nutiden (eller annat ospunnet garn) s\u00e5 g\u00e5 efter antal meter i garn\u00e5tg\u00e5ng p\u00e5 Tynn Line angviet ovan.<\/p>\n","protected":false},"excerpt":{"rendered":"<p>Denna m\u00e5nad s\u00e4ger vi hej till Agnes Cardigan, en underbar kofta designad av @frublomsatelje.<\/p>\n<p>Agnes \u00e4r en \u00e4r en kofta du kan variera p\u00e5 olika s\u00e4tt, dels i l\u00e4ngd och \u00e4ven hur du vill att \u00e4rmen ska se ut<br \/>\nDen har en raglan\u00e4rm och koftans v-ringning \u00e4r lite djupare p\u00e5 den l\u00e5nga modellen.<\/p>\n<p>Agnes \u00e4r en sk\u00f6n kofta med sv\u00e4ngvidd som stickas nedifr\u00e5n och upp i stort sett s\u00f6ml\u00f6st, i ett stycke, \u00e4ven kanterna. Halskantens \u00f6versta del\u00a0fast, ett par stygn under \u00e4rmen sedan \u00e4r den klar!<\/p>\n<p>Happy knitting! H\u00e4lsar Jenny &amp; Nordic Knitting Society<\/p>\n","protected":false},"featured_media":47677,"template":"","meta":{"_et_pb_use_builder":"","_et_pb_old_content":"","_et_gb_content_width":"","_coblocks_attr":"","_coblocks_dimensions":"","_coblocks_responsive_height":"","_coblocks_accordion_ie_support":"","_crdt_document":"","om_disable_all_campaigns":false,"_monsterinsights_skip_tracking":false,"_monsterinsights_sitenote_active":false,"_monsterinsights_sitenote_note":"","_monsterinsights_sitenote_category":0,"jetpack_publicize_message":"","jetpack_publicize_feature_enabled":true,"jetpack_social_post_already_shared":true,"jetpack_social_options":{"image_generator_settings":{"template":"highway","default_image_id":0,"font":"","enabled":false},"version":2},"_wpas_customize_per_network":false},"product_brand":[],"product_cat":[1372428,1372587,1372427,1372641,1372345,1372363,1372619,1372435,1372620],"product_tag":[],"class_list":{"0":"post-48453","1":"product","2":"type-product","3":"status-publish","4":"has-post-thumbnail","6":"product_cat-cardigan","7":"product_cat-jenny-blom-halling","8":"product_cat-kofta","9":"product_cat-manadens-monster","10":"product_cat-monster","11":"product_cat-medlemsskap","12":"product_cat-nks-shop","13":"product_cat-prenumerationer","14":"product_cat-shop","16":"first","17":"instock","18":"downloadable","19":"taxable","20":"shipping-taxable","21":"purchasable","22":"product-type-simple"},"aioseo_notices":[],"jetpack_publicize_connections":[],"jetpack_sharing_enabled":true,"_links":{"self":[{"href":"https:\/\/nordicknittingsociety.com\/en\/wp-json\/wp\/v2\/product\/48453","targetHints":{"allow":["GET"]}}],"collection":[{"href":"https:\/\/nordicknittingsociety.com\/en\/wp-json\/wp\/v2\/product"}],"about":[{"href":"https:\/\/nordicknittingsociety.com\/en\/wp-json\/wp\/v2\/types\/product"}],"wp:featuredmedia":[{"embeddable":true,"href":"https:\/\/nordicknittingsociety.com\/en\/wp-json\/wp\/v2\/media\/47677"}],"wp:attachment":[{"href":"https:\/\/nordicknittingsociety.com\/en\/wp-json\/wp\/v2\/media?parent=48453"}],"wp:term":[{"taxonomy":"product_brand","embeddable":true,"href":"https:\/\/nordicknittingsociety.com\/en\/wp-json\/wp\/v2\/product_brand?post=48453"},{"taxonomy":"product_cat","embeddable":true,"href":"https:\/\/nordicknittingsociety.com\/en\/wp-json\/wp\/v2\/product_cat?post=48453"},{"taxonomy":"product_tag","embeddable":true,"href":"https:\/\/nordicknittingsociety.com\/en\/wp-json\/wp\/v2\/product_tag?post=48453"}],"curies":[{"name":"wp","href":"https:\/\/api.w.org\/{rel}","templated":true}]}}