{"id":47198,"date":"2025-09-03T15:35:48","date_gmt":"2025-09-03T13:35:48","guid":{"rendered":"https:\/\/nordicknittingsociety.com\/?post_type=product&#038;p=47198"},"modified":"2025-09-03T15:35:48","modified_gmt":"2025-09-03T13:35:48","slug":"deep-forest-socks","status":"publish","type":"product","link":"https:\/\/nordicknittingsociety.com\/en\/produkt\/deep-forest-socks\/","title":{"rendered":"Deep Forest Socks"},"content":{"rendered":"<div class=\"et_pb_module et_pb_text et_pb_text_5  et_pb_text_align_left et_pb_bg_layout_light\">\n<div class=\"et_pb_text_inner\">\n<p><strong>Storlekar 1 2 3 4 5<br \/>\n<\/strong><strong>Skostorlek dam 36 37\u201338 39\u201340 41 42\u201343<br \/>\nOmkrets, f\u00e4rdig socka (cm) 19 19 21 22,5 22,5<br \/>\nFotl\u00e4ngd, f\u00e4rdig socka (cm) 21 22 23 24 25<br \/>\nL\u00e4ngd skaft, f\u00e4rdig socka (cm) 17 17 17 17 17<br \/>\nGarn\u00e5tg\u00e5ng (gram) 85 90 100 110 110<br \/>\nGarn\u00e5tg\u00e5ng (meter) 225 235 260 290 290<\/strong><\/p>\n<p><strong>Garn<\/strong><br \/>\nSockgarn med en l\u00f6pl\u00e4ngd p\u00e5 ungef\u00e4r 260 m \/<br \/>\n100 g.<br \/>\nGarn som anv\u00e4nds h\u00e4r \u00e4r J\u00e4rbo Mellanraggi,<br \/>\n75% superwash ull, 25% polyamid, 260 m \/<br \/>\n100 g, f\u00e4rg 28399.<\/p>\n<p><strong>Stickfasthet<br \/>\n<\/strong>25 m x 32 varv = 10 cm i sl\u00e4tstickning runt p\u00e5<br \/>\nsticka 3,0 mm.<\/p>\n<p>Anv\u00e4nd alltid den stickstorlek du beh\u00f6ver f\u00f6r att<br \/>\nuppn\u00e5 den angivna stickfastheten.<\/p>\n<p><strong>Stickor<br \/>\n<\/strong>3,0 mm<\/p>\n<p><strong>Tillbeh\u00f6r<br \/>\n<\/strong>Stickmark\u00f6r, fl\u00e4tsticka, stoppn\u00e5l.<strong><br \/>\n<\/strong><\/p>\n<\/div>\n<\/div>\n","protected":false},"excerpt":{"rendered":"<p>Deep Forest Socks &#8211; P\u00e5 tur in i skogens djup beh\u00f6vs en varm och sk\u00f6n socka i k\u00e4ngorna. Deep Forest Socks stickas uppifr\u00e5n och ned och har ett vackert fl\u00e4tm\u00f6nster p\u00e5 ovansidan, som p\u00e5minner om tr\u00e4dstammar som slingrar sig om varandra.<br \/>\nFl\u00e4tm\u00f6nstret g\u00f6r att sockan sitter stabilt p\u00e5 foten och h\u00e4lkonstruktionen med klassisk h\u00e4llapp och kil g\u00f6r sitt till f\u00f6r en utm\u00e4rkt passform. Garnet \u00e4r av mellantjock kvalitet och g\u00f6r att sockan passar i n\u00e4stan alla typer av skor.<br \/>\nM\u00f6nstret kommer i fem storlekar f\u00f6r att passa m\u00e5nga. Trevlig stickning! \u00d6nskar Annelie och Nordic Knitting Society<\/p>\n","protected":false},"featured_media":44331,"template":"","meta":{"_et_pb_use_builder":"","_et_pb_old_content":"","_et_gb_content_width":"","_coblocks_attr":"","_coblocks_dimensions":"","_coblocks_responsive_height":"","_coblocks_accordion_ie_support":"","_crdt_document":"","om_disable_all_campaigns":false,"_monsterinsights_skip_tracking":false,"_monsterinsights_sitenote_active":false,"_monsterinsights_sitenote_note":"","_monsterinsights_sitenote_category":0,"jetpack_publicize_message":"","jetpack_publicize_feature_enabled":true,"jetpack_social_post_already_shared":true,"jetpack_social_options":{"image_generator_settings":{"template":"highway","default_image_id":0,"font":"","enabled":false},"version":2},"_wpas_customize_per_network":false},"product_brand":[],"product_cat":[1372486,1372345,1372363,1372619,1372435,1372459,1372346,1372436],"product_tag":[],"class_list":{"0":"post-47198","1":"product","2":"type-product","3":"status-publish","4":"has-post-thumbnail","6":"product_cat-annelie-verbrugge","7":"product_cat-monster","8":"product_cat-medlemsskap","9":"product_cat-nks-shop","10":"product_cat-prenumerationer","11":"product_cat-sockklubben","12":"product_cat-sockor","13":"product_cat-socks","14":"member-discount","15":"discount-restricted","17":"first","18":"instock","19":"downloadable","20":"taxable","21":"shipping-taxable","22":"purchasable","23":"product-type-simple"},"aioseo_notices":[],"jetpack_publicize_connections":[],"jetpack_sharing_enabled":true,"_links":{"self":[{"href":"https:\/\/nordicknittingsociety.com\/en\/wp-json\/wp\/v2\/product\/47198","targetHints":{"allow":["GET"]}}],"collection":[{"href":"https:\/\/nordicknittingsociety.com\/en\/wp-json\/wp\/v2\/product"}],"about":[{"href":"https:\/\/nordicknittingsociety.com\/en\/wp-json\/wp\/v2\/types\/product"}],"wp:featuredmedia":[{"embeddable":true,"href":"https:\/\/nordicknittingsociety.com\/en\/wp-json\/wp\/v2\/media\/44331"}],"wp:attachment":[{"href":"https:\/\/nordicknittingsociety.com\/en\/wp-json\/wp\/v2\/media?parent=47198"}],"wp:term":[{"taxonomy":"product_brand","embeddable":true,"href":"https:\/\/nordicknittingsociety.com\/en\/wp-json\/wp\/v2\/product_brand?post=47198"},{"taxonomy":"product_cat","embeddable":true,"href":"https:\/\/nordicknittingsociety.com\/en\/wp-json\/wp\/v2\/product_cat?post=47198"},{"taxonomy":"product_tag","embeddable":true,"href":"https:\/\/nordicknittingsociety.com\/en\/wp-json\/wp\/v2\/product_tag?post=47198"}],"curies":[{"name":"wp","href":"https:\/\/api.w.org\/{rel}","templated":true}]}}