{"id":47196,"date":"2025-09-03T14:59:41","date_gmt":"2025-09-03T12:59:41","guid":{"rendered":"https:\/\/nordicknittingsociety.com\/?post_type=product&#038;p=47196"},"modified":"2025-09-03T15:02:23","modified_gmt":"2025-09-03T13:02:23","slug":"47196","status":"publish","type":"product","link":"https:\/\/nordicknittingsociety.com\/en\/produkt\/47196\/","title":{"rendered":"Sensommar Sweater"},"content":{"rendered":"<p><strong>Storlekar<\/strong><br \/>\n1, (2), 3, (4), 5, (6), 7<\/p>\n<p><strong>F\u00e4rdigt m\u00e5tt runt kroppen<\/strong><br \/>\n90, (100),110, (120), 130, (140), 150 cm<br \/>\nTr\u00f6jan rekommenderas att stickas med 10 cm r\u00f6relsevidd.<br \/>\n<strong><br \/>\nStickfasthet<br \/>\n<\/strong>10 maskor *16 varv = 10 cm<\/p>\n<p><strong>Stickor<br \/>\n<\/strong>7 mm rundsticka f\u00f6r magic loop.<br \/>\nstickat runt i sl\u00e4tstickning.<\/p>\n<p><strong>Garn &amp; Garn\u00e5tg\u00e5ng<\/strong><br \/>\nAlternativ 1)<br \/>\n3 tr\u00e5dar By Brand\u00e9n mohairsilk eller J\u00e4rbo Fin Silk Mohair<br \/>\n200, (225), 250, (275), 350, (375), 400 gram<br \/>\nAlternativ 2)<br \/>\nEn enkel tr\u00e5d By Brand\u00e9n Chunky Mohair<br \/>\n250, (275), 300, (350), 400, (450), 500 gram<\/p>\n<p>eller ett annat garnalternativ som ger samma stickfasthet. T\u00e4nk p\u00e5 att garnets kvalitet p\u00e5verkar ditt slutgiltiga resultat. Garnet i m\u00f6nstret \u00e4r ett garn som skapar ett l\u00e4tt och luftigt plagg.<\/p>\n","protected":false},"excerpt":{"rendered":"<div dir=\"ltr\">\n<div dir=\"ltr\">\n<div>\n<p>Emelie Brand\u00e9n @Bybranden \u00e4r designer till m\u00f6nstret Sensommar sweater. M\u00f6nstret \u00e4r en enkel, handstickad raglantr\u00f6ja som g\u00e5r snabbt att g\u00f6ra p\u00e5 stora stickor. Perfekt f\u00f6r sensommarens svala kv\u00e4llar \u2013 sl\u00e4ng den \u00f6ver kl\u00e4nningen eller dina favoritjeans f\u00f6r en avslappnad, stilren look. Mjuk, luftig och med tidl\u00f6s passform \u2013 Den kommer bli din nya go-to i stickgarderoben.<\/p>\n<p>Happy knitting! H\u00e4lsar Emelie &amp; Nordic Knitting Society<\/p>\n<\/div>\n<\/div>\n<\/div>\n","protected":false},"featured_media":44374,"template":"","meta":{"_et_pb_use_builder":"","_et_pb_old_content":"","_et_gb_content_width":"","_coblocks_attr":"","_coblocks_dimensions":"","_coblocks_responsive_height":"","_coblocks_accordion_ie_support":"","_crdt_document":"","om_disable_all_campaigns":false,"_monsterinsights_skip_tracking":false,"_monsterinsights_sitenote_active":false,"_monsterinsights_sitenote_note":"","_monsterinsights_sitenote_category":0,"jetpack_publicize_message":"","jetpack_publicize_feature_enabled":true,"jetpack_social_post_already_shared":true,"jetpack_social_options":{"image_generator_settings":{"template":"highway","default_image_id":0,"font":"","enabled":false},"version":2},"_wpas_customize_per_network":false},"product_brand":[],"product_cat":[1372487,1372641,1372345,1372363,1372619,1372435,1372432,1372431],"product_tag":[],"class_list":{"0":"post-47196","1":"product","2":"type-product","3":"status-publish","4":"has-post-thumbnail","6":"product_cat-emelie-branden","7":"product_cat-manadens-monster","8":"product_cat-monster","9":"product_cat-medlemsskap","10":"product_cat-nks-shop","11":"product_cat-prenumerationer","12":"product_cat-sweater","13":"product_cat-troja","14":"member-discount","15":"discount-restricted","17":"first","18":"instock","19":"downloadable","20":"taxable","21":"shipping-taxable","22":"purchasable","23":"product-type-simple"},"aioseo_notices":[],"jetpack_publicize_connections":[],"jetpack_sharing_enabled":true,"_links":{"self":[{"href":"https:\/\/nordicknittingsociety.com\/en\/wp-json\/wp\/v2\/product\/47196","targetHints":{"allow":["GET"]}}],"collection":[{"href":"https:\/\/nordicknittingsociety.com\/en\/wp-json\/wp\/v2\/product"}],"about":[{"href":"https:\/\/nordicknittingsociety.com\/en\/wp-json\/wp\/v2\/types\/product"}],"wp:featuredmedia":[{"embeddable":true,"href":"https:\/\/nordicknittingsociety.com\/en\/wp-json\/wp\/v2\/media\/44374"}],"wp:attachment":[{"href":"https:\/\/nordicknittingsociety.com\/en\/wp-json\/wp\/v2\/media?parent=47196"}],"wp:term":[{"taxonomy":"product_brand","embeddable":true,"href":"https:\/\/nordicknittingsociety.com\/en\/wp-json\/wp\/v2\/product_brand?post=47196"},{"taxonomy":"product_cat","embeddable":true,"href":"https:\/\/nordicknittingsociety.com\/en\/wp-json\/wp\/v2\/product_cat?post=47196"},{"taxonomy":"product_tag","embeddable":true,"href":"https:\/\/nordicknittingsociety.com\/en\/wp-json\/wp\/v2\/product_tag?post=47196"}],"curies":[{"name":"wp","href":"https:\/\/api.w.org\/{rel}","templated":true}]}}