{"id":44416,"date":"2025-08-01T10:57:18","date_gmt":"2025-08-01T08:57:18","guid":{"rendered":"https:\/\/nordicknittingsociety.com\/?post_type=product&#038;p=44416"},"modified":"2025-08-01T10:57:19","modified_gmt":"2025-08-01T08:57:19","slug":"julisockor","status":"publish","type":"product","link":"https:\/\/nordicknittingsociety.com\/en\/produkt\/julisockor\/","title":{"rendered":"Julisockor"},"content":{"rendered":"<p><strong>Storlekar och garn\u00e5tg\u00e5ng<\/strong><\/p>\n<p><strong>Sockstorlek<\/strong><br \/>\n35-36 (37-38) 39-40 (41-42)<\/p>\n<p>Garn\u00e5tg\u00e5ng (gram) 50 (50) 60 (60) 70<br \/>\nGarn\u00e5tg\u00e5ng (m) 200 (200) 240 (240) 280<\/p>\n<p><strong>Garn<\/strong><\/p>\n<p>Lurvegarn fr\u00e5n Oslo mikrospinneri.<br \/>\n50g=160 meter eller annat sockgarn med samma stickfasthet.<\/p>\n<p><strong>Garn\u00e5tg\u00e5ng<\/strong><br \/>\n50 gram av varje f\u00e4rg. (Bottenf\u00e4rg, m\u00f6nsterf\u00e4rg 1 och m\u00f6nsterf\u00e4rg 2)<\/p>\n<p><strong>Stickor<\/strong><br \/>\nRes\u00e5r, h\u00e4l och t\u00e5: 3,5 mm<br \/>\nM\u00f6nsterstickning: 4 mm<\/p>\n<p><strong>Stickfasthet<br \/>\n<\/strong>Stickfasthet 21 m i tv\u00e5f\u00e4rgad m\u00f6nsterstickning x 22 varv = 10 x 10 cm<br \/>\nAnv\u00e4nd alltid den stickstorlek du beh\u00f6ver f\u00f6r att<br \/>\nuppn\u00e5 den angivna stickfastheten.<br \/>\n<strong><br \/>\nTillbeh\u00f6r<br \/>\n<\/strong>Stickmark\u00f6rer, fl\u00e4tsticka (valfritt), stoppn\u00e5l.<\/p>\n","protected":false},"excerpt":{"rendered":"<p>V\u00e5r designer Gudrun, @knit.colourful har designat de mest ljuvliga sommarinspirerade sockarna man kan t\u00e4nka sig!<br \/>\nDessa sockor var m\u00f6nster under Juli m\u00e5nad 2025 i sockklubben. Dessa vackra sockor, stickade med ett fint tref\u00e4rgat blomsterm\u00f6nster.<br \/>\nDu stickar med endast 2 f\u00e4rger \u00e5t g\u00e5ngen, s\u00e5 l\u00e5t dig inte luras av m\u00f6nstrets komplexitet.<br \/>\nF\u00f6r b\u00e4sta resultat \u00e4r det en f\u00f6rdel att ha baskunskaper i stickning, ha k\u00e4nnedom om hur man stickar f\u00f6rkortade varv och hur ett m\u00f6nsterdiagram l\u00e4ses.<\/p>\n","protected":false},"featured_media":43959,"template":"","meta":{"_et_pb_use_builder":"","_et_pb_old_content":"","_et_gb_content_width":"","_coblocks_attr":"","_coblocks_dimensions":"","_coblocks_responsive_height":"","_coblocks_accordion_ie_support":"","_crdt_document":"","om_disable_all_campaigns":false,"_monsterinsights_skip_tracking":false,"_monsterinsights_sitenote_active":false,"_monsterinsights_sitenote_note":"","_monsterinsights_sitenote_category":0,"jetpack_publicize_message":"","jetpack_publicize_feature_enabled":true,"jetpack_social_post_already_shared":true,"jetpack_social_options":{"image_generator_settings":{"template":"highway","default_image_id":0,"font":"","enabled":false},"version":2},"_wpas_customize_per_network":false},"product_brand":[],"product_cat":[1372699,1372345,1372363,1372619,1372435,1372459,1372346,1372436],"product_tag":[],"class_list":{"0":"post-44416","1":"product","2":"type-product","3":"status-publish","4":"has-post-thumbnail","6":"product_cat-gudrun-loennecken","7":"product_cat-monster","8":"product_cat-medlemsskap","9":"product_cat-nks-shop","10":"product_cat-prenumerationer","11":"product_cat-sockklubben","12":"product_cat-sockor","13":"product_cat-socks","14":"member-discount","15":"discount-restricted","17":"first","18":"instock","19":"downloadable","20":"taxable","21":"shipping-taxable","22":"purchasable","23":"product-type-simple"},"aioseo_notices":[],"jetpack_publicize_connections":[],"jetpack_sharing_enabled":true,"_links":{"self":[{"href":"https:\/\/nordicknittingsociety.com\/en\/wp-json\/wp\/v2\/product\/44416","targetHints":{"allow":["GET"]}}],"collection":[{"href":"https:\/\/nordicknittingsociety.com\/en\/wp-json\/wp\/v2\/product"}],"about":[{"href":"https:\/\/nordicknittingsociety.com\/en\/wp-json\/wp\/v2\/types\/product"}],"wp:featuredmedia":[{"embeddable":true,"href":"https:\/\/nordicknittingsociety.com\/en\/wp-json\/wp\/v2\/media\/43959"}],"wp:attachment":[{"href":"https:\/\/nordicknittingsociety.com\/en\/wp-json\/wp\/v2\/media?parent=44416"}],"wp:term":[{"taxonomy":"product_brand","embeddable":true,"href":"https:\/\/nordicknittingsociety.com\/en\/wp-json\/wp\/v2\/product_brand?post=44416"},{"taxonomy":"product_cat","embeddable":true,"href":"https:\/\/nordicknittingsociety.com\/en\/wp-json\/wp\/v2\/product_cat?post=44416"},{"taxonomy":"product_tag","embeddable":true,"href":"https:\/\/nordicknittingsociety.com\/en\/wp-json\/wp\/v2\/product_tag?post=44416"}],"curies":[{"name":"wp","href":"https:\/\/api.w.org\/{rel}","templated":true}]}}