{"id":44414,"date":"2025-08-01T10:45:56","date_gmt":"2025-08-01T08:45:56","guid":{"rendered":"https:\/\/nordicknittingsociety.com\/?post_type=product&#038;p=44414"},"modified":"2025-08-01T10:45:56","modified_gmt":"2025-08-01T08:45:56","slug":"trojan-gulli","status":"publish","type":"product","link":"https:\/\/nordicknittingsociety.com\/en\/produkt\/trojan-gulli\/","title":{"rendered":"Tr\u00f6jan Gulli"},"content":{"rendered":"<p><strong>Storlekar<br \/>\n<\/strong>1, 2, (3, 4), 5, 6, (7, 8), 9<br \/>\n<strong><br \/>\nPlaggets bystm\u00e5tt:<br \/>\n<\/strong>95, 105, (115, 125), 135, 145, (155, 165), 175 cm<strong><br \/>\n<\/strong>inklusive ca 25 cm r\u00f6relsevidd<br \/>\n<strong><br \/>\nGarn\u00e5tg\u00e5ng:<br \/>\n<\/strong>450, 480, (520, 550), 590, 630, (670, 710), 750 gram<\/p>\n<p><strong>Garn:<\/strong><br \/>\nFru Fjellmans Cleopatra DK (250m\/100g)<br \/>\nEller liknande f\u00f6r att uppn\u00e5 r\u00e4tt stickfasthet.<\/p>\n<p><em>Den bl\u00e5 tr\u00f6jan \u00e4r uppstickad i Fru Fjellmans Cleopatra DK i f\u00e4rgen Blue Steel. Modellen har ett bystm\u00e5tt om 86 cm och tr\u00f6jan \u00e4r uppstickad i storlek 3.<\/em><\/p>\n<p><strong>Stickor:<br \/>\n<\/strong>4,5 mm till kroppen<br \/>\n4 mm till muddar<\/p>\n<p><strong>Stickfasthet:<\/strong><br \/>\n18 m x 24 varv = 10 x 10 cm, sl\u00e4tstickning<br \/>\n18 m x 34 varv = 10 x 10 cm, strukturstickning<\/p>\n","protected":false},"excerpt":{"rendered":"<div dir=\"ltr\">\n<div dir=\"ltr\">\n<div>\n<p><span id=\"v1m_4789690803986672823gmail-docs-internal-guid-6d68aeef-7fff-7950-2fb7-58b8d693972c\">Jessica Jocknesj\u00f6, @jesknits p\u00e5 Instagram har designat tr\u00f6jan Gulli som var m\u00e5nadens m\u00f6nster hos oss i juli 2025.<br \/>\n\u2013\u00a0 Juli m\u00e5nads m\u00f6nster \u00e4r tr\u00f6jan Gulli, som \u00e4r ytterligare ett plagg i min tant-kollektion. Gulli var en av tv\u00e5 systrar som var v\u00e4nner till min farmor. De bodde i Visby och hade ett sommarhus p\u00e5 Tofta p\u00e5 Gotland.<br \/>\nJag har spenderat otaliga sommardagar med Gulli och hennes syster Maj och \u00e4ven om Gulli var den str\u00e4nga av dem s\u00e5 minns jag min barndoms somrar p\u00e5 Gotland med o\u00e4ndlig k\u00e4rlek. Denna tr\u00f6ja f\u00e5r namnet Gulli som minne av sol, strand och nykokt jordgubbssylt.<\/span><\/p>\n<\/div>\n<div><span id=\"v1m_4789690803986672823gmail-docs-internal-guid-1e6ec095-7fff-b3ce-fda2-03eb965ad14f\">Tr\u00f6jan stickas uppifr\u00e5n och ned med r\u00e4nder i strukturm\u00f6nster. Den har nedhasade axlar och axels\u00f6mmen f\u00f6rskjuts s\u00e5 den hamnar en bit ner p\u00e5 bakstycket. Bakstycket stickas n\u00e5got l\u00e4ngre \u00e4n framstycket med hj\u00e4lp av f\u00f6rkortade varv s\u00e5 tr\u00f6jan g\u00e5r ner en bit \u00f6ver rumpan. \u00c4rmarna kan stickas i tre olika l\u00e4ngder. Halslinningen stickas i res\u00e5r och viks dubbel. Gulli kommer bli din \u00e4lsklingstr\u00f6ja!<\/span><\/div>\n<\/div>\n<\/div>\n","protected":false},"featured_media":43950,"template":"","meta":{"_et_pb_use_builder":"","_et_pb_old_content":"","_et_gb_content_width":"","_coblocks_attr":"","_coblocks_dimensions":"","_coblocks_responsive_height":"","_coblocks_accordion_ie_support":"","_crdt_document":"","om_disable_all_campaigns":false,"_monsterinsights_skip_tracking":false,"_monsterinsights_sitenote_active":false,"_monsterinsights_sitenote_note":"","_monsterinsights_sitenote_category":0,"jetpack_publicize_message":"","jetpack_publicize_feature_enabled":true,"jetpack_social_post_already_shared":true,"jetpack_social_options":{"image_generator_settings":{"template":"highway","default_image_id":0,"font":"","enabled":false},"version":2},"_wpas_customize_per_network":false},"product_brand":[],"product_cat":[1372749,1372651,1372615,1372686,1372621,1372627,1372617,1372618],"product_tag":[],"class_list":{"0":"post-44414","1":"product","2":"type-product","3":"status-publish","4":"has-post-thumbnail","6":"product_cat-jessica-joknesjo-nordic-knitting-society","7":"product_cat-pattern-of-the-month","8":"product_cat-pattern","9":"product_cat-membership","10":"product_cat-nks-shop-en","11":"product_cat-subscriptions","12":"product_cat-sweater-en","13":"product_cat-troja-en","14":"member-discount","15":"discount-restricted","17":"first","18":"instock","19":"downloadable","20":"taxable","21":"shipping-taxable","22":"purchasable","23":"product-type-simple"},"aioseo_notices":[],"jetpack_publicize_connections":[],"jetpack_sharing_enabled":true,"_links":{"self":[{"href":"https:\/\/nordicknittingsociety.com\/en\/wp-json\/wp\/v2\/product\/44414","targetHints":{"allow":["GET"]}}],"collection":[{"href":"https:\/\/nordicknittingsociety.com\/en\/wp-json\/wp\/v2\/product"}],"about":[{"href":"https:\/\/nordicknittingsociety.com\/en\/wp-json\/wp\/v2\/types\/product"}],"wp:featuredmedia":[{"embeddable":true,"href":"https:\/\/nordicknittingsociety.com\/en\/wp-json\/wp\/v2\/media\/43950"}],"wp:attachment":[{"href":"https:\/\/nordicknittingsociety.com\/en\/wp-json\/wp\/v2\/media?parent=44414"}],"wp:term":[{"taxonomy":"product_brand","embeddable":true,"href":"https:\/\/nordicknittingsociety.com\/en\/wp-json\/wp\/v2\/product_brand?post=44414"},{"taxonomy":"product_cat","embeddable":true,"href":"https:\/\/nordicknittingsociety.com\/en\/wp-json\/wp\/v2\/product_cat?post=44414"},{"taxonomy":"product_tag","embeddable":true,"href":"https:\/\/nordicknittingsociety.com\/en\/wp-json\/wp\/v2\/product_tag?post=44414"}],"curies":[{"name":"wp","href":"https:\/\/api.w.org\/{rel}","templated":true}]}}