{"id":43696,"date":"2025-06-01T14:22:45","date_gmt":"2025-06-01T12:22:45","guid":{"rendered":"https:\/\/nordicknittingsociety.com\/?post_type=product&#038;p=43696"},"modified":"2025-06-01T14:22:46","modified_gmt":"2025-06-01T12:22:46","slug":"dont-be-a-square-sock","status":"publish","type":"product","link":"https:\/\/nordicknittingsociety.com\/en\/produkt\/dont-be-a-square-sock\/","title":{"rendered":"Don\u2019t be a Square Sock"},"content":{"rendered":"<p><strong>Storlek:<br \/>\n<\/strong>\u201cOne size\u201d f\u00f6r en fot med omkrets p\u00e5 ca 20-23 cm.<br \/>\nStorleken justeras genom att l\u00e4gga till extra maskor (i multiplar av 4 maskor = 2 maskor per sida) i samband med uppl\u00e4gget.<br \/>\n<strong><br \/>\nGarn:<\/strong><br \/>\nFingering eller sockgarn, ca 400 m\/100 g<\/p>\n<p><strong>Garn\u00e5tg\u00e5ng:<\/strong><br \/>\n220 m f\u00f6r tv\u00e5 sockar.<\/p>\n<p><strong>Sockan p\u00e5 fotot:<\/strong><br \/>\n4 ply sockgarn, 75% superwash merinoull med 25% nylon, 400 m\/100 g.<\/p>\n<p><strong>Stickfasthet:<\/strong><br \/>\n32 maskor i sl\u00e4tstickning = 10 cm. Stickfastheten p\u00e5verkar resultatet avseende storlek och garn\u00e5tg\u00e5ng.<\/p>\n<p><strong>Stickor:<\/strong><br \/>\nStrumpstickor eller rundsticka (f\u00f6r magic loop) i storlek 2.25 mm eller motsvarande f\u00f6r att f\u00e5 r\u00e4tt stickfasthet.<\/p>\n<p><strong>Extra utrustning:<\/strong><br \/>\nTv\u00e5 mark\u00f6rer, en stoppn\u00e5l och ett m\u00e5ttband.<\/p>\n","protected":false},"excerpt":{"rendered":"<p>L\u00e5t inte fantasin begr\u00e4nsas!<br \/>\nDon\u2019t be a Square Sock \u00e4r just det \u2013 en fl\u00f6rt med ord och visuellt intryck inspirerad av de glimrande rutorna i en kortlek. De inramade kedjorna bildar en vacker bild mot den aviga bakgrunden. Det \u00e4r en topp-till-t\u00e5-stickad socka \u00f6ver 64 maskor med en klassisk h\u00e4lkappa.<\/p>\n<p>Anv\u00e4nd ljust, enf\u00e4rgat garn f\u00f6r att verkligen framh\u00e4va m\u00f6nstrets visuella effekt och skapa en socka som \u00e4r b\u00e5de bekv\u00e4m och elegant.<\/p>\n<p>M\u00f6nstret \u00e4r i en storlek men det finns tips f\u00f6r att anpassa bredd och l\u00e4ngd. Du kommer att anv\u00e4nda b\u00e5de<br \/>\ndiagram och skriftliga instruktioner. M\u00f6nstret \u00e4r beskrivet utifr\u00e5n strumpstickor, men du kan sj\u00e4lvklart<br \/>\narbeta med kablar och magic loop.<\/p>\n<p>Njut av ditt stickande h\u00e4lsar,<br \/>\nErika &amp; Nordic Knitting Society \u2764\ufe0f<\/p>\n","protected":false},"featured_media":43194,"template":"","meta":{"_et_pb_use_builder":"","_et_pb_old_content":"","_et_gb_content_width":"","_coblocks_attr":"","_coblocks_dimensions":"","_coblocks_responsive_height":"","_coblocks_accordion_ie_support":"","_crdt_document":"","om_disable_all_campaigns":false,"_monsterinsights_skip_tracking":false,"_monsterinsights_sitenote_active":false,"_monsterinsights_sitenote_note":"","_monsterinsights_sitenote_category":0,"jetpack_publicize_message":"","jetpack_publicize_feature_enabled":true,"jetpack_social_post_already_shared":true,"jetpack_social_options":{"image_generator_settings":{"template":"highway","default_image_id":0,"font":"","enabled":false},"version":2},"_wpas_customize_per_network":false},"product_brand":[],"product_cat":[1372674,1372615,1372686,1372621,1372627,1372645,1372603,1372604],"product_tag":[],"class_list":{"0":"post-43696","1":"product","2":"type-product","3":"status-publish","4":"has-post-thumbnail","6":"product_cat-erika-warn-en","7":"product_cat-pattern","8":"product_cat-membership","9":"product_cat-nks-shop-en","10":"product_cat-subscriptions","11":"product_cat-sockklubben-en","12":"product_cat-socks-en","13":"product_cat-socks-en-2","14":"member-discount","15":"discount-restricted","17":"first","18":"instock","19":"downloadable","20":"taxable","21":"shipping-taxable","22":"purchasable","23":"product-type-simple"},"aioseo_notices":[],"jetpack_publicize_connections":[],"jetpack_sharing_enabled":true,"_links":{"self":[{"href":"https:\/\/nordicknittingsociety.com\/en\/wp-json\/wp\/v2\/product\/43696","targetHints":{"allow":["GET"]}}],"collection":[{"href":"https:\/\/nordicknittingsociety.com\/en\/wp-json\/wp\/v2\/product"}],"about":[{"href":"https:\/\/nordicknittingsociety.com\/en\/wp-json\/wp\/v2\/types\/product"}],"wp:featuredmedia":[{"embeddable":true,"href":"https:\/\/nordicknittingsociety.com\/en\/wp-json\/wp\/v2\/media\/43194"}],"wp:attachment":[{"href":"https:\/\/nordicknittingsociety.com\/en\/wp-json\/wp\/v2\/media?parent=43696"}],"wp:term":[{"taxonomy":"product_brand","embeddable":true,"href":"https:\/\/nordicknittingsociety.com\/en\/wp-json\/wp\/v2\/product_brand?post=43696"},{"taxonomy":"product_cat","embeddable":true,"href":"https:\/\/nordicknittingsociety.com\/en\/wp-json\/wp\/v2\/product_cat?post=43696"},{"taxonomy":"product_tag","embeddable":true,"href":"https:\/\/nordicknittingsociety.com\/en\/wp-json\/wp\/v2\/product_tag?post=43696"}],"curies":[{"name":"wp","href":"https:\/\/api.w.org\/{rel}","templated":true}]}}