{"id":43693,"date":"2025-06-01T14:03:25","date_gmt":"2025-06-01T12:03:25","guid":{"rendered":"https:\/\/nordicknittingsociety.com\/?post_type=product&#038;p=43693"},"modified":"2025-06-01T14:07:04","modified_gmt":"2025-06-01T12:07:04","slug":"sommartoppen-maj","status":"publish","type":"product","link":"https:\/\/nordicknittingsociety.com\/en\/produkt\/sommartoppen-maj\/","title":{"rendered":"Sommartoppen Maj"},"content":{"rendered":"<p class=\"v1MsoNormal\"><span lang=\"EN-US\"><b>Storlek:<br \/>\n<\/b>1, 2, (3, 4), 5, 6, (7, 8), 9<br \/>\n<b><br \/>\nPlaggets bystm\u00e5tt:<br \/>\n<\/b>80, 90, (100, 110), 120, 130, (140, 150), 160 cm<br \/>\ninklusive ca 10 cm r\u00f6relsevidd<\/span><b><\/b><\/p>\n<p class=\"v1MsoNormal\"><span lang=\"EN-US\"><b>Garn:<br \/>\n<\/b>Fingering\/Sport, 400m\/100g eller 350m\/100g.<br \/>\nEller liknande f\u00f6r att uppn\u00e5 r\u00e4tt stickfasthet och<br \/>\ndet tyg du vill ha.<b><br \/>\nGrundf\u00e4rg:<br \/>\n<\/b>Ca 520, 590, (660, 730), 810, 890, (950, 1040),<br \/>\n1130 meter<b><br \/>\nKontrastf\u00e4rg:<br \/>\n<\/b>Ca 440, 500, (560, 610), 680, 750, (810, 880), 950<br \/>\nmeter<br \/>\n<b><br \/>\nStickor:<br \/>\n<\/b>3 mm och 3,5 mm<br \/>\n<b><br \/>\nStickfasthet:<br \/>\n<\/b>20 m x 36 varv = 10 x 10 cm, sl\u00e4tstickning.<b><br \/>\n<\/b>Anv\u00e4nd alltid den stickstorlek som ger dig r\u00e4tt<br \/>\nstickfasthet.<b><\/b><\/span><\/p>\n<p class=\"v1MsoNormal\">P\u00e5 bilden:<br \/>\n<em><span lang=\"EN-US\">Den kornbl\u00e5 och flerf\u00e4rgade tr\u00f6jan \u00e4r uppstickad i BC Garn Soft Silk i f\u00e4rgen SS-019 samt en handf\u00e4rgad variant av Garnmakeriet. Modellens bystm\u00e5tt \u00e4r\u00a0 86 cm och tr\u00f6jan \u00e4r i storlek 3.<\/span><\/em><\/p>\n","protected":false},"excerpt":{"rendered":"<p>Min barndoms somrar spenderade jag med min familj i en liten stuga utan el eller vatten p\u00e5 tomten hos mina sommartanter.<\/p>\n<div class=\"et_pb_text_inner\">\n<div><span id=\"v1gmail-docs-internal-guid-d731a93c-7fff-a81d-9fb2-865720411c87\">Ett syskonpar som hade en sommarstuga i Tofta p\u00e5 Gotland. Jag \u00e4lskade att vara d\u00e4r!<br \/>\nJag fick hemkokt jordgubbssylt gjord av Gulli och spenderade kv\u00e4llar spelandes kinaschack med Maj.<br \/>\nF\u00f6r att minnas alla fina tanter som omgett mig med v\u00e4rme och k\u00e4rlek genom \u00e5ren ger jag mina senaste m\u00f6nster namn efter flera av dem och just denna <strong>sommartopp f\u00e5r namnet Maj.<\/strong><\/span><\/div>\n<div>\n<p><span id=\"v1gmail-docs-internal-guid-ce97ce2c-7fff-ddbf-0311-b72beb65e43c\">Maj stickas uppifr\u00e5n och ned i ett randigt strukturm\u00f6nster med en kortare \u00e4rm som stickas samtidigt som kroppen och formas med minskningar vid \u00e4rmh\u00e5let. Tr\u00f6jan har en r\u00f6relsevidd om ca 10 cm och kan stickas med en A-linjeform f\u00f6r mer vidd \u00f6ver stussen eller helt rak om s\u00e5 \u00f6nskas. Bakstycket \u00e4r n\u00e5got l\u00e4ngre \u00e4n framstycket och formas med kortvarv. Nacken \u00e4r n\u00e5got h\u00f6gre \u00e4n halsen och halsringningen kan stickas p\u00e5 flera olika s\u00e4tt. \u00c4rmen har en liten dekorativ uppvikningskant.<\/span><\/p>\n<p>Hoppas att ni gillar m\u00f6nstret Maj \ud83d\ude0d<br \/>\n\/Jessica &amp; Nordic Knitting Society<\/p>\n<\/div>\n<\/div>\n","protected":false},"featured_media":43182,"template":"","meta":{"_et_pb_use_builder":"","_et_pb_old_content":"","_et_gb_content_width":"","_coblocks_attr":"","_coblocks_dimensions":"","_coblocks_responsive_height":"","_coblocks_accordion_ie_support":"","_crdt_document":"","om_disable_all_campaigns":false,"_monsterinsights_skip_tracking":false,"_monsterinsights_sitenote_active":false,"_monsterinsights_sitenote_note":"","_monsterinsights_sitenote_category":0,"jetpack_publicize_message":"","jetpack_publicize_feature_enabled":true,"jetpack_social_post_already_shared":true,"jetpack_social_options":{"image_generator_settings":{"template":"highway","default_image_id":0,"font":"","enabled":false},"version":2},"_wpas_customize_per_network":false},"product_brand":[],"product_cat":[1372749,1372651,1372686,1372621,1372627,1372620,1372668,1372725,1372724],"product_tag":[],"class_list":{"0":"post-43693","1":"product","2":"type-product","3":"status-publish","4":"has-post-thumbnail","6":"product_cat-jessica-joknesjo-nordic-knitting-society","7":"product_cat-pattern-of-the-month","8":"product_cat-membership","9":"product_cat-nks-shop-en","10":"product_cat-subscriptions","11":"product_cat-shop","12":"product_cat-t-shirt-topp-en","13":"product_cat-top-of-the-page","14":"product_cat-top-en","15":"member-discount","16":"discount-restricted","18":"first","19":"instock","20":"downloadable","21":"taxable","22":"shipping-taxable","23":"purchasable","24":"product-type-simple"},"aioseo_notices":[],"jetpack_publicize_connections":[],"jetpack_sharing_enabled":true,"_links":{"self":[{"href":"https:\/\/nordicknittingsociety.com\/en\/wp-json\/wp\/v2\/product\/43693","targetHints":{"allow":["GET"]}}],"collection":[{"href":"https:\/\/nordicknittingsociety.com\/en\/wp-json\/wp\/v2\/product"}],"about":[{"href":"https:\/\/nordicknittingsociety.com\/en\/wp-json\/wp\/v2\/types\/product"}],"wp:featuredmedia":[{"embeddable":true,"href":"https:\/\/nordicknittingsociety.com\/en\/wp-json\/wp\/v2\/media\/43182"}],"wp:attachment":[{"href":"https:\/\/nordicknittingsociety.com\/en\/wp-json\/wp\/v2\/media?parent=43693"}],"wp:term":[{"taxonomy":"product_brand","embeddable":true,"href":"https:\/\/nordicknittingsociety.com\/en\/wp-json\/wp\/v2\/product_brand?post=43693"},{"taxonomy":"product_cat","embeddable":true,"href":"https:\/\/nordicknittingsociety.com\/en\/wp-json\/wp\/v2\/product_cat?post=43693"},{"taxonomy":"product_tag","embeddable":true,"href":"https:\/\/nordicknittingsociety.com\/en\/wp-json\/wp\/v2\/product_tag?post=43693"}],"curies":[{"name":"wp","href":"https:\/\/api.w.org\/{rel}","templated":true}]}}