{"id":43290,"date":"2025-05-01T09:33:24","date_gmt":"2025-05-01T07:33:24","guid":{"rendered":"https:\/\/nordicknittingsociety.com\/?post_type=product&#038;p=43290"},"modified":"2025-05-22T14:04:23","modified_gmt":"2025-05-22T12:04:23","slug":"humle-summer-socks","status":"publish","type":"product","link":"https:\/\/nordicknittingsociety.com\/en\/produkt\/humle-summer-socks\/","title":{"rendered":"Humle Summer Socks"},"content":{"rendered":"<p><strong>Storlekar och garn\u00e5tg\u00e5ng<\/strong><\/p>\n<p><strong>Sockstorlek\u00a0 \u00a0<\/strong><br \/>\n1 (2) 3 (4)\u00a0 5<br \/>\n<strong>Skostorlek dam\u00a0<\/strong><br \/>\n36 (37\u201338) 39\u201340 ( 41)\u00a0 42\u201343<br \/>\n<strong>Omkrets, f\u00e4rdig socka (cm<\/strong>)<br \/>\n18 (18) 20,5 (20,5) 23<br \/>\n<strong>Fotl\u00e4ngd f\u00e4rdig socka (cm)<\/strong><br \/>\n21 (22) 23 (24) 25<br \/>\n<strong>Skaftl\u00e4ngd, f\u00e4rdig socka (cm)<\/strong><br \/>\n7,5 (7,5) 7,5 (7,5) 7,5<br \/>\n<strong>Garn\u00e5tg\u00e5ng (gram)<\/strong><br \/>\n50 (50) 60 (60) 70<br \/>\n<strong>Garn\u00e5tg\u00e5ng (m)<\/strong><br \/>\n200 (200) 240 (240) 280<\/p>\n<p><strong>Garn<\/strong><br \/>\nTunt sockgarn med en l\u00f6pl\u00e4ngd p\u00e5 ungef\u00e4r 400 m \/ 100 g.<br \/>\nGarn som anv\u00e4nds i sockarna p\u00e5 bilden \u00e4r Hjerte Garn Bamboo wool, 55% superwash ull, 30% bambu, 15% nylon, 200 m \/ 50 g. F\u00e4rg 6995.<\/p>\n<p><strong>Stickor<\/strong><br \/>\nStrumpstickor: 2,25 mm<\/p>\n<p><strong>Stickfasthet<br \/>\n<\/strong>32 m x 44 varv = 10 cm i sl\u00e4tstickning runt, p\u00e5 sticka 2,25 mm.<br \/>\nAnv\u00e4nd alltid den stickstorlek du beh\u00f6ver f\u00f6r att uppn\u00e5 den angivna stickfastheten.<br \/>\n<strong><br \/>\nTillbeh\u00f6r<br \/>\n<\/strong>Stickmark\u00f6rer, fl\u00e4tsticka (valfritt), stoppn\u00e5l.<\/p>\n","protected":false},"excerpt":{"rendered":"<p>Humleserien som designas av fantastiska @poweofwool Annelie Verbrugge, nu har familjen\u00a0 f\u00e5tt ytterligare ett tillskott \u2013 Humle Summer Socks \u2764\ufe0f<br \/>\nSockorna stickas uppifr\u00e5n och ner med ett spetsm\u00f6nster p\u00e5 sockans ovansida, inramat av ett enkelt fl\u00e4tm\u00f6nster. Res\u00e5ren \u00e4r anpassad f\u00f6r att s\u00f6ml\u00f6st g\u00e5 \u00f6ver i spetsm\u00f6nstret f\u00f6r ett elegant uttryck och h\u00e4len konstrueras med en h\u00e4llapp och kil f\u00f6r b\u00e4sta passform. Sockan blir behaglig och luftig n\u00e4r den stickas i tunt sockgarn, perfekt f\u00f6r sommarens eftermiddagar i<br \/>\nskuggan.<\/p>\n<p>Hoppas p\u00e5 njutning av en kul stickning!<br \/>\nAnnelie &amp; Nordic Knitting Society<\/p>\n","protected":false},"featured_media":42014,"template":"","meta":{"_et_pb_use_builder":"","_et_pb_old_content":"","_et_gb_content_width":"","_coblocks_attr":"","_coblocks_dimensions":"","_coblocks_responsive_height":"","_coblocks_accordion_ie_support":"","_crdt_document":"","om_disable_all_campaigns":false,"_monsterinsights_skip_tracking":false,"_monsterinsights_sitenote_active":false,"_monsterinsights_sitenote_note":"","_monsterinsights_sitenote_category":0,"jetpack_publicize_message":"","jetpack_publicize_feature_enabled":true,"jetpack_social_post_already_shared":true,"jetpack_social_options":{"image_generator_settings":{"template":"highway","default_image_id":0,"font":"","enabled":false},"version":2},"_wpas_customize_per_network":false},"product_brand":[],"product_cat":[1372486,1372345,1372363,1372619,1372435,1372459,1372346,1372436],"product_tag":[],"class_list":{"0":"post-43290","1":"product","2":"type-product","3":"status-publish","4":"has-post-thumbnail","6":"product_cat-annelie-verbrugge","7":"product_cat-monster","8":"product_cat-medlemsskap","9":"product_cat-nks-shop","10":"product_cat-prenumerationer","11":"product_cat-sockklubben","12":"product_cat-sockor","13":"product_cat-socks","14":"member-discount","15":"discount-restricted","17":"first","18":"instock","19":"downloadable","20":"taxable","21":"shipping-taxable","22":"purchasable","23":"product-type-simple"},"aioseo_notices":[],"jetpack_publicize_connections":[],"jetpack_sharing_enabled":true,"_links":{"self":[{"href":"https:\/\/nordicknittingsociety.com\/en\/wp-json\/wp\/v2\/product\/43290","targetHints":{"allow":["GET"]}}],"collection":[{"href":"https:\/\/nordicknittingsociety.com\/en\/wp-json\/wp\/v2\/product"}],"about":[{"href":"https:\/\/nordicknittingsociety.com\/en\/wp-json\/wp\/v2\/types\/product"}],"wp:featuredmedia":[{"embeddable":true,"href":"https:\/\/nordicknittingsociety.com\/en\/wp-json\/wp\/v2\/media\/42014"}],"wp:attachment":[{"href":"https:\/\/nordicknittingsociety.com\/en\/wp-json\/wp\/v2\/media?parent=43290"}],"wp:term":[{"taxonomy":"product_brand","embeddable":true,"href":"https:\/\/nordicknittingsociety.com\/en\/wp-json\/wp\/v2\/product_brand?post=43290"},{"taxonomy":"product_cat","embeddable":true,"href":"https:\/\/nordicknittingsociety.com\/en\/wp-json\/wp\/v2\/product_cat?post=43290"},{"taxonomy":"product_tag","embeddable":true,"href":"https:\/\/nordicknittingsociety.com\/en\/wp-json\/wp\/v2\/product_tag?post=43290"}],"curies":[{"name":"wp","href":"https:\/\/api.w.org\/{rel}","templated":true}]}}