{"id":43288,"date":"2025-05-01T09:17:38","date_gmt":"2025-05-01T07:17:38","guid":{"rendered":"https:\/\/nordicknittingsociety.com\/?post_type=product&#038;p=43288"},"modified":"2025-05-01T09:18:45","modified_gmt":"2025-05-01T07:18:45","slug":"magnolia-sweater","status":"publish","type":"product","link":"https:\/\/nordicknittingsociety.com\/en\/produkt\/magnolia-sweater\/","title":{"rendered":"Magnolia Sweater"},"content":{"rendered":"<p class=\"v1MsoNormal\"><strong>Storlek:<\/strong><br \/>\nXS, S, M (L, XL, 2XL) [3XL, 4XL, 5XL] med\u00a0kroppens br\u00f6stm\u00e5tt 74, 84, 94 (104, 114, 125) [135,\u00a0145, 155] cm.<\/p>\n<p class=\"v1MsoNormal\"><strong>Garn:<\/strong><br \/>\nKategori DK, 180-200 m\/100 g.<\/p>\n<p><strong>Garn\u00e5tg\u00e5ng:<\/strong><br \/>\n585, 675, 720 (855, 945, 1080) [1215, 1530, 1620] meter,<br \/>\neller 4, 4, 4 (5, 6, 6) [7, 9, 9] nystan av DK garn<\/p>\n<p><strong>Garn p\u00e5 referensbilder:<\/strong><br \/>\nDK Merino-Lin 90\/10<\/p>\n<p><strong>Stickfasthet:<\/strong><br \/>\n18 m x 22 varv i sl\u00e4tstickning = 10 x 10 cm. Stickfastheten p\u00e5verkar resultatet, b\u00e5de avseende storlek och garn\u00e5tg\u00e5ng.<\/p>\n<p><strong>Stickor:<\/strong><br \/>\nRundstickor storlek 5 mm (eller motsvarande f\u00f6r att f\u00e5 r\u00e4tt stickfasthet) p\u00e5 kabel.<br \/>\nBra kabell\u00e4ngder att ha till hands \u00e4r 60\/80\/100 mm. B\u00f6rja med den kortaste kabeln och \u00f6ka efter behov.<br \/>\n\u00c4rmar stickas med f\u00f6rdel med magic loop, annars anv\u00e4nd din superduperkortaste rundsticka eller strumpstickor av samma storlek.<\/p>\n<p>Halsmaskorna stickas v\u00e4ldigt l\u00f6st eller med hj\u00e4lp av en st\u00f6rre sticka av storlek 5.5-6 mm.<br \/>\n\u00c4rmens mudd stickas med storlek 4 mm.<\/p>\n<p><strong>Extra utrustning:<\/strong><br \/>\n8 mark\u00f6rer, 2 extra kablar f\u00f6r vilande maskor, en stoppn\u00e5l f\u00f6r att f\u00e4sta garn\u00e4ndar och ett m\u00e5ttband<\/p>\n","protected":false},"excerpt":{"rendered":"<p>Erika W\u00e4rn \u00e4r tillbaka med en riktigt h\u00e4rlig tr\u00f6ja som kommer bli en favorit i m\u00e5nga stickares garderober!<br \/>\nH\u00e4r \u00e4r den perfekta bastr\u00f6jan f\u00f6r svala kv\u00e4llar. Den \u00e4r stickad uppifr\u00e5n och ner, med en konstruktion d\u00e4r varje steg \u00e4r lika viktigt som det f\u00f6reg\u00e5ende f\u00f6r att uppn\u00e5 den ultimata finishen. Tr\u00f6jan har sadel\u00e4rm och en vriden res\u00e5r avslutar vid \u00e4rm och midja.<br \/>\n\u00c4rmarna \u00e4r l\u00e4tt avsmalnande, medan kroppen \u00e4r rak f\u00f6r den d\u00e4r extra r\u00f6relsefriheten i midjan.<br \/>\nN\u00e4r v\u00e5rens eller h\u00f6stens vindar bl\u00e5ser, b\u00e4r tr\u00f6jan med vetskapen om att du inte bara \u00e4r kl\u00e4dd i garn \u2013 du \u00e4r omsluten av v\u00e4rme som str\u00e4cker sig bortom tr\u00e5darna.<\/p>\n<p>Happy knitting h\u00e4lsar<\/p>\n<p>Erika &amp; Nordic Knitting Society<\/p>\n","protected":false},"featured_media":42005,"template":"","meta":{"_et_pb_use_builder":"","_et_pb_old_content":"","_et_gb_content_width":"","_coblocks_attr":"","_coblocks_dimensions":"","_coblocks_responsive_height":"","_coblocks_accordion_ie_support":"","_crdt_document":"","om_disable_all_campaigns":false,"_monsterinsights_skip_tracking":false,"_monsterinsights_sitenote_active":false,"_monsterinsights_sitenote_note":"","_monsterinsights_sitenote_category":0,"jetpack_publicize_message":"","jetpack_publicize_feature_enabled":true,"jetpack_social_post_already_shared":true,"jetpack_social_options":{"image_generator_settings":{"template":"highway","default_image_id":0,"font":"","enabled":false},"version":2},"_wpas_customize_per_network":false},"product_brand":[],"product_cat":[1372674,1372651,1372615,1372686,1372621,1372627,1372617,1372618],"product_tag":[],"class_list":{"0":"post-43288","1":"product","2":"type-product","3":"status-publish","4":"has-post-thumbnail","6":"product_cat-erika-warn-en","7":"product_cat-pattern-of-the-month","8":"product_cat-pattern","9":"product_cat-membership","10":"product_cat-nks-shop-en","11":"product_cat-subscriptions","12":"product_cat-sweater-en","13":"product_cat-troja-en","14":"member-discount","15":"discount-restricted","17":"first","18":"instock","19":"downloadable","20":"taxable","21":"shipping-taxable","22":"purchasable","23":"product-type-simple"},"aioseo_notices":[],"jetpack_publicize_connections":[],"jetpack_sharing_enabled":true,"_links":{"self":[{"href":"https:\/\/nordicknittingsociety.com\/en\/wp-json\/wp\/v2\/product\/43288","targetHints":{"allow":["GET"]}}],"collection":[{"href":"https:\/\/nordicknittingsociety.com\/en\/wp-json\/wp\/v2\/product"}],"about":[{"href":"https:\/\/nordicknittingsociety.com\/en\/wp-json\/wp\/v2\/types\/product"}],"wp:featuredmedia":[{"embeddable":true,"href":"https:\/\/nordicknittingsociety.com\/en\/wp-json\/wp\/v2\/media\/42005"}],"wp:attachment":[{"href":"https:\/\/nordicknittingsociety.com\/en\/wp-json\/wp\/v2\/media?parent=43288"}],"wp:term":[{"taxonomy":"product_brand","embeddable":true,"href":"https:\/\/nordicknittingsociety.com\/en\/wp-json\/wp\/v2\/product_brand?post=43288"},{"taxonomy":"product_cat","embeddable":true,"href":"https:\/\/nordicknittingsociety.com\/en\/wp-json\/wp\/v2\/product_cat?post=43288"},{"taxonomy":"product_tag","embeddable":true,"href":"https:\/\/nordicknittingsociety.com\/en\/wp-json\/wp\/v2\/product_tag?post=43288"}],"curies":[{"name":"wp","href":"https:\/\/api.w.org\/{rel}","templated":true}]}}