{"id":42092,"date":"2025-04-01T08:00:06","date_gmt":"2025-04-01T06:00:06","guid":{"rendered":"https:\/\/nordicknittingsociety.com\/?post_type=product&#038;p=42092"},"modified":"2025-04-01T08:00:07","modified_gmt":"2025-04-01T06:00:07","slug":"strawberry-field-set","status":"publish","type":"product","link":"https:\/\/nordicknittingsociety.com\/en\/produkt\/strawberry-field-set\/","title":{"rendered":"Strawberry field set"},"content":{"rendered":"<p><strong>Vantar<\/strong><\/p>\n<p><strong>Garnf\u00f6rslag:<br \/>\n<\/strong>Tr\u00e5d Brushed alpaca silk + 1 tr\u00e5d Baby merino<\/p>\n<p><strong>Storlekar:<br \/>\nS\/M\u00a0\u00a0\u00a0\u00a0\u00a0\u00a0\u00a0\u00a0\u00a0\u00a0\u00a0\u00a0\u00a0\u00a0\u00a0\u00a0 L\/XL<br \/>\n<\/strong>Brushed alpaca silk (140 m\/25 g)<br \/>\n25 g\u00a0\u00a0\u00a0\u00a0\u00a0\u00a0\u00a0\u00a0\u00a0\u00a0\u00a0\u00a0\u00a0\u00a0\u00a0\u00a0\u00a0 25 g<br \/>\nBaby merino (175 m\/50 g)<br \/>\n50 g\u00a0\u00a0\u00a0\u00a0\u00a0\u00a0\u00a0\u00a0\u00a0\u00a0\u00a0\u00a0\u00a0\u00a0\u00a0\u00a0\u00a0 50 g<\/p>\n<p><strong>F\u00e4rdigt m\u00e5tt:<br \/>\n<\/strong>Omkrets 18 cm (22 cm), l\u00e4ngd b\u00e5da storlekar ca 25 cm.<\/p>\n<p><strong>Stickor<\/strong>:<br \/>\nRundsticka 4 mm och 4,5 mm<\/p>\n<p><strong>Stickfasthet<\/strong>:<br \/>\n22 maskor, 20 varv\/10 cm<\/p>\n<p><strong>Tubsjal<\/strong><\/p>\n<p><strong>Garn\u00e5tg\u00e5ng:<br \/>\n<\/strong>150 g, stickad med 2 tr\u00e5dar, 75 g om du anv\u00e4nder stickar den tunnar varianten i 1 tr\u00e5d.<\/p>\n<p><strong>Garnf\u00f6rslag:\u00a0<\/strong><br \/>\n1 alt 2 tr\u00e5dar Brushed alpaca silk (140 m\/25 g)<\/p>\n<p><strong>Stickor:<br \/>\n<\/strong>5,5 mm<\/p>\n<p><strong>Stickfasthet:<br \/>\n<\/strong>18 m, 16 v\/10 v<\/p>\n<p><strong>F\u00e4rdigt m\u00e5tt:<br \/>\n<\/strong>35 cm bred, 135 cm l\u00e5ng innan den \u00e4r ihopsydd.<\/p>\n<p>Kontrollera stickfastigheten och byt vid behov stickstorlek.<\/p>\n","protected":false},"excerpt":{"rendered":"<p>Jenny Blom Hallin @Frublomsatelje, \u00e4r designen bakom detta alldeles ljuvlig set, best\u00e5ende av en tubsjal och ett par vantar.<br \/>\nDu v\u00e4ljer sj\u00e4lv om du vill g\u00f6ra en tunnare variant i enkelt garn, eller en tjockare i dubbelt.<br \/>\nDu kan b\u00e4ra tubsjalen p\u00e5 olika s\u00e4tt, dels som en klassisk tub som snurras tv\u00e5 varv runt halsen, men den kan \u00e4ven b\u00e4ras som en huva, visst \u00e4r det bra?<br \/>\nSetet har ett fint dekorativt m\u00f6nster och \u00e4r enkelt att sticka!<br \/>\nVi \u00f6nskar dig en trevlig stickstund!<br \/>\nJenny &amp; Nordic Knitting Society<\/p>\n","protected":false},"featured_media":41548,"template":"","meta":{"_et_pb_use_builder":"","_et_pb_old_content":"","_et_gb_content_width":"","_coblocks_attr":"","_coblocks_dimensions":"","_coblocks_responsive_height":"","_coblocks_accordion_ie_support":"","_crdt_document":"","om_disable_all_campaigns":false,"_monsterinsights_skip_tracking":false,"_monsterinsights_sitenote_active":false,"_monsterinsights_sitenote_note":"","_monsterinsights_sitenote_category":0,"jetpack_publicize_message":"","jetpack_publicize_feature_enabled":true,"jetpack_social_post_already_shared":true,"jetpack_social_options":{"image_generator_settings":{"template":"highway","default_image_id":0,"font":"","enabled":false},"version":2},"_wpas_customize_per_network":false},"product_brand":[],"product_cat":[1372602,1372601,1372429,1372430,1372628,1372587,1372345,1372686,1372650,1372640,1372599,1372598,1372621,1372615,1372682,1372690,1372620,1372627,1372422],"product_tag":[],"class_list":{"0":"post-42092","1":"product","2":"type-product","3":"status-publish","4":"has-post-thumbnail","6":"product_cat-cowl-en-2","7":"product_cat-cowl-en","8":"product_cat-cowl","9":"product_cat-halskrage","10":"product_cat-jenny-blom-halling-en","11":"product_cat-jenny-blom-halling","12":"product_cat-monster","13":"product_cat-membership","14":"product_cat-mittens-en","15":"product_cat-mittens","16":"product_cat-mitts-en-2","17":"product_cat-mitts-en","18":"product_cat-nks-shop-en","19":"product_cat-pattern","20":"product_cat-sasongsklubben","21":"product_cat-seasonal-club","22":"product_cat-shop","23":"product_cat-subscriptions","24":"product_cat-vantar","25":"member-discount","26":"discount-restricted","28":"first","29":"instock","30":"downloadable","31":"taxable","32":"shipping-taxable","33":"purchasable","34":"product-type-simple"},"aioseo_notices":[],"jetpack_publicize_connections":[],"jetpack_sharing_enabled":true,"_links":{"self":[{"href":"https:\/\/nordicknittingsociety.com\/en\/wp-json\/wp\/v2\/product\/42092","targetHints":{"allow":["GET"]}}],"collection":[{"href":"https:\/\/nordicknittingsociety.com\/en\/wp-json\/wp\/v2\/product"}],"about":[{"href":"https:\/\/nordicknittingsociety.com\/en\/wp-json\/wp\/v2\/types\/product"}],"wp:featuredmedia":[{"embeddable":true,"href":"https:\/\/nordicknittingsociety.com\/en\/wp-json\/wp\/v2\/media\/41548"}],"wp:attachment":[{"href":"https:\/\/nordicknittingsociety.com\/en\/wp-json\/wp\/v2\/media?parent=42092"}],"wp:term":[{"taxonomy":"product_brand","embeddable":true,"href":"https:\/\/nordicknittingsociety.com\/en\/wp-json\/wp\/v2\/product_brand?post=42092"},{"taxonomy":"product_cat","embeddable":true,"href":"https:\/\/nordicknittingsociety.com\/en\/wp-json\/wp\/v2\/product_cat?post=42092"},{"taxonomy":"product_tag","embeddable":true,"href":"https:\/\/nordicknittingsociety.com\/en\/wp-json\/wp\/v2\/product_tag?post=42092"}],"curies":[{"name":"wp","href":"https:\/\/api.w.org\/{rel}","templated":true}]}}