{"id":41705,"date":"2025-03-04T19:02:41","date_gmt":"2025-03-04T18:02:41","guid":{"rendered":"https:\/\/nordicknittingsociety.com\/?post_type=product&#038;p=41705"},"modified":"2025-03-04T19:02:42","modified_gmt":"2025-03-04T18:02:42","slug":"flora-socks","status":"publish","type":"product","link":"https:\/\/nordicknittingsociety.com\/en\/produkt\/flora-socks\/","title":{"rendered":"Flora socks"},"content":{"rendered":"<p><strong>Storlekar (fot):<\/strong><br \/>\nS (M) L\/XL<\/p>\n<p><strong>Omkrets skaft och fot:<\/strong><br \/>\n23 cm (24 cm) 27 cm<\/p>\n<p><strong>Stickor:<\/strong><br \/>\nRundsticka 3 mm, 80 eller 100 cm<\/p>\n<p><strong>Stickfasthet:<\/strong><br \/>\n30 m, 38 v\/10 cm<\/p>\n<p><strong>Garn:<\/strong><br \/>\nSockgarn ca 400 m\/100 g<\/p>\n<p><strong>Garnf\u00f6rslag:<\/strong><br \/>\nHjertegarn Sock 4<br \/>\nOnion Nettle Sock Yarn<br \/>\nHjertegarn Bamboo Wool<br \/>\nArwetta<\/p>\n<p>F\u00e4rg 1: Ljus gr\u00e5 30 (35) 40 g<br \/>\nF\u00e4rg 2: Gr\u00f6n 10 (15) 20 g<br \/>\nF\u00e4rg 3: Ljus beige 30 (30) 35 g<\/p>\n","protected":false},"excerpt":{"rendered":"<p>N\u00e4r v\u00e5ren k\u00e4nns l\u00e5ngt borta kan vi passa p\u00e5 att dr\u00f6mma oss bort till v\u00e5ren och v\u00e4rmen?<br \/>\nVad passar b\u00e4ttre \u00e4n ett par #Florasocks, designade av fantastiska @Frublomsatelje<\/p>\n<p>Sockan stickas uppifr\u00e5n och ned, och i m\u00f6nstret anv\u00e4nds metoden Magic loop. I m\u00f6nstret stickas i n\u00e5gra partier med tre f\u00e4rger, men du kan \u00e4ven v\u00e4lja att anv\u00e4nda tv\u00e5 f\u00e4rger.<\/p>\n<p>Happy knitting!<br \/>\n\u00d6nskar Jenny och Nordic Knitting Society<\/p>\n","protected":false},"featured_media":40768,"template":"","meta":{"_et_pb_use_builder":"","_et_pb_old_content":"","_et_gb_content_width":"","_coblocks_attr":"","_coblocks_dimensions":"","_coblocks_responsive_height":"","_coblocks_accordion_ie_support":"","_crdt_document":"","om_disable_all_campaigns":false,"_monsterinsights_skip_tracking":false,"_monsterinsights_sitenote_active":false,"_monsterinsights_sitenote_note":"","_monsterinsights_sitenote_category":0,"jetpack_publicize_message":"","jetpack_publicize_feature_enabled":true,"jetpack_social_post_already_shared":true,"jetpack_social_options":{"image_generator_settings":{"template":"highway","default_image_id":0,"font":"","enabled":false},"version":2},"_wpas_customize_per_network":false},"product_brand":[],"product_cat":[1372628,1372615,1372686,1372621,1372627,1372645,1372603,1372604],"product_tag":[],"class_list":{"0":"post-41705","1":"product","2":"type-product","3":"status-publish","4":"has-post-thumbnail","6":"product_cat-jenny-blom-halling-en","7":"product_cat-pattern","8":"product_cat-membership","9":"product_cat-nks-shop-en","10":"product_cat-subscriptions","11":"product_cat-sockklubben-en","12":"product_cat-socks-en","13":"product_cat-socks-en-2","14":"member-discount","15":"discount-restricted","17":"first","18":"instock","19":"downloadable","20":"taxable","21":"shipping-taxable","22":"purchasable","23":"product-type-simple"},"aioseo_notices":[],"jetpack_publicize_connections":[],"jetpack_sharing_enabled":true,"_links":{"self":[{"href":"https:\/\/nordicknittingsociety.com\/en\/wp-json\/wp\/v2\/product\/41705","targetHints":{"allow":["GET"]}}],"collection":[{"href":"https:\/\/nordicknittingsociety.com\/en\/wp-json\/wp\/v2\/product"}],"about":[{"href":"https:\/\/nordicknittingsociety.com\/en\/wp-json\/wp\/v2\/types\/product"}],"wp:featuredmedia":[{"embeddable":true,"href":"https:\/\/nordicknittingsociety.com\/en\/wp-json\/wp\/v2\/media\/40768"}],"wp:attachment":[{"href":"https:\/\/nordicknittingsociety.com\/en\/wp-json\/wp\/v2\/media?parent=41705"}],"wp:term":[{"taxonomy":"product_brand","embeddable":true,"href":"https:\/\/nordicknittingsociety.com\/en\/wp-json\/wp\/v2\/product_brand?post=41705"},{"taxonomy":"product_cat","embeddable":true,"href":"https:\/\/nordicknittingsociety.com\/en\/wp-json\/wp\/v2\/product_cat?post=41705"},{"taxonomy":"product_tag","embeddable":true,"href":"https:\/\/nordicknittingsociety.com\/en\/wp-json\/wp\/v2\/product_tag?post=41705"}],"curies":[{"name":"wp","href":"https:\/\/api.w.org\/{rel}","templated":true}]}}