{"id":39403,"date":"2024-03-31T23:26:49","date_gmt":"2024-03-31T21:26:49","guid":{"rendered":"https:\/\/nordicknittingsociety.com\/produkt\/bigpack-sweater\/"},"modified":"2024-03-31T23:26:49","modified_gmt":"2024-03-31T21:26:49","slug":"bigpack-sweater","status":"publish","type":"product","link":"https:\/\/nordicknittingsociety.com\/en\/produkt\/bigpack-sweater\/","title":{"rendered":"Bigpack Sweater"},"content":{"rendered":"<p><strong>Sizes<\/strong><strong><br \/>\n<\/strong>1 (2) 3 (4) 5 (6) 7 (8) <strong><br \/>\nPassar bystvidd:<br \/>\n<\/strong>83 cm (93,5 cm) 105 cm (112,5 cm) 124 cm (134,5 cm) 143 cm (153,5 cm) <strong><br \/>\nGarn<br \/>\n<\/strong>Rauma Finull \u2013 F\u00e4rg A: vit (nr 400) , F\u00e4rg B: rosa (nr 4133) F\u00e4rg C: mintgr\u00f6n (nr 4136<\/p>\n<p><strong>Yarn consumption in grams<br \/>\n<\/strong><\/p>\n<p>Color A: 134 (149) 156 (180) 206 (214) 220 (243) g Color B: 49 (55) 58 (62) 68 (72) 75 (82) g Color C: 64 (77) 78 (84) 91 (96) 101 (111) g<\/p>\n<p><strong>Yarn length in meters<br \/>\n<\/strong><\/p>\n<p>Color A: 470 (520) 546 (630) 720 (750) 770 (850) m Color B: 171 (193) 203 (216) 239 (251) 263 (286) m Color C: 225 (270) 272 (294) 320 (337) 355 (387) m <strong>Needles<\/strong><br \/>\n3.25-3.75 mm for i-cord edges depending on how tight an edge is desired (circular or double pointed needles) 4.0 mm (or the size you need to achieve the right knitting tension for stockinette stitch) <strong>Knitting tension<br \/>\n<\/strong>21 m x 32 w = 10 x 10 cm in stockinette stitch after blocking. <strong><br \/>\nAccessories<\/strong><br \/>\ndarning needle, knitting markers, stitch holder\/rest yarn, measuring tape.<\/p>\n","protected":false},"excerpt":{"rendered":"<p><strong>Bigpack sweater was pattern of the month March 2024<\/strong><\/p>\n<p><strong>About the pattern<br \/>\n<\/strong>A wonderful pattern by @Pillerstickarn, Josefine \u00c5kerstr\u00f6m! &#8220;Everyone who grew up and ran at children&#8217;s party after children&#8217;s party during the 80s and 90s probably recognizes the reference.<br \/>\nThe three-colored ice cream where you got a little of a lot at the same time.<br \/>\nThe colors appeal to me immensely. Light pastels make me think of sunny spring days where the warmth is still a bit fleeting.<br \/>\nSummer dresses scream at you from the closet to come out, but still preferably together with something reasonably warm.<br \/>\nWhen all this was cooked together, it resulted in this sweater, nostalgically named after a fond childhood memory.&#8221; I wish you happy knitting! \/Josefine<\/p>\n","protected":false},"featured_media":30576,"template":"","meta":{"_et_pb_use_builder":"","_et_pb_old_content":"","_et_gb_content_width":"","_coblocks_attr":"","_coblocks_dimensions":"","_coblocks_responsive_height":"","_coblocks_accordion_ie_support":"","_crdt_document":"","om_disable_all_campaigns":false,"_monsterinsights_skip_tracking":false,"_monsterinsights_sitenote_active":false,"_monsterinsights_sitenote_note":"","_monsterinsights_sitenote_category":0,"jetpack_publicize_message":"","jetpack_publicize_feature_enabled":true,"jetpack_social_post_already_shared":true,"jetpack_social_options":{"image_generator_settings":{"template":"highway","default_image_id":0,"font":"","enabled":false},"version":2},"_wpas_customize_per_network":false},"product_brand":[],"product_cat":[1372693,1372686,1372621,1372615,1372651,1372750,1372617,1372618],"product_tag":[],"class_list":{"0":"post-39403","1":"product","2":"type-product","3":"status-publish","4":"has-post-thumbnail","6":"product_cat-josefine-akerstrom-en","7":"product_cat-membership","8":"product_cat-nks-shop-en","9":"product_cat-pattern","10":"product_cat-pattern-of-the-month","11":"product_cat-pillerstickarn-en","12":"product_cat-sweater-en","13":"product_cat-troja-en","15":"first","16":"instock","17":"downloadable","18":"taxable","19":"shipping-taxable","20":"purchasable","21":"product-type-simple"},"aioseo_notices":[],"jetpack_publicize_connections":[],"jetpack_sharing_enabled":true,"_links":{"self":[{"href":"https:\/\/nordicknittingsociety.com\/en\/wp-json\/wp\/v2\/product\/39403","targetHints":{"allow":["GET"]}}],"collection":[{"href":"https:\/\/nordicknittingsociety.com\/en\/wp-json\/wp\/v2\/product"}],"about":[{"href":"https:\/\/nordicknittingsociety.com\/en\/wp-json\/wp\/v2\/types\/product"}],"wp:featuredmedia":[{"embeddable":true,"href":"https:\/\/nordicknittingsociety.com\/en\/wp-json\/wp\/v2\/media\/30576"}],"wp:attachment":[{"href":"https:\/\/nordicknittingsociety.com\/en\/wp-json\/wp\/v2\/media?parent=39403"}],"wp:term":[{"taxonomy":"product_brand","embeddable":true,"href":"https:\/\/nordicknittingsociety.com\/en\/wp-json\/wp\/v2\/product_brand?post=39403"},{"taxonomy":"product_cat","embeddable":true,"href":"https:\/\/nordicknittingsociety.com\/en\/wp-json\/wp\/v2\/product_cat?post=39403"},{"taxonomy":"product_tag","embeddable":true,"href":"https:\/\/nordicknittingsociety.com\/en\/wp-json\/wp\/v2\/product_tag?post=39403"}],"curies":[{"name":"wp","href":"https:\/\/api.w.org\/{rel}","templated":true}]}}