{"id":39398,"date":"2024-05-31T23:33:36","date_gmt":"2024-05-31T21:33:36","guid":{"rendered":"https:\/\/nordicknittingsociety.com\/produkt\/nasviken-purse\/"},"modified":"2024-05-31T23:33:36","modified_gmt":"2024-05-31T21:33:36","slug":"nasviken-purse","status":"publish","type":"product","link":"https:\/\/nordicknittingsociety.com\/en\/produkt\/nasviken-purse\/","title":{"rendered":"N\u00e4sviken Purse"},"content":{"rendered":"<p><strong>Sizes<br \/>\n<\/strong>S= 18*16 cm (M=22*19 cm)<br \/>\nMeasurements given after blocking. <strong>Yarn<\/strong><br \/>\nKampes 2-thread note! Knitted in double thread<br \/>\nAlternative yarns: Rauma Finull<br \/>\nDouble thread Nutiden from H\u00f6ner and Eir<br \/>\nJ\u00e4rbo Swedish 4-thread wool<br \/>\nIf you choose one of the yarn options, you may need more or less yarn than indicated. <strong>Yarn requirements<br \/>\n<\/strong>Base color: 50 grams<br \/>\nPattern color: 50 grams <strong>Knitting needles<br \/>\n<\/strong>60- 100 cm circular needle 5.5 mm for magic loop, or 40 cm if you do not want to knit in magic loop.<br \/>\nAdjust the needle size to get the right knitting tension.<\/p>\n<p><strong>Gauge<br \/>\n<\/strong>18 sts*18 rows per 10 cm in pattern knit in the round.<\/p>\n","protected":false},"excerpt":{"rendered":"<p>Emelie Brand\u00e9n @bybranden has created the cutest bag you can imagine #n\u00e4svikenpurse N\u00e4sviken Purse is a cool handbag with a knitted pattern in two sizes. The<br \/>\nsmaller size is just right for your wallet and phone, while the larger size is better if you want to fit in a smaller sock knit. The bag is knitted from the bottom up, and the bands are knitted in i-cord. If you are knitting the bag in pure wool, we recommend rubbing it in soapy water to get a slightly felted effect on the bag, it strengthens and creates a firmer fabric and the structure and pattern appear beautifully!<\/p>\n","protected":false},"featured_media":32743,"template":"","meta":{"_et_pb_use_builder":"","_et_pb_old_content":"","_et_gb_content_width":"","_coblocks_attr":"","_coblocks_dimensions":"","_coblocks_responsive_height":"","_coblocks_accordion_ie_support":"","_crdt_document":"","om_disable_all_campaigns":false,"_monsterinsights_skip_tracking":false,"_monsterinsights_sitenote_active":false,"_monsterinsights_sitenote_note":"","_monsterinsights_sitenote_category":0,"jetpack_publicize_message":"","jetpack_publicize_feature_enabled":true,"jetpack_social_post_already_shared":true,"jetpack_social_options":{"image_generator_settings":{"template":"highway","default_image_id":0,"font":"","enabled":false},"version":2},"_wpas_customize_per_network":false},"product_brand":[],"product_cat":[1372746,1372600,1372621,1372615,1372747,1372690,1372627],"product_tag":[],"class_list":{"0":"post-39398","1":"product","2":"type-product","3":"status-publish","4":"has-post-thumbnail","6":"product_cat-bag-en","7":"product_cat-emelie-branden-en","8":"product_cat-nks-shop-en","9":"product_cat-pattern","10":"product_cat-purse-en","11":"product_cat-seasonal-club","12":"product_cat-subscriptions","14":"first","15":"instock","16":"downloadable","17":"taxable","18":"shipping-taxable","19":"purchasable","20":"product-type-simple"},"aioseo_notices":[],"jetpack_publicize_connections":[],"jetpack_sharing_enabled":true,"_links":{"self":[{"href":"https:\/\/nordicknittingsociety.com\/en\/wp-json\/wp\/v2\/product\/39398","targetHints":{"allow":["GET"]}}],"collection":[{"href":"https:\/\/nordicknittingsociety.com\/en\/wp-json\/wp\/v2\/product"}],"about":[{"href":"https:\/\/nordicknittingsociety.com\/en\/wp-json\/wp\/v2\/types\/product"}],"wp:featuredmedia":[{"embeddable":true,"href":"https:\/\/nordicknittingsociety.com\/en\/wp-json\/wp\/v2\/media\/32743"}],"wp:attachment":[{"href":"https:\/\/nordicknittingsociety.com\/en\/wp-json\/wp\/v2\/media?parent=39398"}],"wp:term":[{"taxonomy":"product_brand","embeddable":true,"href":"https:\/\/nordicknittingsociety.com\/en\/wp-json\/wp\/v2\/product_brand?post=39398"},{"taxonomy":"product_cat","embeddable":true,"href":"https:\/\/nordicknittingsociety.com\/en\/wp-json\/wp\/v2\/product_cat?post=39398"},{"taxonomy":"product_tag","embeddable":true,"href":"https:\/\/nordicknittingsociety.com\/en\/wp-json\/wp\/v2\/product_tag?post=39398"}],"curies":[{"name":"wp","href":"https:\/\/api.w.org\/{rel}","templated":true}]}}