{"id":35324,"date":"2024-08-01T10:21:08","date_gmt":"2024-08-01T08:21:08","guid":{"rendered":"https:\/\/nordicknittingsociety.com\/?post_type=product&#038;p=35324"},"modified":"2024-08-01T10:26:27","modified_gmt":"2024-08-01T08:26:27","slug":"kerstin-sjalett-x-2","status":"publish","type":"product","link":"https:\/\/nordicknittingsociety.com\/en\/produkt\/kerstin-sjalett-x-2\/","title":{"rendered":"Kerstin sjalett x 2"},"content":{"rendered":"<p><strong>Kerstin sjalett x 2<\/strong><br \/>\nKerstin sjalett kommer i tv\u00e5 varianter; Kerstin sjalett 1 och Kerstin sjalett 2 (nr 2 g\u00e5r att g\u00f6ra s\u00e5 att den passar b\u00e5de att ha i h\u00e5ret och runt halsen).<br \/>\nSjaletten har ett dekorativt m\u00f6nster med r\u00e4ta och aviga maskor och du stickar den i ett nafs! Perfekta restgarnsprojektet och m\u00f6nstret \u00e4r skrivet s\u00e5 att du kan anpassa efter det m\u00e5tt, garn och stickor du vill ha.<br \/>\nVisst \u00e4r det bra?<\/p>\n<p><strong>Garn:<\/strong><br \/>\n<strong><em>Kerstin sjalett 1<\/em><\/strong>: Valfritt garn med en rek.<br \/>\nl\u00f6pl\u00e4ngd mellan ca 80-175 m\/50 g<\/p>\n<p><strong><em>Kerstin sjalett 2:<\/em><\/strong>\u00a0Valfritt garn med en rek.<br \/>\nl\u00f6pl\u00e4ngd mellan ca 110-175 m\/50 g<\/p>\n<p><strong>F\u00f6rslag p\u00e5 garn:<\/strong><br \/>\nHooked soft cotton DK, ca 83 m\/50 g<br \/>\nColin, J\u00e4rbo, 150 m\/50 g<\/p>\n<p>Pimabomull (dubbel tr\u00e5d) fr\u00e5n CamaRose,<br \/>\n200 m\/50 g<\/p>\n<p><strong>Stickor:<\/strong><br \/>\nV\u00e4lj de stickor som passar det garn du valt, prova dig fram f\u00f6r b\u00e4sta struktur p\u00e5 tyget.<\/p>\n<p><strong>Stickfasthet:<\/strong><br \/>\nFlexibel. Stickfastheten \u00e4r beroende av vilket garn och stickor du v\u00e4ljer.<br \/>\nR\u00e4tt stickfasthet \u00e4r inte avg\u00f6rande i den h\u00e4r stickbeskrivningen, men t\u00e4nk p\u00e5 att scarfen\/sjalettens storlek och garn\u00e5tg\u00e5ng p\u00e5verkas beroende p\u00e5 ditt garnval.<\/p>\n<p><strong>Storlek:<\/strong><br \/>\nFlexibel<\/p>\n","protected":false},"excerpt":{"rendered":"<p>S\u00e5 h\u00e4r beskriver Maria julim\u00f6nstret i s\u00e4songsklubben;<br \/>\n\u2013 Jag ville designa n\u00e5got som \u00e4r tilltalande att b\u00e5de sticka p\u00e5 och ha p\u00e5 sig mitt i sommaren.<br \/>\nStora ullprojekt \u00e4r ingen hit i juli och en sjalett \u00e4r kanske s\u00e4rskilt anv\u00e4ndbar under sommaren d\u00e5 det \u00e4r varmt man ibland bara vill f\u00e5 undan h\u00e5ret. Sjaletten \u00e4r ocks\u00e5 ett perfekt restgarnsprojekt och \u00e4r beh\u00e4ndigt &amp; l\u00e4tt att ta med sig p\u00e5 semesterresan, hoppas m\u00f6nstret ska vara till gl\u00e4dje f\u00f6r m\u00e5ng!<\/p>\n<p>Designer f\u00f6r detta m\u00f6nster \u00e4r Maria Bj\u00f6rnst\u00e5hl, p\u00e5 instagram hittar du Maria p\u00e5 @miabjorndesign. M\u00f6nstret var m\u00e5nadens m\u00f6nster i s\u00e4songsklubben juli 2024.<\/p>\n","protected":false},"featured_media":34151,"template":"","meta":{"_et_pb_use_builder":"","_et_pb_old_content":"","_et_gb_content_width":"","_coblocks_attr":"","_coblocks_dimensions":"","_coblocks_responsive_height":"","_coblocks_accordion_ie_support":"","_crdt_document":"","om_disable_all_campaigns":false,"_monsterinsights_skip_tracking":false,"_monsterinsights_sitenote_active":false,"_monsterinsights_sitenote_note":"","_monsterinsights_sitenote_category":0,"jetpack_publicize_message":"","jetpack_publicize_feature_enabled":true,"jetpack_social_post_already_shared":true,"jetpack_social_options":{"image_generator_settings":{"template":"highway","default_image_id":0,"font":"","enabled":false},"version":2},"_wpas_customize_per_network":false},"product_brand":[],"product_cat":[1372720,1372345,1372363,1372619,1372435,1372682,1372477,1372426],"product_tag":[],"class_list":{"0":"post-35324","1":"product","2":"type-product","3":"status-publish","4":"has-post-thumbnail","6":"product_cat-maria-bjornstahl","7":"product_cat-monster","8":"product_cat-medlemsskap","9":"product_cat-nks-shop","10":"product_cat-prenumerationer","11":"product_cat-sasongsklubben","12":"product_cat-shawl-monster","13":"product_cat-sjal","14":"member-discount","15":"discount-restricted","17":"first","18":"instock","19":"downloadable","20":"taxable","21":"shipping-taxable","22":"purchasable","23":"product-type-simple"},"aioseo_notices":[],"jetpack_publicize_connections":[],"jetpack_sharing_enabled":true,"_links":{"self":[{"href":"https:\/\/nordicknittingsociety.com\/en\/wp-json\/wp\/v2\/product\/35324","targetHints":{"allow":["GET"]}}],"collection":[{"href":"https:\/\/nordicknittingsociety.com\/en\/wp-json\/wp\/v2\/product"}],"about":[{"href":"https:\/\/nordicknittingsociety.com\/en\/wp-json\/wp\/v2\/types\/product"}],"wp:featuredmedia":[{"embeddable":true,"href":"https:\/\/nordicknittingsociety.com\/en\/wp-json\/wp\/v2\/media\/34151"}],"wp:attachment":[{"href":"https:\/\/nordicknittingsociety.com\/en\/wp-json\/wp\/v2\/media?parent=35324"}],"wp:term":[{"taxonomy":"product_brand","embeddable":true,"href":"https:\/\/nordicknittingsociety.com\/en\/wp-json\/wp\/v2\/product_brand?post=35324"},{"taxonomy":"product_cat","embeddable":true,"href":"https:\/\/nordicknittingsociety.com\/en\/wp-json\/wp\/v2\/product_cat?post=35324"},{"taxonomy":"product_tag","embeddable":true,"href":"https:\/\/nordicknittingsociety.com\/en\/wp-json\/wp\/v2\/product_tag?post=35324"}],"curies":[{"name":"wp","href":"https:\/\/api.w.org\/{rel}","templated":true}]}}