{"id":28795,"date":"2024-01-01T11:28:45","date_gmt":"2024-01-01T10:28:45","guid":{"rendered":"https:\/\/nordicknittingsociety.com\/?post_type=product&#038;p=28795"},"modified":"2024-01-01T11:31:53","modified_gmt":"2024-01-01T10:31:53","slug":"vanten-glogg","status":"publish","type":"product","link":"https:\/\/nordicknittingsociety.com\/en\/produkt\/vanten-glogg\/","title":{"rendered":"Vanten Gl\u00f6gg"},"content":{"rendered":"<p><strong>Garn<\/strong><em><br \/>\n<\/em><\/p>\n<p>Rauma Finull<br \/>\nF\u00e4rg A (fgA): R\u00f6d melert (4120)<br \/>\nF\u00e4rg B (fgB): Lys beige melert (4078)<\/p>\n<p>Du kan givetvis sticka dina vantar i annat garn. T\u00e4nk p\u00e5 att v\u00e4lja ett garn med samma str\u00e4ckning, ca\u00a0175 m\/50 g<\/p>\n<p><strong>Garn\u00e5tg\u00e5ng<br \/>\n<\/strong>FgA: 35 g, fgB, 30 g<\/p>\n<p><strong>Stickor<\/strong><em><br \/>\n<\/em>2,5 mm och 3,0 mm (eller den storlek du beh\u00f6ver f\u00f6r att uppn\u00e5 r\u00e4tt stickfasthet)<\/p>\n<p><strong>Stickfasthet<\/strong><br \/>\n30 m x 30 v = 10\u00d710 cm i flerf\u00e4rgsstickning efter blockning.<\/p>\n<p><strong>F\u00e4rdiga m\u00e5tt<\/strong><br \/>\nBredd: 9,5 cm, L\u00e4ngd: ca 24 cm<br \/>\nF\u00f6r en n\u00e5got st\u00f6rre vante \u2013 testa att g\u00e5 upp 0,25-0,5 mm i stickstorlek (OBS, kommer att p\u00e5verka garn\u00e5tg\u00e5ngen!)<br \/>\nF\u00f6r en mindre vante rekommenderar jag att f\u00f6rsiktigt tova vantarna i torktumlaren. Sl\u00e4ng in dem fuktiga med ett par badlakan och \u00f6ppna med korta mellanrum f\u00f6r att prova storleken.<\/p>\n<p><strong>TIPS \u2013 till\u00e4mpas med f\u00f6rdel vid all flerf\u00e4rgsstickning\u00a0<\/strong><br \/>\nOm du stickar h\u00e5rt och tenderar att dra \u00e5t f\u00f6r mycket kommer dina flotteringar bli f\u00f6r tajta. Det inneb\u00e4r att vanten blir mindre, och \u00e4ven att m\u00f6nstret inte kommer att framtr\u00e4da p\u00e5 det tydliga s\u00e4tt du \u00f6nskar.<\/p>\n<p>Prova att v\u00e4nda vanten ut-och- in, sticka fortsatt p\u00e5 r\u00e4tsidan, men ha flotteringarna p\u00e5 utsidan, d\u00e5 h\u00e5ller du l\u00e4ttare koll p\u00e5 att de inte blir f\u00f6r tajta.<\/p>\n<p>Gl\u00f6m inte att alla tv\u00e5f\u00e4rgstickade plagg beh\u00f6ver blockas f\u00f6r att maskorna ska hitta sin r\u00e4tta plats och att m\u00f6nstret ska framtr\u00e4da!<\/p>\n","protected":false},"excerpt":{"rendered":"<p>Detta m\u00f6nster var decembers (2023) m\u00f6nster i S\u00e4songsklubben, designade av fantastiska Josefine @Pillerstickarn \u00c5kerstr\u00f6m \u2764<\/p>\n<p><strong>Om m\u00f6nstret<br \/>\n<\/strong>\u201cVisst \u00e4r det fascinerande hur dofter kan lyfta upp och kasta tillbaka oss i tid och rum? S\u00e5 fort jag k\u00e4nner doften av gl\u00f6gg s\u00e5 v\u00e4ller julk\u00e4nslorna \u00f6ver mig,<br \/>\noavsett hur gr\u00e5tt och regnigt det \u00e4r utanf\u00f6r f\u00f6nstret under den sena h\u00f6sten och tidiga vintern.<br \/>\nJag har alltid tyckt om julen och traditioner och varje \u00e5r ser jag fram emot att ta fram gl\u00f6ggmuggarna \u2013 de sm\u00e5 f\u00f6r tillf\u00e4llen med sl\u00e4kt och v\u00e4nner och den d\u00e4r lite f\u00f6r stora glasmuggen f\u00f6r kv\u00e4llarna med lilla familjen i soffan.<br \/>\nJag \u00f6nskar dig trevlig stickning! \/Josefine<\/p>\n","protected":false},"featured_media":27511,"template":"","meta":{"_et_pb_use_builder":"","_et_pb_old_content":"","_et_gb_content_width":"","_coblocks_attr":"","_coblocks_dimensions":"","_coblocks_responsive_height":"","_coblocks_accordion_ie_support":"","_crdt_document":"","om_disable_all_campaigns":false,"_monsterinsights_skip_tracking":false,"_monsterinsights_sitenote_active":false,"_monsterinsights_sitenote_note":"","_monsterinsights_sitenote_category":0,"jetpack_publicize_message":"","jetpack_publicize_feature_enabled":true,"jetpack_social_post_already_shared":true,"jetpack_social_options":{"image_generator_settings":{"template":"highway","default_image_id":0,"font":"","enabled":false},"version":2},"_wpas_customize_per_network":false},"product_brand":[],"product_cat":[1372684,1372345,1372640,1372619,1372685,1372682,1372422],"product_tag":[],"class_list":{"0":"post-28795","1":"product","2":"type-product","3":"status-publish","4":"has-post-thumbnail","6":"product_cat-josefine-akerstrom","7":"product_cat-monster","8":"product_cat-mittens","9":"product_cat-nks-shop","10":"product_cat-pillerstickarn","11":"product_cat-sasongsklubben","12":"product_cat-vantar","13":"member-discount","14":"discount-restricted","16":"first","17":"instock","18":"downloadable","19":"taxable","20":"shipping-taxable","21":"purchasable","22":"product-type-simple"},"aioseo_notices":[],"jetpack_publicize_connections":[],"jetpack_sharing_enabled":true,"_links":{"self":[{"href":"https:\/\/nordicknittingsociety.com\/en\/wp-json\/wp\/v2\/product\/28795","targetHints":{"allow":["GET"]}}],"collection":[{"href":"https:\/\/nordicknittingsociety.com\/en\/wp-json\/wp\/v2\/product"}],"about":[{"href":"https:\/\/nordicknittingsociety.com\/en\/wp-json\/wp\/v2\/types\/product"}],"wp:featuredmedia":[{"embeddable":true,"href":"https:\/\/nordicknittingsociety.com\/en\/wp-json\/wp\/v2\/media\/27511"}],"wp:attachment":[{"href":"https:\/\/nordicknittingsociety.com\/en\/wp-json\/wp\/v2\/media?parent=28795"}],"wp:term":[{"taxonomy":"product_brand","embeddable":true,"href":"https:\/\/nordicknittingsociety.com\/en\/wp-json\/wp\/v2\/product_brand?post=28795"},{"taxonomy":"product_cat","embeddable":true,"href":"https:\/\/nordicknittingsociety.com\/en\/wp-json\/wp\/v2\/product_cat?post=28795"},{"taxonomy":"product_tag","embeddable":true,"href":"https:\/\/nordicknittingsociety.com\/en\/wp-json\/wp\/v2\/product_tag?post=28795"}],"curies":[{"name":"wp","href":"https:\/\/api.w.org\/{rel}","templated":true}]}}