{"id":11573,"date":"2023-02-28T22:22:52","date_gmt":"2023-02-28T21:22:52","guid":{"rendered":"https:\/\/nordicknittingsociety.com\/?post_type=product&#038;p=11573"},"modified":"2023-05-13T12:10:11","modified_gmt":"2023-05-13T10:10:11","slug":"nasviken-set","status":"publish","type":"product","link":"https:\/\/nordicknittingsociety.com\/en\/produkt\/nasviken-set\/","title":{"rendered":"N\u00e4sviken Set"},"content":{"rendered":"<p><strong>Storlekar<br \/>\n<\/strong>Cowl \u2013 tigth\/vid<br \/>\nVantar \u2013 S\/M\/L<br \/>\nM\u00f6ssa \u2013 kortare\/l\u00e4ngre \u2013 vidden g\u00e5r att blocka ut till \u00f6nskad storlek<\/p>\n<p><strong>Stickfasthet<br \/>\n<\/strong>22*23 maskor per 10 cm, i rundstickning med m\u00f6nster.<\/p>\n<p><strong>Rekommenderat garn<br \/>\n<\/strong>Kampes 3-tr\u00e5diga ullgarn eller<br \/>\nIstex Lettlopi eller<br \/>\nSvarta F\u00e5ret Tencel Blow<br \/>\nDu kan ocks\u00e5 v\u00e4lja annat valfritt garn med 200 meter per 100 gram, men kontrollera din stickfasthet noga.<\/p>\n<p><strong>Garn\u00e5tg\u00e5ng:<\/strong><br \/>\n<strong>Cowl<\/strong><br \/>\nGrundf\u00e4rg: 50, (60) gram<br \/>\nM\u00f6nsterf\u00e4rg: 30, (40) gram<\/p>\n<p><strong>Vantar<\/strong><br \/>\nGrundf\u00e4rg: 50, (65), 75 gram<br \/>\nM\u00f6nsterf\u00e4rg: 25, (30), 35 gram<\/p>\n<p><strong>M\u00f6ssa<\/strong><br \/>\nGrundf\u00e4rg: 70, (80) gram<br \/>\nM\u00f6nsterf\u00e4rg: 25, (30) gram<\/p>\n<p><strong>Stickor\u00a0<\/strong><br \/>\n3 mm och 4 mm strumpstickor och 40 cm rundsticka, eller motsvarande l\u00e4ngd du \u00f6nskar f\u00f6r magic loop<\/p>\n<p><strong>Vill du dela dina bilder p\u00e5 sociala medier?<\/strong><br \/>\nTagga g\u00e4rna dina bilder med \u00a0#n\u00e4svikencowl #n\u00e4vikenvantar #n\u00e4svikenm\u00f6ssa och #Nordicknittingsociety s\u00e5 kan vi hitta varandras bilder och bli inspirerade!<\/p>\n<p>Mycket stickn\u00f6je \u00f6nskar Emelie och Nordic Knitting Society \u2764<\/p>\n","protected":false},"excerpt":{"rendered":"<p>\u2013 M\u00f6nsterb\u00e5rden till N\u00e4sviken \u00e4r inspirerad av h\u00f6sten i J\u00e4mtland, n\u00e4r den f\u00f6rsta frosten l\u00e4gger sig \u00f6ver gr\u00e4set och luften k\u00e4nns frisk och krispig. Det \u00e4r en otroligt vacker tid som sk\u00e4nker mig s\u00e5 mycket energi, klarhet och att vistas ute k\u00e4nns s\u00e5 rent och vackert. Det \u00e4r den k\u00e4nslan jag har velat f\u00e5 till i det h\u00e4r m\u00f6nstret. Namnet N\u00e4sviken kommer fr\u00e5n min brors stuga som ligger otroligt vackert mitt i skogen, en magisk plats den h\u00e4r tiden, s\u00e4ger designern Emelie Brand\u00e9n.<\/p>\n<p>M\u00f6nstret finns p\u00e5 svenska och engelska.<\/p>\n<p>Har du n\u00e5gra fr\u00e5gor f\u00e5r du g\u00e4rna kontakta Emelie p\u00e5 Instagram d\u00e4r hon heter @bybranden. Du hittar henne ocks\u00e5 p\u00e5 Ravelry under samma namn. Tagga g\u00e4rna #n\u00e4svikencowl #n\u00e4vikenvantar #n\u00e4svikenm\u00f6ssa och #nordicknittingsociety n\u00e4r du l\u00e4gger upp<br \/>\nbilder i sociala medier s\u00e5 att vi kan se dina projekt!<\/p>\n<p>&nbsp;<\/p>\n","protected":false},"featured_media":11000,"template":"","meta":{"_et_pb_use_builder":"","_et_pb_old_content":"","_et_gb_content_width":"","_coblocks_attr":"","_coblocks_dimensions":"","_coblocks_responsive_height":"","_coblocks_accordion_ie_support":"","_crdt_document":"","om_disable_all_campaigns":false,"_monsterinsights_skip_tracking":false,"_monsterinsights_sitenote_active":false,"_monsterinsights_sitenote_note":"","_monsterinsights_sitenote_category":0,"jetpack_publicize_message":"","jetpack_publicize_feature_enabled":true,"jetpack_social_post_already_shared":true,"jetpack_social_options":{"image_generator_settings":{"template":"highway","default_image_id":0,"font":"","enabled":false},"version":2},"_wpas_customize_per_network":false},"product_brand":[],"product_cat":[1372429,1372487,1372430,1372641,1372345,1372478,1372640,1372619,1372422],"product_tag":[],"class_list":{"0":"post-11573","1":"product","2":"type-product","3":"status-publish","4":"has-post-thumbnail","6":"product_cat-cowl","7":"product_cat-emelie-branden","8":"product_cat-halskrage","9":"product_cat-manadens-monster","10":"product_cat-monster","11":"product_cat-mossa","12":"product_cat-mittens","13":"product_cat-nks-shop","14":"product_cat-vantar","15":"member-discount","16":"discount-restricted","18":"first","19":"instock","20":"downloadable","21":"taxable","22":"shipping-taxable","23":"purchasable","24":"product-type-simple"},"aioseo_notices":[],"jetpack_publicize_connections":[],"jetpack_sharing_enabled":true,"_links":{"self":[{"href":"https:\/\/nordicknittingsociety.com\/en\/wp-json\/wp\/v2\/product\/11573","targetHints":{"allow":["GET"]}}],"collection":[{"href":"https:\/\/nordicknittingsociety.com\/en\/wp-json\/wp\/v2\/product"}],"about":[{"href":"https:\/\/nordicknittingsociety.com\/en\/wp-json\/wp\/v2\/types\/product"}],"wp:featuredmedia":[{"embeddable":true,"href":"https:\/\/nordicknittingsociety.com\/en\/wp-json\/wp\/v2\/media\/11000"}],"wp:attachment":[{"href":"https:\/\/nordicknittingsociety.com\/en\/wp-json\/wp\/v2\/media?parent=11573"}],"wp:term":[{"taxonomy":"product_brand","embeddable":true,"href":"https:\/\/nordicknittingsociety.com\/en\/wp-json\/wp\/v2\/product_brand?post=11573"},{"taxonomy":"product_cat","embeddable":true,"href":"https:\/\/nordicknittingsociety.com\/en\/wp-json\/wp\/v2\/product_cat?post=11573"},{"taxonomy":"product_tag","embeddable":true,"href":"https:\/\/nordicknittingsociety.com\/en\/wp-json\/wp\/v2\/product_tag?post=11573"}],"curies":[{"name":"wp","href":"https:\/\/api.w.org\/{rel}","templated":true}]}}