{"id":41221,"date":"2022-03-27T14:51:33","date_gmt":"2022-03-27T12:51:33","guid":{"rendered":"https:\/\/nordicknittingsociety.com\/pattern-of-the-month-april\/"},"modified":"2025-02-09T18:10:51","modified_gmt":"2025-02-09T17:10:51","slug":"pattern-of-the-month-april","status":"publish","type":"page","link":"https:\/\/nordicknittingsociety.com\/en\/pattern-of-the-month-april\/","title":{"rendered":"Pattern of the month April"},"content":{"rendered":"<p>[et_pb_section fb_built=&#8221;1&#8243; admin_label=&#8221;Hero Section&#8221; _builder_version=&#8221;4.11.1&#8243; background_color=&#8221;#f7ede3&#8243; use_background_color_gradient=&#8221;on&#8221; background_color_gradient_start=&#8221;#f4f0e9&#8243; background_color_gradient_end=&#8221;rgba(244,240,233,0)&#8221; background_color_gradient_direction=&#8221;90deg&#8221; background_color_gradient_start_position=&#8221;30%&#8221; background_color_gradient_overlays_image=&#8221;on&#8221; background_enable_image=&#8221;off&#8221; custom_margin=&#8221;|||&#8221; custom_padding=&#8221;0%|0px|0.5%|0px||&#8221; global_colors_info=&#8221;{}&#8221;][et_pb_row _builder_version=&#8221;4.11.1&#8243; _module_preset=&#8221;default&#8221; custom_padding=&#8221;76px|||||&#8221; global_colors_info=&#8221;{}&#8221;][et_pb_column type=&#8221;4_4&#8243; _builder_version=&#8221;4.11.1&#8243; _module_preset=&#8221;default&#8221; global_colors_info=&#8221;{}&#8221;][et_pb_text admin_label=&#8221;Hero Title&#8221; _builder_version=&#8221;4.11.1&#8243; text_font=&#8221;Playfair Display||||||||&#8221; header_font=&#8221;Alice||||||||&#8221; header_font_size=&#8221;80px&#8221; header_letter_spacing=&#8221;-3px&#8221; header_line_height=&#8221;1.1em&#8221; width=&#8221;133%&#8221; custom_margin=&#8221;-102px|||-79px||&#8221; custom_padding=&#8221;54px|||75px||&#8221; animation_direction=&#8221;left&#8221; text_font_size_last_edited=&#8221;off|desktop&#8221; header_font_size_tablet=&#8221;&#8221; header_font_size_phone=&#8221;60px&#8221; header_font_size_last_edited=&#8221;on|phone&#8221; global_colors_info=&#8221;{}&#8221;]<\/p>\n<h1>Pattern of the month April<\/h1>\n<p>[\/et_pb_text][et_pb_text _builder_version=&#8221;4.11.1&#8243; text_font=&#8221;||||||||&#8221; text_font_size=&#8221;18px&#8221; text_line_height=&#8221;1.8em&#8221; header_font=&#8221;||||||||&#8221; max_width=&#8221;1012px&#8221; custom_margin=&#8221;-48px|||||&#8221; custom_padding=&#8221;||10px|&#8221; animation_direction=&#8221;left&#8221; global_colors_info=&#8221;{}&#8221;]<\/p>\n<p>Sign up as a subscriber and get access to a new exclusive pattern every month.<\/p>\n<p>[\/et_pb_text][\/et_pb_column][\/et_pb_row][et_pb_row column_structure=&#8221;1_2,1_2&#8243; _builder_version=&#8221;4.11.1&#8243; _module_preset=&#8221;default&#8221; min_height=&#8221;1132.2px&#8221; custom_margin=&#8221;-33px|auto||auto||&#8221; global_colors_info=&#8221;{}&#8221;][et_pb_column type=&#8221;1_2&#8243; _builder_version=&#8221;4.11.1&#8243; _module_preset=&#8221;default&#8221; global_colors_info=&#8221;{}&#8221;][et_pb_text _builder_version=&#8221;4.11.1&#8243; text_font=&#8221;||||||||&#8221; text_font_size=&#8221;18px&#8221; text_line_height=&#8221;1.8em&#8221; header_font=&#8221;||||||||&#8221; max_width=&#8221;500px&#8221; custom_margin=&#8221;|||&#8221; custom_padding=&#8221;||10px|&#8221; animation_direction=&#8221;left&#8221; hover_transition_duration=&#8221;0ms&#8221; global_colors_info=&#8221;{}&#8221;]<\/p>\n<p><strong>April&#8217;s pattern of the month:<\/strong> An idea that became a failed school project, an idea that lived on and it chafed. Started over, looked for yarn, changed the design, changed the details. Started all over again. Then one day she was suddenly ready, Margit Sweater.<br \/>This is how Sara Stark, @Blackbirdknits on Instagram, describes her pattern Margit.<br \/>The sweater is knitted with several fun techniques, including shortened rows (German Shortrows) and Italian cast off.   <\/p>\n<p>You know that you can get support on all Sara&#8217;s patterns, right? If you have any questions about the pattern, want to get suggestions for alternative yarn or wonder about something else, you are welcome to email <a href=\"_wp_link_placeholder\" data-wplink-edit=\"true\">support@blackbirdknits.se.<\/a> <\/p>\n<p>[\/et_pb_text][et_pb_image src=&#8221;<a href=\"https:\/\/nordicknittingsociety.com\/wp-content\/uploads\/2022\/01\/Margit3.jpg&#038;#8221\">https:\/\/nordicknittingsociety.com\/wp-content\/uploads\/2022\/01\/Margit3.jpg&#038;#8221<\/a>; title_text=&#8221;Processed with VSCO with s1 preset&#8221; _builder_version=&#8221;4.11.1&#8243; _module_preset=&#8221;default&#8221; global_colors_info=&#8221;{}&#8221;][\/et_pb_image][et_pb_text _builder_version=&#8221;4.11.1&#8243; text_font=&#8221;||||||||&#8221; text_font_size=&#8221;18px&#8221; text_line_height=&#8221;1.8em&#8221; header_font=&#8221;||||||||&#8221; max_width=&#8221;500px&#8221; custom_margin=&#8221;|||&#8221; custom_padding=&#8221;||10px|&#8221; animation_direction=&#8221;left&#8221; hover_transition_duration=&#8221;0ms&#8221; global_colors_info=&#8221;{}&#8221;]<\/p>\n<p>Sara&#8217;s version of the Margit sweater is knitted in a lovely wool yarn, Allis DK from Fru Valborg.  <\/p>\n<p>[\/et_pb_text][\/et_pb_column][et_pb_column type=&#8221;1_2&#8243; _builder_version=&#8221;4.11.1&#8243; _module_preset=&#8221;default&#8221; global_colors_info=&#8221;{}&#8221;][et_pb_image src=&#8221;<a href=\"https:\/\/nordicknittingsociety.com\/wp-content\/uploads\/2022\/01\/Margit5.jpg&#038;#8221\">https:\/\/nordicknittingsociety.com\/wp-content\/uploads\/2022\/01\/Margit5.jpg&#038;#8221<\/a>; title_text=&#8221;Processed with VSCO with s1 preset&#8221; _builder_version=&#8221;4.11.1&#8243; _module_preset=&#8221;default&#8221; hover_transition_duration=&#8221;0ms&#8221; global_colors_info=&#8221;{}&#8221;][\/et_pb_image][et_pb_text _builder_version=&#8221;4.11.1&#8243; text_font=&#8221;||||||||&#8221; text_font_size=&#8221;18px&#8221; text_line_height=&#8221;1.8em&#8221; header_font=&#8221;||||||||&#8221; max_width=&#8221;500px&#8221; custom_margin=&#8221;|||&#8221; custom_padding=&#8221;||10px|&#8221; animation_direction=&#8221;left&#8221; hover_transition_duration=&#8221;0ms&#8221; global_colors_info=&#8221;{}&#8221;]<\/p>\n<p>Margit sweater finns i sju storlekar XS, S (M, L, XL) 2XL, 3XL och stickas uppifr\u00e5n och ner med ett rill-m\u00f6nster p\u00e5<br \/>b\u00e5de ok, kropp och \u00e4rmar. Margit stickas uppifr\u00e5n och ner och \u00e4r stickad i ett DK- garn med str\u00e4ckningen 250 m\/100 g.<br \/>Sara har anv\u00e4nt Fru Valborgs garn Allis DK, 250 m\/100 g (50 % alpacka, 25 % lin och 25 % silke) men du kan givetvis sticka den i ett annat garn med samma str\u00e4ckning\/100 m.<\/p>\n<p>[\/et_pb_text][\/et_pb_column][\/et_pb_row][\/et_pb_section]<\/p>\n","protected":false},"excerpt":{"rendered":"<p>Pattern of the month AprilSign up as a subscriber and get access to a new exclusive pattern every month.April&#8217;s pattern of the month: An idea that became a failed school project, an idea that lived on and it chafed. Started over, looked for yarn, changed the design, changed the details. Started all over again. Then [&hellip;]<\/p>\n","protected":false},"author":210795964,"featured_media":0,"parent":0,"menu_order":0,"comment_status":"closed","ping_status":"closed","template":"","meta":{"_et_pb_use_builder":"on","_et_pb_old_content":"","_et_gb_content_width":"","_coblocks_attr":"","_coblocks_dimensions":"","_coblocks_responsive_height":"","_coblocks_accordion_ie_support":"","_crdt_document":"","om_disable_all_campaigns":false,"_monsterinsights_skip_tracking":false,"_monsterinsights_sitenote_active":false,"_monsterinsights_sitenote_note":"","_monsterinsights_sitenote_category":0,"footnotes":""},"class_list":["post-41221","page","type-page","status-publish","hentry"],"aioseo_notices":[],"jetpack_sharing_enabled":true,"jetpack_shortlink":"https:\/\/wp.me\/Pdis0y-aIR","amp_enabled":true,"_links":{"self":[{"href":"https:\/\/nordicknittingsociety.com\/en\/wp-json\/wp\/v2\/pages\/41221","targetHints":{"allow":["GET"]}}],"collection":[{"href":"https:\/\/nordicknittingsociety.com\/en\/wp-json\/wp\/v2\/pages"}],"about":[{"href":"https:\/\/nordicknittingsociety.com\/en\/wp-json\/wp\/v2\/types\/page"}],"author":[{"embeddable":true,"href":"https:\/\/nordicknittingsociety.com\/en\/wp-json\/wp\/v2\/users\/210795964"}],"replies":[{"embeddable":true,"href":"https:\/\/nordicknittingsociety.com\/en\/wp-json\/wp\/v2\/comments?post=41221"}],"version-history":[{"count":5,"href":"https:\/\/nordicknittingsociety.com\/en\/wp-json\/wp\/v2\/pages\/41221\/revisions"}],"predecessor-version":[{"id":41229,"href":"https:\/\/nordicknittingsociety.com\/en\/wp-json\/wp\/v2\/pages\/41221\/revisions\/41229"}],"wp:attachment":[{"href":"https:\/\/nordicknittingsociety.com\/en\/wp-json\/wp\/v2\/media?parent=41221"}],"curies":[{"name":"wp","href":"https:\/\/api.w.org\/{rel}","templated":true}]}}